{"id":48,"date":"2024-03-13T15:39:14","date_gmt":"2024-03-13T15:39:14","guid":{"rendered":"https:\/\/smpatelier.co.uk\/?page_id=48"},"modified":"2024-08-27T19:50:29","modified_gmt":"2024-08-27T12:50:29","slug":"gioi-thieu","status":"publish","type":"page","link":"https:\/\/demos.thietkewebphumy.com\/taxi\/taxi-xanhsm\/gioi-thieu\/","title":{"rendered":"Gi\u1edbi thi\u1ec7u"},"content":{"rendered":"<div class=\"slider-wrapper relative\" id=\"slider-1651284127\" >\n    <div class=\"slider slider-nav-circle slider-nav-large slider-nav-light slider-style-normal\"\n        data-flickity-options='{\n            \"cellAlign\": \"center\",\n            \"imagesLoaded\": true,\n            \"lazyLoad\": 1,\n            \"freeScroll\": false,\n            \"wrapAround\": true,\n            \"autoPlay\": 6000,\n            \"pauseAutoPlayOnHover\" : true,\n            \"prevNextButtons\": true,\n            \"contain\" : true,\n            \"adaptiveHeight\" : true,\n            \"dragThreshold\" : 10,\n            \"percentPosition\": true,\n            \"pageDots\": true,\n            \"rightToLeft\": false,\n            \"draggable\": true,\n            \"selectedAttraction\": 0.1,\n            \"parallax\" : 0,\n            \"friction\": 0.6        }'\n        >\n        \n\n\t<div class=\"img has-hover x md-x lg-x y md-y lg-y\" id=\"image_222857004\">\n\t\t\t\t\t\t\t\t<div class=\"img-inner dark\" >\n\t\t\t<img loading=\"lazy\" decoding=\"async\" width=\"1020\" height=\"350\" src=\"https:\/\/demos.thietkewebphumy.com\/taxi\/taxi-xanhsm\/wp-content\/uploads\/2024\/08\/taxi-xanh-sm-slider-1400x481.jpg\" class=\"attachment-large size-large\" alt=\"\" srcset=\"https:\/\/demos.thietkewebphumy.com\/taxi\/taxi-xanhsm\/wp-content\/uploads\/2024\/08\/taxi-xanh-sm-slider-1400x481.jpg 1400w, https:\/\/demos.thietkewebphumy.com\/taxi\/taxi-xanhsm\/wp-content\/uploads\/2024\/08\/taxi-xanh-sm-slider-800x275.jpg 800w, https:\/\/demos.thietkewebphumy.com\/taxi\/taxi-xanhsm\/wp-content\/uploads\/2024\/08\/taxi-xanh-sm-slider-768x264.jpg 768w, https:\/\/demos.thietkewebphumy.com\/taxi\/taxi-xanhsm\/wp-content\/uploads\/2024\/08\/taxi-xanh-sm-slider-1536x527.jpg 1536w, https:\/\/demos.thietkewebphumy.com\/taxi\/taxi-xanhsm\/wp-content\/uploads\/2024\/08\/taxi-xanh-sm-slider-600x206.jpg 600w, https:\/\/demos.thietkewebphumy.com\/taxi\/taxi-xanhsm\/wp-content\/uploads\/2024\/08\/taxi-xanh-sm-slider.jpg 1952w\" sizes=\"auto, (max-width: 1020px) 100vw, 1020px\" \/>\t\t\t\t\t\t\n\t\t\t\t\t<\/div>\n\t\t\t\t\t\t\t\t\n<style>\n#image_222857004 {\n  width: 100%;\n}\n<\/style>\n\t<\/div>\n\t\n\n\n     <\/div>\n\n     <div class=\"loading-spin dark large centered\"><\/div>\n\n\t<\/div>\n\n\n\n\t<section class=\"section\" id=\"section_1479810115\">\n\t\t<div class=\"section-bg fill\" >\n\t\t\t\t\t\t\t\t\t\n\t\t\t\n\n\t\t<\/div>\n\n\t\t\n\n\t\t<div class=\"section-content relative\">\n\t\t\t\n\n<div class=\"row\" style=\"max-width:1200px\" id=\"row-805449843\">\n\n\n\t<div id=\"col-27432446\" class=\"col small-12 large-12\"  >\n\t\t\t\t<div class=\"col-inner\"  >\n\t\t\t\n\t\t\t\n\n<p><strong>D\u1ecbch v\u1ee5 Taxi t\u1eeb Ph\u00fa M\u1ef9 \u0111\u1ebfn S\u00e2n Bay<\/strong><\/p>\n<p>N\u1ebfu b\u1ea1n c\u1ea7n di chuy\u1ec3n t\u1eeb Ph\u00fa M\u1ef9, B\u00e0 R\u1ecba &#8211; V\u0169ng T\u00e0u \u0111\u1ebfn s\u00e2n bay, ch\u00fang t\u00f4i cung c\u1ea5p d\u1ecbch v\u1ee5 taxi chuy\u00ean nghi\u1ec7p v\u00e0 \u0111\u00e1ng tin c\u1eady \u0111\u1ec3 \u0111\u1ea3m b\u1ea3o b\u1ea1n c\u00f3 m\u1ed9t chuy\u1ebfn \u0111i su\u00f4n s\u1ebb v\u00e0 \u0111\u00fang gi\u1edd. \u0110\u1ed9i ng\u0169 t\u00e0i x\u1ebf c\u1ee7a ch\u00fang t\u00f4i \u0111\u01b0\u1ee3c \u0111\u00e0o t\u1ea1o b\u00e0i b\u1ea3n v\u00e0 c\u00f3 nhi\u1ec1u kinh nghi\u1ec7m, \u0111\u1ea3m b\u1ea3o s\u1ef1 an to\u00e0n v\u00e0 tho\u1ea3i m\u00e1i t\u1ed1i \u0111a trong su\u1ed1t h\u00e0nh tr\u00ecnh. Nh\u1eefng chi\u1ebfc taxi c\u1ee7a ch\u00fang t\u00f4i \u0111\u1ec1u \u0111\u01b0\u1ee3c b\u1ea3o tr\u00ec \u0111\u1ecbnh k\u1ef3 v\u00e0 trang b\u1ecb \u0111\u1ea7y \u0111\u1ee7 ti\u1ec7n nghi \u0111\u1ec3 b\u1ea1n c\u00f3 th\u1ec3 th\u01b0 gi\u00e3n v\u00e0 chu\u1ea9n b\u1ecb cho chuy\u1ebfn bay c\u1ee7a m\u00ecnh. Ch\u00fang t\u00f4i hi\u1ec3u r\u1eb1ng vi\u1ec7c di chuy\u1ec3n \u0111\u1ebfn s\u00e2n bay c\u1ea7n s\u1ef1 ch\u00ednh x\u00e1c v\u00e0 k\u1ecbp th\u1eddi, v\u00ec v\u1eady ch\u00fang t\u00f4i lu\u00f4n ch\u1ee7 \u0111\u1ed9ng theo d\u00f5i t\u00ecnh h\u00ecnh giao th\u00f4ng \u0111\u1ec3 ch\u1ecdn l\u1ed9 tr\u00ecnh t\u1ed1t nh\u1ea5t, gi\u00fap b\u1ea1n tr\u00e1nh \u0111\u01b0\u1ee3c c\u00e1c t\u00ecnh tr\u1ea1ng t\u1eafc \u0111\u01b0\u1eddng kh\u00f4ng mong mu\u1ed1n.<\/p>\n<p><strong>D\u1ecbch v\u1ee5 Taxi \u0111\u1ebfn B\u1ec7nh Vi\u1ec7n<\/strong><\/p>\n<p>Ch\u00fang t\u00f4i c\u0169ng cung c\u1ea5p d\u1ecbch v\u1ee5 taxi \u0111\u1eb7c bi\u1ec7t cho nh\u1eefng tr\u01b0\u1eddng h\u1ee3p c\u1ea7n \u0111\u1ebfn c\u00e1c b\u1ec7nh vi\u1ec7n. D\u1ecbch v\u1ee5 n\u00e0y \u0111\u01b0\u1ee3c thi\u1ebft k\u1ebf \u0111\u1ec3 h\u1ed7 tr\u1ee3 b\u1ea1n trong nh\u1eefng l\u00fac kh\u1ea9n c\u1ea5p ho\u1eb7c khi c\u1ea7n \u0111i kh\u00e1m ch\u1eefa b\u1ec7nh \u0111\u1ecbnh k\u1ef3. Ch\u00fang t\u00f4i \u0111\u1ea3m b\u1ea3o xe c\u1ee7a ch\u00fang t\u00f4i s\u1ea1ch s\u1ebd, tho\u1ea3i m\u00e1i v\u00e0 lu\u00f4n s\u1eb5n s\u00e0ng ph\u1ee5c v\u1ee5 b\u1ea1n ngay khi c\u1ea7n. T\u00e0i x\u1ebf c\u1ee7a ch\u00fang t\u00f4i kh\u00f4ng ch\u1ec9 chuy\u00ean nghi\u1ec7p m\u00e0 c\u00f2n th\u00e2n thi\u1ec7n, s\u1eb5n s\u00e0ng h\u1ed7 tr\u1ee3 b\u1ea1n trong m\u1ecdi t\u00ecnh hu\u1ed1ng, \u0111\u1ea3m b\u1ea3o chuy\u1ebfn \u0111i c\u1ee7a b\u1ea1n \u0111\u1ebfn b\u1ec7nh vi\u1ec7n l\u00e0 an to\u00e0n v\u00e0 nh\u1eb9 nh\u00e0ng nh\u1ea5t c\u00f3 th\u1ec3. \u0110\u1eb7c bi\u1ec7t, ch\u00fang t\u00f4i c\u0169ng c\u00f3 th\u1ec3 s\u1eafp x\u1ebfp xe v\u1edbi kh\u00f4ng gian r\u1ed9ng r\u00e3i h\u01a1n n\u1ebfu b\u1ea1n c\u1ea7n h\u1ed7 tr\u1ee3 cho ng\u01b0\u1eddi b\u1ec7nh di chuy\u1ec3n c\u00f9ng ng\u01b0\u1eddi th\u00e2n.<\/p>\n\t<div id=\"text-1847273386\" class=\"text\">\n\t\t\n\n\n\t\t\n<style>\n#text-1847273386 {\n  font-size: 1.75rem;\n  text-align: center;\n}\n<\/style>\n\t<\/div>\n\t\n\n\t\t<\/div>\n\t\t\t\t\t<\/div>\n\n\t\n\n<\/div>\n\n\t\t<\/div>\n\n\t\t\n<style>\n#section_1479810115 {\n  padding-top: 30px;\n  padding-bottom: 30px;\n  background-color: rgb(255,255,255);\n}\n<\/style>\n\t<\/section>\n\t\n\n\t<section class=\"section\" id=\"section_64303014\">\n\t\t<div class=\"section-bg fill\" >\n\t\t\t\t\t\t\t\t\t\n\t\t\t\n\n\t\t<\/div>\n\n\t\t\n\n\t\t<div class=\"section-content relative\">\n\t\t\t\n\n<div class=\"row\" style=\"max-width:1200px\" id=\"row-700532606\">\n\n\n\t<div id=\"col-1151593009\" class=\"col small-12 large-12\"  >\n\t\t\t\t<div class=\"col-inner\"  >\n\t\t\t\n\t\t\t\n\n\t<div id=\"text-1698036075\" class=\"text\">\n\t\t\n\n<p><strong>D\u1ecbch v\u1ee5 Xe H\u1ee3p \u0110\u1ed3ng 24\/7<\/strong><\/p>\n<p>D\u1ecbch v\u1ee5 xe h\u1ee3p \u0111\u1ed3ng c\u1ee7a ch\u00fang t\u00f4i ho\u1ea1t \u0111\u1ed9ng 24\/7, \u0111\u00e1p \u1ee9ng nhu c\u1ea7u di chuy\u1ec3n linh ho\u1ea1t c\u1ee7a kh\u00e1ch h\u00e0ng b\u1ea5t k\u1ec3 th\u1eddi gian n\u00e0o trong ng\u00e0y. D\u1ecbch v\u1ee5 n\u00e0y r\u1ea5t ph\u00f9 h\u1ee3p cho c\u00e1c c\u00e1 nh\u00e2n, doanh nghi\u1ec7p ho\u1eb7c t\u1ed5 ch\u1ee9c c\u1ea7n m\u1ed9t ph\u01b0\u01a1ng ti\u1ec7n di chuy\u1ec3n \u1ed5n \u0111\u1ecbnh v\u00e0 \u0111\u00e1ng tin c\u1eady cho c\u00e1c s\u1ef1 ki\u1ec7n, c\u00f4ng vi\u1ec7c, ho\u1eb7c nh\u1eefng chuy\u1ebfn \u0111i d\u00e0i h\u1ea1n. Ch\u00fang t\u00f4i cung c\u1ea5p c\u00e1c l\u1ef1a ch\u1ecdn xe t\u1eeb 4 ch\u1ed7 \u0111\u1ebfn 7 ch\u1ed7 v\u00e0 h\u01a1n, gi\u00fap b\u1ea1n d\u1ec5 d\u00e0ng l\u1ef1a ch\u1ecdn ph\u01b0\u01a1ng ti\u1ec7n ph\u00f9 h\u1ee3p v\u1edbi nhu c\u1ea7u c\u1ee7a m\u00ecnh. \u0110\u1ed9i ng\u0169 t\u00e0i x\u1ebf c\u1ee7a ch\u00fang t\u00f4i s\u1ebd l\u00e0m vi\u1ec7c c\u00f9ng b\u1ea1n \u0111\u1ec3 l\u1eadp k\u1ebf ho\u1ea1ch v\u00e0 l\u1ecbch tr\u00ecnh c\u1ee5 th\u1ec3, \u0111\u1ea3m b\u1ea3o r\u1eb1ng t\u1ea5t c\u1ea3 c\u00e1c y\u00eau c\u1ea7u c\u1ee7a b\u1ea1n \u0111\u01b0\u1ee3c \u0111\u00e1p \u1ee9ng m\u1ed9t c\u00e1ch t\u1ed1t nh\u1ea5t.<\/p>\n<p><strong>D\u1ecbch v\u1ee5 \u0110i T\u1ec9nh L\u00e2n C\u1eadn<\/strong><\/p>\n<p>Ngo\u00e0i c\u00e1c d\u1ecbch v\u1ee5 tr\u00ean, ch\u00fang t\u00f4i c\u00f2n cung c\u1ea5p d\u1ecbch v\u1ee5 taxi \u0111i t\u1ec9nh l\u00e2n c\u1eadn t\u1eeb Ph\u00fa M\u1ef9, B\u00e0 R\u1ecba &#8211; V\u0169ng T\u00e0u. B\u1ea1n c\u00f3 th\u1ec3 y\u00ean t\u00e2m r\u1eb1ng chuy\u1ebfn \u0111i c\u1ee7a m\u00ecnh s\u1ebd \u0111\u01b0\u1ee3c th\u1ef1c hi\u1ec7n an to\u00e0n v\u00e0 nhanh ch\u00f3ng v\u1edbi s\u1ef1 h\u1ed7 tr\u1ee3 t\u1eeb \u0111\u1ed9i ng\u0169 t\u00e0i x\u1ebf gi\u00e0u kinh nghi\u1ec7m c\u1ee7a ch\u00fang t\u00f4i. D\u1ecbch v\u1ee5 n\u00e0y r\u1ea5t ti\u1ec7n l\u1ee3i cho nh\u1eefng ai c\u00f3 nhu c\u1ea7u di chuy\u1ec3n gi\u1eefa c\u00e1c t\u1ec9nh th\u00e0nh g\u1ea7n nhau, kh\u00f4ng c\u1ea7n ph\u1ea3i lo l\u1eafng v\u1ec1 vi\u1ec7c t\u00ecm ki\u1ebfm ph\u01b0\u01a1ng ti\u1ec7n hay k\u1ebf ho\u1ea1ch di chuy\u1ec3n. Ch\u00fang t\u00f4i cam k\u1ebft cung c\u1ea5p d\u1ecbch v\u1ee5 v\u1edbi m\u1ee9c gi\u00e1 h\u1ee3p l\u00fd, minh b\u1ea1ch v\u00e0 kh\u00f4ng ph\u00e1t sinh th\u00eam chi ph\u00ed, gi\u00fap b\u1ea1n c\u00f3 m\u1ed9t chuy\u1ebfn \u0111i tho\u1ea3i m\u00e1i v\u00e0 ti\u1ebft ki\u1ec7m.<\/p>\n\t\t\n<style>\n#text-1698036075 {\n  color: rgb(255,255,255);\n}\n#text-1698036075 > * {\n  color: rgb(255,255,255);\n}\n<\/style>\n\t<\/div>\n\t\n\n\t\t<\/div>\n\t\t\t\t\t<\/div>\n\n\t\n\n<\/div>\n\t<div id=\"gap-927679909\" class=\"gap-element clearfix\" style=\"display:block; height:auto;\">\n\t\t\n<style>\n#gap-927679909 {\n  padding-top: 30px;\n}\n<\/style>\n\t<\/div>\n\t\n\n\n\t\t<\/div>\n\n\t\t\n<style>\n#section_64303014 {\n  padding-top: 30px;\n  padding-bottom: 30px;\n  background-color: #05bccd;\n}\n<\/style>\n\t<\/section>\n\t\n\n\t<section class=\"section\" id=\"section_2007021978\">\n\t\t<div class=\"section-bg fill\" >\n\t\t\t\t\t\t\t\t\t\n\t\t\t\n\n\t\t<\/div>\n\n\t\t\n\n\t\t<div class=\"section-content relative\">\n\t\t\t\n\n<div class=\"row\" style=\"max-width:1200px\" id=\"row-1563741138\">\n\n\n\t<div id=\"col-451916402\" class=\"col small-12 large-12\"  >\n\t\t\t\t<div class=\"col-inner\"  >\n\t\t\t\n\t\t\t\n\n<p><strong>T\u1ea1i sao ch\u1ecdn ch\u00fang t\u00f4i?<\/strong><\/p>\n<p>Ch\u00fang t\u00f4i kh\u00f4ng ch\u1ec9 cung c\u1ea5p d\u1ecbch v\u1ee5 taxi m\u00e0 c\u00f2n l\u00e0 \u0111\u1ed1i t\u00e1c tin c\u1eady trong m\u1ed7i chuy\u1ebfn \u0111i c\u1ee7a b\u1ea1n. V\u1edbi s\u1ef1 ch\u00fa tr\u1ecdng \u0111\u1ebfn s\u1ef1 h\u00e0i l\u00f2ng c\u1ee7a kh\u00e1ch h\u00e0ng v\u00e0 ch\u1ea5t l\u01b0\u1ee3ng d\u1ecbch v\u1ee5, ch\u00fang t\u00f4i lu\u00f4n n\u1ed7 l\u1ef1c kh\u00f4ng ng\u1eebng \u0111\u1ec3 c\u1ea3i thi\u1ec7n v\u00e0 \u0111\u00e1p \u1ee9ng t\u1ed1t nh\u1ea5t m\u1ecdi nhu c\u1ea7u c\u1ee7a b\u1ea1n. \u0110\u1ed9i ng\u0169 t\u00e0i x\u1ebf c\u1ee7a ch\u00fang t\u00f4i l\u00e0 nh\u1eefng ng\u01b0\u1eddi t\u1eadn t\u00e2m, chuy\u00ean nghi\u1ec7p v\u00e0 s\u1eb5n s\u00e0ng h\u1ed7 tr\u1ee3 b\u1ea1n m\u1ecdi l\u00fac, m\u1ecdi n\u01a1i.<\/p>\n<p>D\u1ecbch v\u1ee5 taxi c\u1ee7a ch\u00fang t\u00f4i t\u1ea1i Ph\u00fa M\u1ef9, B\u00e0 R\u1ecba &#8211; V\u0169ng T\u00e0u kh\u00f4ng ch\u1ec9 l\u00e0 l\u1ef1a ch\u1ecdn ti\u1ec7n l\u1ee3i m\u00e0 c\u00f2n l\u00e0 s\u1ef1 \u0111\u1ea3m b\u1ea3o cho m\u1ed7i chuy\u1ebfn \u0111i c\u1ee7a b\u1ea1n. H\u00e3y \u0111\u1ec3 ch\u00fang t\u00f4i tr\u1edf th\u00e0nh ng\u01b0\u1eddi b\u1ea1n \u0111\u1ed3ng h\u00e0nh \u0111\u00e1ng tin c\u1eady trong m\u1ecdi h\u00e0nh tr\u00ecnh c\u1ee7a b\u1ea1n.<\/p>\n\t<div id=\"text-1101908180\" class=\"text\">\n\t\t\n\n\n\t\t\n<style>\n#text-1101908180 {\n  font-size: 1.75rem;\n  text-align: center;\n}\n<\/style>\n\t<\/div>\n\t\n\n\t\t<\/div>\n\t\t\t\t\t<\/div>\n\n\t\n\n<\/div>\n\t<div id=\"gap-74801663\" class=\"gap-element clearfix\" style=\"display:block; height:auto;\">\n\t\t\n<style>\n#gap-74801663 {\n  padding-top: 30px;\n}\n<\/style>\n\t<\/div>\n\t\n\n\n\t\t<\/div>\n\n\t\t\n<style>\n#section_2007021978 {\n  padding-top: 30px;\n  padding-bottom: 30px;\n  background-color: rgb(255,255,255);\n}\n<\/style>\n\t<\/section>\n\t\n\n\t<section class=\"section\" id=\"section_2118467129\">\n\t\t<div class=\"section-bg fill\" >\n\t\t\t\t\t\t\t\t\t\n\t\t\t\n\n\t\t<\/div>\n\n\t\t\n\n\t\t<div class=\"section-content relative\">\n\t\t\t\n\n<div class=\"row align-bottom\"  id=\"row-1687094392\">\n\n\n\t<div id=\"col-527999896\" class=\"col medium-12 small-12 large-12\"  >\n\t\t\t\t<div class=\"col-inner text-center\"  >\n\t\t\t\n\t\t\t\n\n\t<div id=\"text-485378499\" class=\"text\">\n\t\t\n\n<h1>TAXI PH\u00da M\u1ef8<\/h1>\n<p>\u201c\u0110\u01b0a b\u1ea1n \u0111\u1ebfn n\u01a1i b\u1ea1n c\u1ea7n \u0111\u1ebfn m\u1ed9t c\u00e1ch an to\u00e0n v\u00e0 \u0110\u00daNG GI\u1edc\u201d<\/p>\n\t\t\n<style>\n#text-485378499 {\n  font-size: 1.75rem;\n  line-height: 2.4;\n  text-align: center;\n  color: rgb(255,255,255);\n}\n#text-485378499 > * {\n  color: rgb(255,255,255);\n}\n@media (min-width:550px) {\n  #text-485378499 {\n    font-size: 1.25rem;\n  }\n}\n<\/style>\n\t<\/div>\n\t\n<div class=\"row\"  id=\"row-330980179\">\n\n\n\t<div id=\"col-1585002314\" class=\"col medium-4 small-12 large-4\"  >\n\t\t\t\t<div class=\"col-inner\"  >\n\t\t\t\n\t\t\t\n\n\t<div class=\"img has-hover x md-x lg-x y md-y lg-y\" id=\"image_515767315\">\n\t\t<a class=\"image-lightbox lightbox-gallery\" title=\"\" href=\"https:\/\/demos.thietkewebphumy.com\/taxi\/taxi-xanhsm\/wp-content\/uploads\/2024\/08\/taxi_service_-1-1.jpg\">\t\t\t\t\t\t<div class=\"img-inner dark\" >\n\t\t\t<img loading=\"lazy\" decoding=\"async\" width=\"800\" height=\"800\" src=\"https:\/\/demos.thietkewebphumy.com\/taxi\/taxi-xanhsm\/wp-content\/uploads\/2024\/08\/taxi_service_-1-1-800x800.jpg\" class=\"attachment-large size-large\" alt=\"\" srcset=\"https:\/\/demos.thietkewebphumy.com\/taxi\/taxi-xanhsm\/wp-content\/uploads\/2024\/08\/taxi_service_-1-1-800x800.jpg 800w, https:\/\/demos.thietkewebphumy.com\/taxi\/taxi-xanhsm\/wp-content\/uploads\/2024\/08\/taxi_service_-1-1-400x400.jpg 400w, https:\/\/demos.thietkewebphumy.com\/taxi\/taxi-xanhsm\/wp-content\/uploads\/2024\/08\/taxi_service_-1-1-280x280.jpg 280w, https:\/\/demos.thietkewebphumy.com\/taxi\/taxi-xanhsm\/wp-content\/uploads\/2024\/08\/taxi_service_-1-1-768x768.jpg 768w, https:\/\/demos.thietkewebphumy.com\/taxi\/taxi-xanhsm\/wp-content\/uploads\/2024\/08\/taxi_service_-1-1-300x300.jpg 300w, https:\/\/demos.thietkewebphumy.com\/taxi\/taxi-xanhsm\/wp-content\/uploads\/2024\/08\/taxi_service_-1-1-600x600.jpg 600w, https:\/\/demos.thietkewebphumy.com\/taxi\/taxi-xanhsm\/wp-content\/uploads\/2024\/08\/taxi_service_-1-1-100x100.jpg 100w, https:\/\/demos.thietkewebphumy.com\/taxi\/taxi-xanhsm\/wp-content\/uploads\/2024\/08\/taxi_service_-1-1.jpg 1080w\" sizes=\"auto, (max-width: 800px) 100vw, 800px\" \/>\t\t\t\t\t\t\n\t\t\t\t\t<\/div>\n\t\t\t\t\t\t<\/a>\t\t\n<style>\n#image_515767315 {\n  width: 100%;\n}\n<\/style>\n\t<\/div>\n\t\n\n\n\t\t<\/div>\n\t\t\t\t\t<\/div>\n\n\t\n\n\t<div id=\"col-767630837\" class=\"col medium-4 small-12 large-4\"  >\n\t\t\t\t<div class=\"col-inner\"  >\n\t\t\t\n\t\t\t\n\n\t<div class=\"img has-hover x md-x lg-x y md-y lg-y\" id=\"image_1379770667\">\n\t\t<a class=\"image-lightbox lightbox-gallery\" title=\"\" href=\"https:\/\/demos.thietkewebphumy.com\/taxi\/taxi-xanhsm\/wp-content\/uploads\/2024\/08\/taxi_service_-3-1.jpg\">\t\t\t\t\t\t<div class=\"img-inner dark\" >\n\t\t\t<img loading=\"lazy\" decoding=\"async\" width=\"800\" height=\"800\" src=\"https:\/\/demos.thietkewebphumy.com\/taxi\/taxi-xanhsm\/wp-content\/uploads\/2024\/08\/taxi_service_-3-1-800x800.jpg\" class=\"attachment-large size-large\" alt=\"\" srcset=\"https:\/\/demos.thietkewebphumy.com\/taxi\/taxi-xanhsm\/wp-content\/uploads\/2024\/08\/taxi_service_-3-1-800x800.jpg 800w, https:\/\/demos.thietkewebphumy.com\/taxi\/taxi-xanhsm\/wp-content\/uploads\/2024\/08\/taxi_service_-3-1-400x400.jpg 400w, https:\/\/demos.thietkewebphumy.com\/taxi\/taxi-xanhsm\/wp-content\/uploads\/2024\/08\/taxi_service_-3-1-280x280.jpg 280w, https:\/\/demos.thietkewebphumy.com\/taxi\/taxi-xanhsm\/wp-content\/uploads\/2024\/08\/taxi_service_-3-1-768x768.jpg 768w, https:\/\/demos.thietkewebphumy.com\/taxi\/taxi-xanhsm\/wp-content\/uploads\/2024\/08\/taxi_service_-3-1-300x300.jpg 300w, https:\/\/demos.thietkewebphumy.com\/taxi\/taxi-xanhsm\/wp-content\/uploads\/2024\/08\/taxi_service_-3-1-600x600.jpg 600w, https:\/\/demos.thietkewebphumy.com\/taxi\/taxi-xanhsm\/wp-content\/uploads\/2024\/08\/taxi_service_-3-1-100x100.jpg 100w, https:\/\/demos.thietkewebphumy.com\/taxi\/taxi-xanhsm\/wp-content\/uploads\/2024\/08\/taxi_service_-3-1.jpg 1080w\" sizes=\"auto, (max-width: 800px) 100vw, 800px\" \/>\t\t\t\t\t\t\n\t\t\t\t\t<\/div>\n\t\t\t\t\t\t<\/a>\t\t\n<style>\n#image_1379770667 {\n  width: 100%;\n}\n<\/style>\n\t<\/div>\n\t\n\n\n\t\t<\/div>\n\t\t\t\t\t<\/div>\n\n\t\n\n\t<div id=\"col-694572964\" class=\"col medium-4 small-12 large-4\"  >\n\t\t\t\t<div class=\"col-inner\"  >\n\t\t\t\n\t\t\t\n\n\t<div class=\"img has-hover x md-x lg-x y md-y lg-y\" id=\"image_1261715387\">\n\t\t<a class=\"image-lightbox lightbox-gallery\" title=\"\" href=\"https:\/\/demos.thietkewebphumy.com\/taxi\/taxi-xanhsm\/wp-content\/uploads\/2024\/08\/taxi_service_-2-1.jpg\">\t\t\t\t\t\t<div class=\"img-inner dark\" >\n\t\t\t<img loading=\"lazy\" decoding=\"async\" width=\"800\" height=\"800\" src=\"https:\/\/demos.thietkewebphumy.com\/taxi\/taxi-xanhsm\/wp-content\/uploads\/2024\/08\/taxi_service_-2-1-800x800.jpg\" class=\"attachment-large size-large\" alt=\"\" srcset=\"https:\/\/demos.thietkewebphumy.com\/taxi\/taxi-xanhsm\/wp-content\/uploads\/2024\/08\/taxi_service_-2-1-800x800.jpg 800w, https:\/\/demos.thietkewebphumy.com\/taxi\/taxi-xanhsm\/wp-content\/uploads\/2024\/08\/taxi_service_-2-1-400x400.jpg 400w, https:\/\/demos.thietkewebphumy.com\/taxi\/taxi-xanhsm\/wp-content\/uploads\/2024\/08\/taxi_service_-2-1-280x280.jpg 280w, https:\/\/demos.thietkewebphumy.com\/taxi\/taxi-xanhsm\/wp-content\/uploads\/2024\/08\/taxi_service_-2-1-768x768.jpg 768w, https:\/\/demos.thietkewebphumy.com\/taxi\/taxi-xanhsm\/wp-content\/uploads\/2024\/08\/taxi_service_-2-1-300x300.jpg 300w, https:\/\/demos.thietkewebphumy.com\/taxi\/taxi-xanhsm\/wp-content\/uploads\/2024\/08\/taxi_service_-2-1-600x600.jpg 600w, https:\/\/demos.thietkewebphumy.com\/taxi\/taxi-xanhsm\/wp-content\/uploads\/2024\/08\/taxi_service_-2-1-100x100.jpg 100w, https:\/\/demos.thietkewebphumy.com\/taxi\/taxi-xanhsm\/wp-content\/uploads\/2024\/08\/taxi_service_-2-1.jpg 1080w\" sizes=\"auto, (max-width: 800px) 100vw, 800px\" \/>\t\t\t\t\t\t\n\t\t\t\t\t<\/div>\n\t\t\t\t\t\t<\/a>\t\t\n<style>\n#image_1261715387 {\n  width: 100%;\n}\n<\/style>\n\t<\/div>\n\t\n\n\n\t\t<\/div>\n\t\t\t\t\t<\/div>\n\n\t\n\n<\/div>\n\n\t\t<\/div>\n\t\t\t\t\t<\/div>\n\n\t\n\n<\/div>\n\n\t\t<\/div>\n\n\t\t\n<style>\n#section_2118467129 {\n  padding-top: 50px;\n  padding-bottom: 50px;\n  background-color: #05bccd;\n}\n<\/style>\n\t<\/section>\n\t","protected":false},"excerpt":{"rendered":"","protected":false},"author":1,"featured_media":0,"parent":0,"menu_order":0,"comment_status":"closed","ping_status":"closed","template":"page-blank.php","meta":{"footnotes":""},"class_list":["post-48","page","type-page","status-publish","hentry"],"_links":{"self":[{"href":"https:\/\/demos.thietkewebphumy.com\/taxi\/taxi-xanhsm\/wp-json\/wp\/v2\/pages\/48","targetHints":{"allow":["GET"]}}],"collection":[{"href":"https:\/\/demos.thietkewebphumy.com\/taxi\/taxi-xanhsm\/wp-json\/wp\/v2\/pages"}],"about":[{"href":"https:\/\/demos.thietkewebphumy.com\/taxi\/taxi-xanhsm\/wp-json\/wp\/v2\/types\/page"}],"author":[{"embeddable":true,"href":"https:\/\/demos.thietkewebphumy.com\/taxi\/taxi-xanhsm\/wp-json\/wp\/v2\/users\/1"}],"replies":[{"embeddable":true,"href":"https:\/\/demos.thietkewebphumy.com\/taxi\/taxi-xanhsm\/wp-json\/wp\/v2\/comments?post=48"}],"version-history":[{"count":225,"href":"https:\/\/demos.thietkewebphumy.com\/taxi\/taxi-xanhsm\/wp-json\/wp\/v2\/pages\/48\/revisions"}],"predecessor-version":[{"id":5686,"href":"https:\/\/demos.thietkewebphumy.com\/taxi\/taxi-xanhsm\/wp-json\/wp\/v2\/pages\/48\/revisions\/5686"}],"wp:attachment":[{"href":"https:\/\/demos.thietkewebphumy.com\/taxi\/taxi-xanhsm\/wp-json\/wp\/v2\/media?parent=48"}],"curies":[{"name":"wp","href":"https:\/\/api.w.org\/{rel}","templated":true}]}}