{"id":4382,"date":"2016-08-04T11:15:19","date_gmt":"2016-08-04T11:15:19","guid":{"rendered":"http:\/\/flatsome.dev\/?page_id=8412"},"modified":"2024-08-27T20:02:30","modified_gmt":"2024-08-27T13:02:30","slug":"dat-xe","status":"publish","type":"page","link":"https:\/\/demos.thietkewebphumy.com\/taxi\/taxi-xanhsm\/dat-xe\/","title":{"rendered":"\u0110\u1eb7t xe"},"content":{"rendered":"<div class=\"slider-wrapper relative\" id=\"slider-866885759\" >\n    <div class=\"slider slider-nav-circle slider-nav-large slider-nav-light slider-style-normal\"\n        data-flickity-options='{\n            \"cellAlign\": \"center\",\n            \"imagesLoaded\": true,\n            \"lazyLoad\": 1,\n            \"freeScroll\": false,\n            \"wrapAround\": true,\n            \"autoPlay\": 6000,\n            \"pauseAutoPlayOnHover\" : true,\n            \"prevNextButtons\": true,\n            \"contain\" : true,\n            \"adaptiveHeight\" : true,\n            \"dragThreshold\" : 10,\n            \"percentPosition\": true,\n            \"pageDots\": true,\n            \"rightToLeft\": false,\n            \"draggable\": true,\n            \"selectedAttraction\": 0.1,\n            \"parallax\" : 0,\n            \"friction\": 0.6        }'\n        >\n        \n\n\n  <div class=\"banner has-hover\" id=\"banner-1271379483\">\n          <div class=\"banner-inner fill\">\n        <div class=\"banner-bg fill\" >\n            <img loading=\"lazy\" decoding=\"async\" width=\"1020\" height=\"350\" src=\"https:\/\/demos.thietkewebphumy.com\/taxi\/taxi-xanhsm\/wp-content\/uploads\/2024\/08\/taxi-xanh-sm-slider-1400x481.jpg\" class=\"bg attachment-large size-large\" alt=\"\" \/>                                    \n                    <\/div>\n\t\t\n        <div class=\"banner-layers container\">\n            <div class=\"fill banner-link\"><\/div>            \n\n\n        <\/div>\n      <\/div>\n\n            \n<style>\n#banner-1271379483 {\n  padding-top: 400px;\n}\n<\/style>\n  <\/div>\n\n\n\n  <div class=\"banner has-hover\" id=\"banner-1609422744\">\n          <div class=\"banner-inner fill\">\n        <div class=\"banner-bg fill\" >\n            <img loading=\"lazy\" decoding=\"async\" width=\"1020\" height=\"350\" src=\"https:\/\/demos.thietkewebphumy.com\/taxi\/taxi-xanhsm\/wp-content\/uploads\/2024\/08\/taxi-xanh-sm-slider-1400x481.jpg\" class=\"bg attachment-large size-large\" alt=\"\" \/>                                    \n                    <\/div>\n\t\t\n        <div class=\"banner-layers container\">\n            <div class=\"fill banner-link\"><\/div>            \n\n\n        <\/div>\n      <\/div>\n\n            \n<style>\n#banner-1609422744 {\n  padding-top: 400px;\n}\n<\/style>\n  <\/div>\n\n\n\n     <\/div>\n\n     <div class=\"loading-spin dark large centered\"><\/div>\n\n\t<\/div>\n\n\n\n\t<section class=\"section\" id=\"section_313459899\">\n\t\t<div class=\"section-bg fill\" >\n\t\t\t\t\t\t\t\t\t\n\t\t\t\n\n\t\t<\/div>\n\n\t\t\n\n\t\t<div class=\"section-content relative\">\n\t\t\t\n\n<div class=\"row row-small row-full-width align-middle align-center\"  id=\"row-1804465258\">\n\n\n\t<div id=\"col-347636418\" class=\"col small-12 large-12\"  >\n\t\t\t\t<div class=\"col-inner\"  >\n\t\t\t\n\t\t\t\n\n\n\n\t<link rel=\"stylesheet\" href=\"https:\/\/cdn.jsdelivr.net\/npm\/bootstrap@4.3.1\/dist\/css\/bootstrap.min.css\" integrity=\"sha384-ggOyR0iXCbMQv3Xipma34MD+dH\/1fQ784\/j6cY\/iJTQUOhcWr7x9JvoRxT2MZw1T\" crossorigin=\"anonymous\">\n    <style>\n    <\/style>\n<div class=\"container\" id=\"dc-session\">\n  <div class=\"row\">\n    <div class=\"col-lg-5 col-md-12 col-sm-12\">\n\t\t<div id=\"dc-tabs\">\n\t\t\t<ul class=\"nav nav-tabs\">\n\t\t\t  <li class=\"nav-item\">\n\t\t\t\t<a id=\"default\"class=\"nav-link active\" aria-current=\"page\" href=\"#\"><i class=\"fas fa-car fa-icon\"><\/i> \u0110\u1eb7t xe<\/a>\n\t\t\t  <\/li>\n\t\t\t  <li class=\"nav-item\">\n\t\t\t\t<a id=\"airport\" class=\"nav-link\" href=\"#\"><i class=\"fas fa-plane fa-icon\"><\/i> S\u00e2n bay<\/a>\n\t\t\t  <\/li>\n\t\t\t  <li class=\"nav-item\">\n\t\t\t\t<a id=\"hospital\" class=\"nav-link\" href=\"#\"><i class=\"fas fa-hospital fa-icon\"><\/i> B\u1ec7nh vi\u1ec7n<\/a>\n\t\t\t  <\/li> \n\t\t\t  <!--li class=\"nav-item\">\n\t\t\t\t<a id=\"tour\" class=\"nav-link\" href=\"#\"><i class=\"fa fa-plus-square fa-icon\"><\/i><\/a>\n\t\t\t  <\/li--> \n\t\t\t<\/ul>\n\t\t<\/div>\n\t\t<form id=\"distance-calculator-form\">\n\t\t\t<div class=\"form-group\">\n\t\t\t\t<div class=\"form-row\" style=\" margin-bottom: -20px; \">\n\t\t\t\t\t<div class=\"form-group col-lg-8 col-md-8 col-sm-7 col-xs-6 col-6\">\n\t\t\t\t\t\t<label for=\"pickup-location\">\u0110\u00f3n kh\u00e1ch:<\/label>\n\t\t\t\t\t<\/div>\t\n\t\t\t\t\t<div class=\"form-group col-lg-4 col-md-4 col-sm-5 col-xs-6 col-6\">\n\t\t\t\t\t\t<a href=\"#\" class=\"show-map\" data-target=\"pickup\"><!--span class=\"hidden-mobile\">Hi\u1ec3n th\u1ecb<\/span-->B\u1ea3n \u0111\u1ed3<\/a>\n\t\t\t\t\t<\/div>\n\t\t\t\t<\/div>\t\t\t\n\t\t\t\t<div class=\"form-row\">\n\t\t\t\t\t<div class=\"input-group\">\n\t\t\t\t\t\t<i class=\"fas fa-map-marker-alt fa-icon\"><\/i>\n\t\t\t\t\t\t<input class=\"form-control\" type=\"text\" id=\"pickup-location\" name=\"pickup-location\">\n\t\t\t\t\t\t<input class=\"form-control\" type=\"hidden\" id=\"pickup-latlng\" name=\"pickup-latlng\">\n\t\t\t\t\t\t<i class=\"fas fa-street-view location-icon\" id=\"get-pickup-location\"><\/i>\n\t\t\t\t\t<\/div>\n\t\t\t\t<\/div>\t\n\t\t\t\t<span class=\"error-message\" id=\"pickup-location-error\"><\/span>\n\t\t\t<\/div>\t\t\n\t\t\t<div id=\"pickup-map-container\">\n\t\t\t\t<button id=\"confirm-pickup\" style=\"display: none;\">X\u00e1c nh\u1eadn <span class=\"hidden-mobile\">\u0110i\u1ec3m \u0111\u00f3n<\/span><\/button>\n\t\t\t\t<div id=\"pickup-map\" class=\"map-container\" style=\"height: 400px; margin-bottom: 20px; display: none;\"><\/div>\n\t\t\t<\/div>\t\t\t\n\t\t\t\n\t\t\t\n\t\t\t<div class=\"form-group\">\n\t\t\t\t<div class=\"form-row\" style=\" margin-bottom: -20px; \">\n\t\t\t\t\t<div class=\"form-group col-lg-8 col-md-8 col-sm-7 col-xs-6 col-6\">\n\t\t\t\t\t\t<label for=\"pickup-location\">Tr\u1ea3 kh\u00e1ch:<\/label>\n\t\t\t\t\t<\/div>\t\n\t\t\t\t\t<div class=\"form-group col-lg-4 col-md-4 col-sm-5 col-xs-6 col-6\">\n\t\t\t\t\t\t<a href=\"#\" class=\"show-map\" data-target=\"dropoff\"><!--span class=\"hidden-mobile\">Hi\u1ec3n th\u1ecb<\/span-->B\u1ea3n \u0111\u1ed3<\/a>\n\t\t\t\t\t<\/div>\n\t\t\t\t<\/div>\n\t\t\t\t<div class=\"form-row\">\n\t\t\t\t\t<div class=\"input-group\">\n\t\t\t\t\t\t<i class=\"fas fa-map-marker-alt fa-icon\" style=\"color:red;\"><\/i>\n\t\t\t\t\t\t<input class=\"form-control\" type=\"text\" id=\"dropoff-location\" name=\"dropoff-location\">\n\t\t\t\t\t\t<input class=\"form-control\" type=\"hidden\" id=\"dropoff-latlng\" name=\"dropoff-latlng\">\n\t\t\t\t\t\t<i class=\"fa fa-sort convert-icon\" id=\"get-convert-location\"><\/i>\n\t\t\t\t\t<\/div>\n\t\t\t\t<\/div>\n\t\t\t\t<span class=\"error-message\" id=\"dropoff-location-error\"><\/span>\n\t\t\t<\/div>\n\t\t\t<div id=\"dropoff-map-container\">\n\t\t\t\t<button id=\"confirm-dropoff\" style=\"display: none;\">X\u00e1c nh\u1eadn <span class=\"hidden-mobile\">\u0110i\u1ec3m tr\u1ea3<\/span><\/button>\n\t\t\t\t<div id=\"dropoff-map\" class=\"map-container\" style=\"height: 400px; margin-bottom: 20px; display: none;\"><\/div>\n\t\t\t<\/div>\n\t\t\t\n\t\t\t<div class=\"form-row\">\n\t\t\t\t<div class=\"form-group col-md-6\">\n\t\t\t\t\t<label for=\"car-type\">Lo\u1ea1i xe:<\/label>\n\t\t\t\t\t\n\n\t\t\t\t\t<div class=\"input-group\">\n\t\t\t\t\t\t<i class=\"fas fa-car fa-icon\"><\/i>\n\t\t\t\t\t\t<select class=\"form-control\" id=\"car-type\" name=\"car-type\">\n\t\t\t\t\t\t\t<option value=\"\">Ch\u1ecdn lo\u1ea1i xe<\/option>\n\t\t\t\t\t\t\t\t\t\t\t\t\t\t\t\t\t\t\t\t\t\t<option value=\"1\">Xe 5 ch\u1ed7 - Accent<\/option>\n\t\t\t\t\t\t\t\t\t\t\t\t\t\t\t\t<option value=\"2\">Xe 7 ch\u1ed7<\/option>\n\t\t\t\t\t\t\t\t\t\t\t\t\t\t\t\t<option value=\"3\">Xe 9 ch\u1ed7 - Starex<\/option>\n\t\t\t\t\t\t\t\t\t\t\t\t\t\t\t\t<option value=\"4\">Xe 5 ch\u1ed7 - Venus<\/option>\n\t\t\t\t\t\t\t\t\t\t\t\t\t\t\t\t<option value=\"9\">Xe 5 ch\u1ed7 - Civic<\/option>\n\t\t\t\t\t\t\t\t\t\t\t\t\t\t<\/select>\n\t\t\t\t\t<\/div>\n\t\t\t\t\t\n\t\t\t\t\t<!--div class=\"input-group\">\n\t\t\t\t\t\t<i class=\"fas fa-car fa-icon\"><\/i>\n\t\t\t\t\t\t<select class=\"form-control\" id=\"car-type\" name=\"car-type\">\n\t\t\t\t\t\t\t<option value=\"\">Ch\u1ecdn lo\u1ea1i xe<\/option>\n\t\t\t\t\t\t\t<option value=\"5\">Xe 5 ch\u1ed7<\/option>\n\t\t\t\t\t\t\t<option value=\"7\">Xe 7 ch\u1ed7<\/option>\n\t\t\t\t\t\t\t<option value=\"9\">Xe 9 ch\u1ed7<\/option>\n\t\t\t\t\t\t\t<option value=\"16\">Xe 16 ch\u1ed7<\/option>\n\t\t\t\t\t\t<\/select>\n\t\t\t\t\t<\/div-->\n\t\t\t\t\t<span class=\"error-message\" id=\"car-type-error\"><\/span>\n\t\t\t\t<\/div>\n\t\t\t\t<div class=\"form-group col-md-6\">\n\t\t\t\t\t<label for=\"trip-type\">D\u1ecbch v\u1ee5:<\/label>\n\t\t\t\t\t<div class=\"input-group\">\n\t\t\t\t\t\t<i class=\"fas fa-exchange-alt fa-icon\"><\/i>\n\t\t\t\t\t\t<select class=\"form-control\" id=\"trip-type\" name=\"trip-type\">\n\t\t\t\t\t\t\t<option value=\"\">Ch\u1ecdn d\u1ecbch v\u1ee5<\/option>\n\t\t\t\t\t\t\t<option value=\"1\">M\u1ed9t chi\u1ec1u<\/option>\n\t\t\t\t\t\t\t<option value=\"2\">Hai chi\u1ec1u<\/option>\n\t\t\t\t\t\t<\/select>\n\t\t\t\t\t<\/div>\n\t\t\t\t\t<span class=\"error-message\" id=\"trip-type-error\"><\/span>\n\t\t\t\t<\/div>\n\t\t\t<\/div>\t\t\t\t\t\n\t\t\t\n\t\t\t<div class=\"form-row\">\n\t\t\t\t<div class=\"form-group col-md-6\">\n\t\t\t\t\t<label for=\"trip-time\">Th\u1eddi gian \u0111i:<\/label>\n\t\t\t\t\t<div class=\"input-group\">\n\t\t\t\t\t\t<i class=\"far fa-calendar-alt fa-icon\"><\/i>\n\t\t\t\t\t\t<input class=\"form-control\" type=\"text\" placeholder=\"Ch\u1ecdn ng\u00e0y, gi\u1edd...\" readonly=\"readonly\" id=\"trip-time\" name=\"trip-time\">\n\t\t\t\t\t<\/div>\n\t\t\t\t\t<span class=\"error-message\" id=\"trip-time-error\"><\/span>\n\t\t\t\t<\/div>\n\t\t\t\t\n\t\t\t\t<div class=\"form-group col-md-6\">\n\t\t\t\t\t<label for=\"trip-waiting\">Th\u1eddi gian ch\u1edd:<\/label>\n\t\t\t\t\t<div class=\"input-group\">\n\t\t\t\t\t\t<i class=\"far fa-clock fa-icon\"><\/i>\n\t\t\t\t\t\t<select class=\"form-control\" id=\"trip-waiting\" name=\"trip-waiting\">\n\t\t\t\t\t\t\t<option value=\"0\">Kh\u00f4ng ch\u1edd<\/option>\n\t\t\t\t\t\t\t<option value=\"1\">Ch\u1edd 1 gi\u1edd<\/option>\n\t\t\t\t\t\t\t<option value=\"2\">Ch\u1edd 2 gi\u1edd<\/option>\n\t\t\t\t\t\t\t<option value=\"3\">Ch\u1edd 3 gi\u1edd<\/option>\n\t\t\t\t\t\t\t<option value=\"4\">Ch\u1edd 4 gi\u1edd<\/option>\n\t\t\t\t\t\t\t<option value=\"5\">Ch\u1edd 5 gi\u1edd<\/option>\n\t\t\t\t\t\t\t<option value=\"6\">Ch\u1edd 6 gi\u1edd<\/option>\n\t\t\t\t\t\t\t<option value=\"7\">Ch\u1edd 7 gi\u1edd<\/option>\n\t\t\t\t\t\t\t<option value=\"8\">Ch\u1edd 8 gi\u1edd<\/option>\n\t\t\t\t\t\t<\/select>                \n\t\t\t\t\t<\/div>\n\t\t\t\t\t<span class=\"error-message\" id=\"trip-waiting-error\"><\/span>\n\t\t\t\t<\/div>\n\t\t\t<\/div>\n\t\t\t\n\t\t\t\t\t\n\n\t\t\t<div class=\"form-group\">\n\t\t\t\t<button type=\"submit\" class=\"btn btn-success btn-lg btn-block\"><i class=\"fas fa-calculator\"><\/i> T\u00ednh to\u00e1n<\/button>\n\t\t\t<\/div>\n\t\t\t\n\t\t\t<div id=\"loading-overlay\">\n\t\t\t\t<div id=\"loading\">\n\t\t\t\t\t<!-- SVG inline -->\n\t\t\t\t\t<svg version=\"1.1\" id=\"location-icon\" xmlns=\"http:\/\/www.w3.org\/2000\/svg\" xmlns:xlink=\"http:\/\/www.w3.org\/1999\/xlink\"\n\t\t\t\t\t\tviewBox=\"0 0 40 40\" width=\"40px\" height=\"40px\" fill=\"#000\">\n\t\t\t\t\t\t<circle cx=\"20\" cy=\"20\" r=\"15\" stroke=\"#000\" stroke-width=\"2\" fill=\"none\">\n\t\t\t\t\t\t\t<animate attributeName=\"r\" from=\"15\" to=\"0\" dur=\"1s\" begin=\"0s\" repeatCount=\"indefinite\" \/>\n\t\t\t\t\t\t\t<animate attributeName=\"stroke-opacity\" from=\"1\" to=\"0\" dur=\"1s\" begin=\"0s\" repeatCount=\"indefinite\" \/>\n\t\t\t\t\t\t<\/circle>\n\t\t\t\t\t\t<circle cx=\"20\" cy=\"20\" r=\"10\" stroke=\"#000\" stroke-width=\"2\" fill=\"none\">\n\t\t\t\t\t\t\t<animate attributeName=\"r\" from=\"10\" to=\"0\" dur=\"1s\" begin=\"-0.5s\" repeatCount=\"indefinite\" \/>\n\t\t\t\t\t\t\t<animate attributeName=\"stroke-opacity\" from=\"1\" to=\"0\" dur=\"1s\" begin=\"-0.5s\" repeatCount=\"indefinite\" \/>\n\t\t\t\t\t\t<\/circle>\n\t\t\t\t\t<\/svg>\n\t\t\t\t\t<span class=\"loading-text\" id=\"loading-text\">\u0110ang x\u1eed l\u00fd...<\/span>\n\t\t\t\t<\/div>\n\t\t\t<\/div>\n\t\t<\/form>\t\t\n\t\t<div id=\"allmap\" style=\"height: 400px; display: none;\"><\/div>\n\t<\/div>\n    <div class=\"col-lg-7 col-md-12 col-sm-12\">\n\t  <div id=\"beforesubmit\">\n\t\t\n\t\t\t\t\n\t\t<div class=\"container ticket\" id=\"ticket\">\n\t\t  <div class=\"row\">\n\t\t\t<div class=\"col-12\">\n\t\t\t\t<div class=\"ticket-header\">\n\t\t\t\t\t<h1>H\u01b0\u1edbng d\u1eabn \u0111\u1eb7t xe<\/h1>\n\t\t\t\t<\/div>\n\t\t\t<\/div>\n\t\t  <\/div>\n\t\t  <div class=\"row ticket-body\">\n\t\t\t<div class=\"col-12\">\n\t\t\t\t<div class=\"container\">\n\t\t\t\t\n\t\t\t\t\t<div class=\"row\">\n\t\t\t\t\t\t<div class=\"col-12 ticket-info\">\n\t\t\t\t\t\t\t<div class=\"info-label\"><i class=\"fas fa-map-marker-alt fa-icon\"><\/i>Ch\u1ecdn \u0111\u1ecba ch\u1ec9 \u0111\u00f3n kh\u00e1ch v\u00e0 tr\u1ea3 kh\u00e1ch:<\/div>\n\t\t\t\t\t\t\t<div class=\"info-value\">Nh\u1eadp th\u00f4ng tin \u0111\u1ecba ch\u1ec9 ho\u1eb7c ch\u1ecdn tr\u1ef1c ti\u1ebfp tr\u00ean b\u1ea3n \u0111\u1ed3. <i style=\"color:red;\">Khuy\u1ebfn c\u00e1o: n\u00ean ch\u1ecdn v\u1ecb tr\u00ed tr\u00ean b\u1ea3n \u0111\u1ed3 cho ch\u00ednh x\u00e1c.<\/i><\/div>\n\t\t\t\t\t\t<\/div>\n\t\t\t\t\t<\/div>\n\t\t\t\t\t<div class=\"row\">\n\t\t\t\t\t\t<div class=\"col-12 ticket-info\">\n\t\t\t\t\t\t\t<div class=\"info-label\"><i class=\"fas fa-car fa-icon\"><\/i> Ch\u1ecdn lo\u1ea1i xe v\u00e0 d\u1ecbch v\u1ee5:<\/div>\n\t\t\t\t\t\t\t<div class=\"info-value\">Ch\u00fang t\u00f4i c\u00f3 c\u00e1c lo\u1ea1i xe 5 ch\u1ed7, 7 ch\u1ed7, 9 ch\u1ed7 ... s\u1eb5n s\u00e0ng \u0111\u1ec3 ph\u1ee5c v\u1ee5 qu\u00fd kh\u00e1ch.<\/div>\n\t\t\t\t\t\t<\/div>\n\t\t\t\t\t<\/div>\t\n\t\t\t\t\t<div class=\"row\">\n\t\t\t\t\t\t<div class=\"col-12 ticket-info\">\n\t\t\t\t\t\t\t<div class=\"info-label\"><i class=\"far fa-calendar-alt fa-icon\"><\/i> Ch\u1ecdn th\u1eddi gian \u0111i:<\/div>\n\t\t\t\t\t\t\t<div class=\"info-value\">Qu\u00fd kh\u00e1ch ph\u1ea3i ch\u1ecdn ng\u00e0y gi\u1edd v\u00e0 th\u1eddi gian c\u1ee5 th\u1ec3 \u0111\u1ec3 b\u1eaft \u0111\u1ea7u h\u00e0nh tr\u00ecnh. Ch\u1ec9 c\u1ea7n click v\u00e0o l\u1ecbch \u0111\u1ec3 ch\u1ecdn ng\u00e0y th\u00e1ng v\u00e0 khung gi\u1edd.<\/div>\n\t\t\t\t\t\t<\/div>\n\t\t\t\t\t<\/div>\t\n\t\t\t\t\t<div class=\"row\">\n\t\t\t\t\t\t<div class=\"col-12 ticket-info\">\n\t\t\t\t\t\t\t<div class=\"info-label\"><i class=\"far fa-clock fa-icon\"><\/i> Th\u1eddi gian ch\u1edd:<\/div>\n\t\t\t\t\t\t\t<div class=\"info-value\">Th\u00f4ng th\u01b0\u1eddng, c\u00e1c chuy\u1ebfn \u0111i hai chi\u1ec1u c\u1ea7n th\u1eddi gian \u0111\u1ec3 kh\u00e1ch h\u00e0ng x\u1eed l\u00fd c\u00f4ng vi\u1ec7c, n\u00ean th\u1eddi gian ch\u1edd l\u00e0 c\u1ea7n thi\u1ebft.<\/div>\n\t\t\t\t\t\t<\/div>\n\t\t\t\t\t<\/div>\t\n\t\t\t\t\t<div class=\"row\">\n\t\t\t\t\t\t<div class=\"col-12 ticket-info\">\n\t\t\t\t\t\t\t<div class=\"info-label\"><i class=\"far fa-flag fa-icon\"><\/i> Kho\u1ea3ng c\u00e1ch, th\u1eddi gian di chuy\u1ec3n:<\/div>\n\t\t\t\t\t\t\t<div class=\"info-value\">Kho\u1ea3ng c\u00e1ch qu\u00e3ng \u0111\u01b0\u1eddng, th\u1eddi gian di chuy\u1ec3n ch\u1ec9 mang t\u00ednh tham kh\u1ea3o, n\u00f3 kh\u00f4ng ch\u00ednh x\u00e1c tuy\u1ec7t \u0111\u1ed1i v\u00ec t\u00f9y theo t\u00ecnh h\u00ecnh giao th\u00f4ng th\u1ef1c t\u1ebf, h\u1ec7 th\u1ed1ng s\u1ebd t\u1ef1 \u0111\u1ed9ng t\u00ednh to\u00e1n cung \u0111\u01b0\u1eddng v\u00e0 th\u1eddi gian di chuy\u1ec3n.<\/div>\n\t\t\t\t\t\t<\/div>\n\t\t\t\t\t<\/div>\n\t\t\t\t\t<div class=\"row\">\n\t\t\t\t\t\t<div class=\"col-12 ticket-info\">\n\t\t\t\t\t\t\t<div class=\"info-label\"><i class=\"far fa-credit-card fa-icon\"><\/i> Thanh to\u00e1n:<\/div>\n\t\t\t\t\t\t\t<div class=\"info-value\">Sau khi x\u00e1c \u0111\u1ecbnh \u0111i\u1ec3m \u0111\u1ebfn, \u0111i\u1ec3m di v\u00e0 c\u00e1c t\u00f9y ch\u1ecdn kh\u00e1c, H\u1ec7 th\u1ed1ng s\u1ebd t\u00ednh to\u00e1n chi ph\u00ed c\u1ee5 th\u1ec3 cho m\u1ed7i h\u00e0nh tr\u00ecnh. V\u00ec th\u1ebf, khi \u0111\u00e3 ch\u1eafc ch\u1eafn v\u1edbi h\u00e0nh tr\u00ecnh \u0111\u00e3 ch\u1ecdn, kh\u00e1ch h\u00e0ng c\u00f3 th\u1ec3 \u0111\u1eb7t v\u00e9 v\u00e0 thanh to\u00e1n  tr\u1ef1c tuy\u1ebfn b\u1eb1ng c\u00e1ch qu\u00e9t m\u00e3 QR v\u1edbi app c\u00e1c ng\u00e2n h\u00e0ng.<!-- Sau khi thanh to\u00e1n th\u00e0nh c\u00f4ng, qu\u00fd kh\u00e1ch c\u00f3 s\u1ebd nh\u1eadn \u0111\u01b0\u1ee3c th\u00f4ng tin x\u00e1c nh\u1eadn \u0111\u1eb7t v\u00e9 qua \u0111i\u1ec7n tho\u1ea1i ho\u1eb7c email.--><\/div>\n\t\t\t\t\t\t<\/div>\n\t\t\t\t\t<\/div>\t\n\t\t\t\t<\/div>\n\t\t\t<\/div>\n\t\t  <\/div>\n\t\t<\/div>\n\t\t\t\n\t\t\t\t\n\t  <\/div>\n\t  \n\t  <div id=\"aftersubmit\" style=\"display: none\">\t\n\t  \n\t\t<div id=\"distance-result\"><\/div>\t\n\t\n\t\t<!--hr id=\"openBooking\"-->\n\t\t<div id=\"booking-overlay\" class=\"booking-overlay\" style=\"display: none;\"><\/div>\t\n\t\t<div id=\"booking-modal\" class=\"booking-modal\" style=\"display: none;\">\n\t\t  <div class=\"modal-content\">\n\t\t\t<span class=\"close\">&times;<\/span>\t\n\t\t\t<form id=\"booking-form\" method=\"POST\" action=\"https:\/\/demos.thietkewebphumy.com\/taxi\/taxi-xanhsm\/wp-admin\/admin-post.php\" style=\"display: none;\">\n\t\t\t\t<div class=\"container overal\" id=\"overal-block\">\n\t\t\t\t  <div class=\"row\">\n\t\t\t\t\t<div class=\"col-12\">\n\t\t\t\t\t\t<input type=\"hidden\" id=\"_wpnonce\" name=\"_wpnonce\" value=\"8c46240062\" \/><input type=\"hidden\" name=\"_wp_http_referer\" value=\"\/taxi\/taxi-xanhsm\/wp-json\/wp\/v2\/pages\/4382\" \/>\t\t\t\t\t\t\n\t\t\t\t\t\t<!-- C\u00e1c tr\u01b0\u1eddng th\u00f4ng tin h\u00e0nh tr\u00ecnh -->\n\t\t\t\t\t\t<input type=\"hidden\" id=\"pickupLocation\" name=\"pickupLocation\">\n\t\t\t\t\t\t<input type=\"hidden\" id=\"dropoffLocation\" name=\"dropoffLocation\">\n\t\t\t\t\t\t\n\t\t\t\t\t\t<input type=\"hidden\" id=\"pickupLatLng\" name=\"pickupLatLng\">\n\t\t\t\t\t\t<input type=\"hidden\" id=\"dropoffLatLng\" name=\"dropoffLatLng\">\n\t\t\t\t\t\t\n\t\t\t\t\t\t<input type=\"hidden\" id=\"tripcarType\" name=\"tripcarType\">\n\t\t\t\t\t\t<input type=\"hidden\" id=\"tripTime\" name=\"tripTime\">\n\t\t\t\t\t\t<input type=\"hidden\" id=\"tripType\" name=\"tripType\">\n\t\t\t\t\t\t<input type=\"hidden\" id=\"tripWaiting\" name=\"tripWaiting\">\n\t\t\t\t\t\t<input type=\"hidden\" id=\"tripdistance\" name=\"tripdistance\">\n\t\t\t\t\t\t<input type=\"hidden\" id=\"tripduration\" name=\"tripduration\">\n\t\t\t\t\t\t<input type=\"hidden\" id=\"tripcost\" name=\"tripcost\">\n\t\t\t\t\t\t<input type=\"hidden\" id=\"tripMap\" name=\"tripMap\">\n\n\t\t\t\t\t  <div class=\"form-group\">\n\t\t\t\t\t\t  <label for=\"full-name\">H\u1ecd t\u00ean<\/label>\n\t\t\t\t\t\t  <div class=\"input-group\">\n\t\t\t\t\t\t\t<i class=\"fas fa-user fa-icon\"><\/i>\n\t\t\t\t\t\t\t<input type=\"text\" class=\"form-control\" id=\"full-name\" placeholder=\"H\u1ecd t\u00ean\">\n\t\t\t\t\t\t  <\/div>\n\t\t\t\t\t  <\/div>  \n\t\t\t\t\t  <div class=\"form-row\">\n\t\t\t\t\t\t<div class=\"form-group col-md-6\">\n\t\t\t\t\t\t  <label for=\"phone-number\">\u0110i\u1ec7n tho\u1ea1i<\/label>\n\t\t\t\t\t\t  <div class=\"input-group\">\n\t\t\t\t\t\t\t<i class=\"fas fa-phone fa-icon\"><\/i>\n\t\t\t\t\t\t\t<input type=\"number\" class=\"form-control\" id=\"phone-number\" placeholder=\"\u0110i\u1ec7n tho\u1ea1i\">\n\t\t\t\t\t\t  <\/div> \t\t\t\t\t  \n\t\t\t\t\t\t<\/div>\n\t\t\t\t\t\t<div class=\"form-group col-md-6\">\n\t\t\t\t\t\t  <label for=\"email\">Email<\/label>\n\t\t\t\t\t\t  <div class=\"input-group\">\n\t\t\t\t\t\t\t<i class=\"fas fa-envelope fa-icon\"><\/i>\n\t\t\t\t\t\t\t<input type=\"email\" class=\"form-control\" id=\"email\" placeholder=\"Email\">\n\t\t\t\t\t\t  <\/div> \t\t\t\t\t\t\t\n\t\t\t\t\t\t<\/div>\n\t\t\t\t\t  <\/div>\n\t\t\t\t\t  <div class=\"form-group\">\n\t\t\t\t\t\t<label for=\"address\">\u0110\u1ecba ch\u1ec9<\/label>\n\t\t\t\t\t\t<div class=\"input-group\">\n\t\t\t\t\t\t\t<i class=\"fas fa-map-marker fa-icon\"><\/i>\n\t\t\t\t\t\t\t<input type=\"text\" class=\"form-control\" id=\"address\" placeholder=\"\u0110\u1ecba ch\u1ec9\">\n\t\t\t\t\t\t<\/div> \t\n\t\t\t\t\t  <\/div> \n\t\t\t\t\t\t\t\n\t\t\t\t\t  <div class=\"form-group\">\n\t\t\t\t\t\t<label for=\"trip-note\">L\u01b0u \u00fd:<\/label>\n\t\t\t\t\t\t<div class=\"input-group\">\n\t\t\t\t\t\t\t<!--i class=\"fas fa-clipboard fa-icon\"><\/i-->\n\t\t\t\t\t\t\t<textarea class=\"form-control\" style=\"min-height: 10px;\" id=\"trip-note\" rows=\"2\" name=\"trip-note\" placeholder=\"\"><\/textarea>\n\t\t\t\t\t\t\t<!--Nh\u1eadp th\u00f4ng tin l\u01b0u \u00fd c\u1ee7a b\u1ea1n t\u1ea1i \u0111\u00e2y. VD: \u0111\u1ecba ch\u1ec9 c\u1ee5 th\u1ec3 n\u01a1i \u0111\u00f3n kh\u00e1ch, nh\u1edd t\u00e0i x\u1ebf gh\u00e9 mua \u0111\u1ed3, hay b\u1ea5t k\u1ef3 y\u00eau c\u1ea7u n\u00e0o kh\u00e1c...-->\n\t\t\t\t\t\t<\/div>\n\t\t\t\t\t  <\/div>\n\t\t\t\t\t\t  \n\t\t\t\t\t  <div class=\"form-group\">\n\t\t\t\t\t\t  <label for=\"address\">Ph\u01b0\u01a1ng th\u1ee9c thanh to\u00e1n<\/label>\n\t\t\t\t\t\t  \t\t\t\t\t\t\t  <div class=\"form-check\">\n\t\t\t\t\t\t\t\t<input class=\"form-check-input\" type=\"radio\" name=\"payment-method\" id=\"payment-qr\" value=\"qr\" checked>\n\t\t\t\t\t\t\t\t<label class=\"form-check-label\" for=\"payment-qr\">\n\t\t\t\t\t\t\t\tQu\u00e9t m\u00e3 QR qua APP\n\t\t\t\t\t\t\t\t<\/label>\n\t\t\t\t\t\t\t  <\/div>\n\t\t\t\t\t\t  \t  \n\t\t\t\t\t\t\t  <div class=\"form-check\">\n\t\t\t\t\t\t\t\t<input class=\"form-check-input\" type=\"radio\" name=\"payment-method\" id=\"payment-cod\" value=\"cod\">\n\t\t\t\t\t\t\t\t<label class=\"form-check-label\" for=\"payment-cod\">\n\t\t\t\t\t\t\t\tTi\u1ec1n m\u1eb7t khi ho\u00e0n th\u00e0nh\n\t\t\t\t\t\t\t\t<\/label>\n\t\t\t\t\t\t\t  <\/div>\n\t\t\t\t\t\t    \n\t\t\t\t\t  <\/div> \n\t\t\t\t\t  \n\t\t\t\t\t\t\t\t\t\t  <div class=\"form-group\">\n\t\t\t\t\t\t<div class=\"form-check\">\n\t\t\t\t\t\t  <input class=\"form-check-input\" type=\"checkbox\" id=\"terms\">\n\t\t\t\t\t\t  <label class=\"form-check-label\" for=\"terms\">\n\t\t\t\t\t\t\tT\u00f4i ho\u00e0n to\u00e0n \u0111\u1ed3ng \u00fd v\u1edbi c\u00e1c \u0111i\u1ec1u kho\u1ea3n s\u1eed d\u1ee5ng c\u1ee7a website.\n\t\t\t\t\t\t  <\/label>\n\t\t\t\t\t\t<\/div>\n\t\t\t\t\t  <\/div>\n\t\t\t\t\t\t\t\t\t\t  <!--div class=\"form-group\">\n\t\t\t\t\t\t<div class=\"form-check\">\n\t\t\t\t\t\t  <input class=\"form-check-input\" type=\"checkbox\" id=\"terms\">\n\t\t\t\t\t\t  <label class=\"form-check-label\" for=\"terms\">\n\t\t\t\t\t\t\tT\u00f4i \u0111\u00e3 \u0111\u1ecdc v\u00e0 \u0111\u1ed3ng \u00fd v\u1edbi c\u00e1c \u0111i\u1ec1u kho\u1ea3n s\u1eed d\u1ee5ng.\n\t\t\t\t\t\t  <\/label>\n\t\t\t\t\t\t<\/div>\n\t\t\t\t\t  <\/div-->\n\t\t\t\t\t  \t\t\t\t\t\t<button type=\"submit\" class=\"btn btn-success btn-lg btn-block\">\u0110\u1eb7t xe<\/button>\n\t\t\t\t\t  \t\t\t\t\t<\/div>\n\t\t\t\t  <\/div>\n\t\t\t\t<\/div>\n\t\t\t<\/form>\n\t\t\t\t\n\t\t\t<form id=\"payment-form\" style=\"display: none;\">\n\t\t\t\t<div class=\"container overal\" id=\"overal-block\">\n\t\t\t\t  <div class=\"row\">\n\t\t\t\t\t<div class=\"col-12\">\n\t\t\t\t\t\t<div class=\"overal-header\">\n\t\t\t\t\t\t\t<h1>C\u1ea3m \u01a1n b\u1ea1n \u0111\u00e3 \u0111\u1eb7t xe<\/h1>\n\t\t\t\t\t\t<\/div>\n\t\t\t\t\t<\/div>\n\t\t\t\t  <\/div>\n\t\t\t\t  <div class=\"row overal-body\">\n\t\t\t\t\t<div class=\"col-12\">\n\t\t\t\t\t\t<!--strong>Th\u00f4ng tin ...<\/strong-->\n\t\t\t\t\t\t<input class=\"form-control\" type=\"hidden\" id=\"pay-ticketid\">\n\t\t\t\t\t\t<input class=\"form-control\" type=\"hidden\" id=\"pay-method\">\n\t\t\t\t\t\t<input class=\"form-control\" type=\"hidden\" id=\"pay-amount\">\n\t\t\t\t\t\t\n\t\t\t\t\t\t<!-- Th\u00f4ng tin v\u00e9 -->\n\t\t\t\t\t\t<div class=\"form-group\">\n\t\t\t\t\t\t\t<div class=\"text-center\" id=\"ticket-info\"><\/div><!--Th\u00f4ng tin truy\u1ec1n t\u1eeb $('#booking-form').on('submit')--->\n\t\t\t\t\t\t<\/div>\n\t\t\t\t\t\t\n\t\t\t\t\t\t<!-- Th\u00f4ng tin chung -->\n\t\t\t\t\t\t<div class=\"form-group\">\n\t\t\t\t\t\t\t<div class=\"text-center\" id=\"payment-info\"><\/div><!--Th\u00f4ng tin truy\u1ec1n t\u1eeb $('#booking-form').on('submit')--->\n\t\t\t\t\t\t<\/div>\n\t\t\t\t\t\t\t\t\t\n\t\t\t\t\t\t<!-- Th\u00f4ng tin thanh to\u00e1n QR (n\u1ebfu c\u00f3) -->\n\t\t\t\t\t\t<div id=\"scan-qr-code\">\n\t\t\t\t\t\t<\/div>\t\t\t\n\t\t\t\t\t\t\n\t\t\t\t\t<\/div>\n\t\t\t\t  <\/div>\n\t\t\t\t  <div class=\"row\">\n\t\t\t\t\t<div class=\"col-12\">\n\t\t\t\t\t\t<div class=\"overal-footer\">\n\t\t\t\t\t\t\t<strong><i>Ch\u00fac qu\u00fd kh\u00e1ch th\u01b0\u1ee3ng l\u1ed9 b\u00ecnh an!<\/i><\/strong>\n\t\t\t\t\t\t<\/div>\n\t\t\t\t\t<\/div>\n\t\t\t\t  <\/div>\n\t\t\t\t<\/div>\n\t\t\t<\/form>\n\t\t\t\n\t\t  <\/div>\n\t\t<\/div>\n\t\t\n\t  <\/div>\n\t<\/div>\n  <\/div>\n<\/div>\n\n    \n\n\n\t\t<\/div>\n\t\t\t\t\t<\/div>\n\n\t\n\n<\/div>\n\n\t\t<\/div>\n\n\t\t\n<style>\n#section_313459899 {\n  padding-top: 30px;\n  padding-bottom: 30px;\n  margin-bottom: 0px;\n}\n<\/style>\n\t<\/section>\n\t","protected":false},"excerpt":{"rendered":"","protected":false},"author":1,"featured_media":0,"parent":0,"menu_order":0,"comment_status":"closed","ping_status":"closed","template":"page-blank.php","meta":{"footnotes":""},"class_list":["post-4382","page","type-page","status-publish","hentry"],"_links":{"self":[{"href":"https:\/\/demos.thietkewebphumy.com\/taxi\/taxi-xanhsm\/wp-json\/wp\/v2\/pages\/4382","targetHints":{"allow":["GET"]}}],"collection":[{"href":"https:\/\/demos.thietkewebphumy.com\/taxi\/taxi-xanhsm\/wp-json\/wp\/v2\/pages"}],"about":[{"href":"https:\/\/demos.thietkewebphumy.com\/taxi\/taxi-xanhsm\/wp-json\/wp\/v2\/types\/page"}],"author":[{"embeddable":true,"href":"https:\/\/demos.thietkewebphumy.com\/taxi\/taxi-xanhsm\/wp-json\/wp\/v2\/users\/1"}],"replies":[{"embeddable":true,"href":"https:\/\/demos.thietkewebphumy.com\/taxi\/taxi-xanhsm\/wp-json\/wp\/v2\/comments?post=4382"}],"version-history":[{"count":32,"href":"https:\/\/demos.thietkewebphumy.com\/taxi\/taxi-xanhsm\/wp-json\/wp\/v2\/pages\/4382\/revisions"}],"predecessor-version":[{"id":5692,"href":"https:\/\/demos.thietkewebphumy.com\/taxi\/taxi-xanhsm\/wp-json\/wp\/v2\/pages\/4382\/revisions\/5692"}],"wp:attachment":[{"href":"https:\/\/demos.thietkewebphumy.com\/taxi\/taxi-xanhsm\/wp-json\/wp\/v2\/media?parent=4382"}],"curies":[{"name":"wp","href":"https:\/\/api.w.org\/{rel}","templated":true}]}}