{"id":2,"date":"2024-03-12T12:25:44","date_gmt":"2024-03-12T12:25:44","guid":{"rendered":"https:\/\/smpatelier.co.uk\/?page_id=2"},"modified":"2024-08-27T20:36:47","modified_gmt":"2024-08-27T13:36:47","slug":"bang-gia","status":"publish","type":"page","link":"https:\/\/demos.thietkewebphumy.com\/taxi\/taxi-xanhsm\/bang-gia\/","title":{"rendered":"T\u1ea1i sao ch\u1ecdn Taxi XanhSM"},"content":{"rendered":"<div class=\"slider-wrapper relative\" id=\"slider-864970097\" >\n    <div class=\"slider slider-nav-circle slider-nav-large slider-nav-light slider-style-normal\"\n        data-flickity-options='{\n            \"cellAlign\": \"center\",\n            \"imagesLoaded\": true,\n            \"lazyLoad\": 1,\n            \"freeScroll\": false,\n            \"wrapAround\": true,\n            \"autoPlay\": 6000,\n            \"pauseAutoPlayOnHover\" : true,\n            \"prevNextButtons\": true,\n            \"contain\" : true,\n            \"adaptiveHeight\" : true,\n            \"dragThreshold\" : 10,\n            \"percentPosition\": true,\n            \"pageDots\": true,\n            \"rightToLeft\": false,\n            \"draggable\": true,\n            \"selectedAttraction\": 0.1,\n            \"parallax\" : 0,\n            \"friction\": 0.6        }'\n        >\n        \n\n\t<div class=\"img has-hover x md-x lg-x y md-y lg-y\" id=\"image_810090328\">\n\t\t\t\t\t\t\t\t<div class=\"img-inner dark\" >\n\t\t\t<img loading=\"lazy\" decoding=\"async\" width=\"1020\" height=\"350\" src=\"https:\/\/demos.thietkewebphumy.com\/taxi\/taxi-xanhsm\/wp-content\/uploads\/2024\/08\/taxi-xanh-sm-slider-1400x481.jpg\" class=\"attachment-large size-large\" alt=\"\" srcset=\"https:\/\/demos.thietkewebphumy.com\/taxi\/taxi-xanhsm\/wp-content\/uploads\/2024\/08\/taxi-xanh-sm-slider-1400x481.jpg 1400w, https:\/\/demos.thietkewebphumy.com\/taxi\/taxi-xanhsm\/wp-content\/uploads\/2024\/08\/taxi-xanh-sm-slider-800x275.jpg 800w, https:\/\/demos.thietkewebphumy.com\/taxi\/taxi-xanhsm\/wp-content\/uploads\/2024\/08\/taxi-xanh-sm-slider-768x264.jpg 768w, https:\/\/demos.thietkewebphumy.com\/taxi\/taxi-xanhsm\/wp-content\/uploads\/2024\/08\/taxi-xanh-sm-slider-1536x527.jpg 1536w, https:\/\/demos.thietkewebphumy.com\/taxi\/taxi-xanhsm\/wp-content\/uploads\/2024\/08\/taxi-xanh-sm-slider-600x206.jpg 600w, https:\/\/demos.thietkewebphumy.com\/taxi\/taxi-xanhsm\/wp-content\/uploads\/2024\/08\/taxi-xanh-sm-slider.jpg 1952w\" sizes=\"auto, (max-width: 1020px) 100vw, 1020px\" \/>\t\t\t\t\t\t\n\t\t\t\t\t<\/div>\n\t\t\t\t\t\t\t\t\n<style>\n#image_810090328 {\n  width: 100%;\n}\n<\/style>\n\t<\/div>\n\t\n\n\n     <\/div>\n\n     <div class=\"loading-spin dark large centered\"><\/div>\n\n\t<\/div>\n\n\n\n\t<section class=\"section\" id=\"section_1157061163\">\n\t\t<div class=\"section-bg fill\" >\n\t\t\t\t\t\t\t\t\t\n\t\t\t\n\n\t\t<\/div>\n\n\t\t\n\n\t\t<div class=\"section-content relative\">\n\t\t\t\n\n<div class=\"row\"  id=\"row-1991128138\">\n\n\n\t<div id=\"col-2057479737\" class=\"col small-12 large-12\"  >\n\t\t\t\t<div class=\"col-inner\"  >\n\t\t\t\n\t\t\t\n\n<h1 style=\"text-align: center;\"><span id=\"4ly-do-ban-nen-chon-Gia-cuoc-taxi-noi-bai-duong-dai-cua-chung-toi\"><strong>B\u1ed0N L\u00dd DO B\u1ea0N N\u00caN CH\u1eccN D\u1ecaCH V\u1ee4 TAXI XanhSM<\/strong><\/span><\/h1>\n<h2>1. B\u1ea3ng gi\u00e1 c\u1ee7a ch\u00fang t\u00f4i r\u1ea5t c\u1ea1nh tranh<\/h2>\n<p>So v\u1edbi c\u00e1c h\u00e3ng taxi truy\u1ec1n th\u1ed1ng, n\u1ebfu nh\u01b0 b\u1ea1n di chuy\u1ec3n v\u1edbi nh\u1eefng \u0111o\u1ea1n \u0111\u01b0\u1eddng ng\u1eafn ho\u1eb7c trung b\u00ecnh s\u1ebd c\u00f3 gi\u00e1 r\u1ebb nh\u1ea5t l\u00e0 15.000 \u0111\u1ed3ng\/km. Nh\u01b0ng khi qu\u00e3ng \u0111\u01b0\u1eddng d\u00e0i c\u00f3 th\u1ec3 l\u00ean t\u1edbi 50km, 100km hay 200km th\u00ec chi ph\u00ed s\u1ebd r\u1ea5t cao.<\/p>\n<p>Khi qu\u00fd kh\u00e1ch \u0111i qu\u00e3ng \u0111\u01b0\u1eddng d\u00e0i ch\u00fang t\u00f4i s\u1ebd ch\u1ee7 \u0111\u1ed9ng th\u1ecfa thu\u1eadn v\u1edbi qu\u00fd kh\u00e1ch m\u1ed9t m\u1ee9c gi\u00e1 h\u1ee3p l\u00fd nh\u1eb1m ti\u1ebft ki\u1ec7m chi ph\u00ed cho kh\u00e1ch h\u00e0ng.<\/p>\n<h2>2. TAXI XanhSM c\u00f3 m\u1eb7t \u1edf kh\u1eafp m\u1ecdi n\u01a1i, ph\u1ee7 s\u00f3ng kh\u1eafp t\u1ec9nh<\/h2>\n<p>Ch\u00fang t\u00f4i c\u00f3 h\u01a1n 100 \u0111\u1ea7u xe gia \u0111\u00ecnh \u0111\u1eddi m\u1edbi, c\u00f3 m\u1eb7t th\u01b0\u1eddng tr\u1ef1c t\u1ea1i kh\u1eafp n\u01a1i tr\u00ean \u0111\u1ecba b\u00e0n t\u1ec9nh B\u00e0 R\u1ecba \u2013 V\u0169ng T\u00e0u:<\/p>\n<ul>\n<li><strong>Th\u00e0nh ph\u1ed1 B\u00e0 R\u1ecba<\/strong>: trung t\u00e2m th\u01b0\u01a1ng m\u1ea1i B\u00e0 R\u1ecba, Coopmart B\u00e0 R\u1ecba, H\u00f2a Long \u2013 Long Ph\u01b0\u1edbc, khu trung t\u00e2m h\u00e0nh ch\u00ednh<\/li>\n<li><strong>Th\u00e0nh ph\u1ed1 V\u0169ng T\u00e0u<\/strong>: V\u00f2ng xoay LotteMart, Coopmart V\u0169ng T\u00e0u, C\u00f4ng vi\u00ean B\u00e3i tr\u01b0\u1edbc, Qu\u1ea3ng tr\u01b0\u1eddng B\u00e3i sau, B\u00e3i d\u00e2u, c\u00e1c resort l\u1edbn nh\u1ecf, \u2026<\/li>\n<li><strong>Huy\u1ec7n Xuy\u00ean M\u1ed9c<\/strong>: B\u00e3i bi\u1ec3n H\u1ed3 C\u1ed1c, H\u1ed3 Tr\u00e0m, Resort 5 sao The Grand H\u1ed3 Tr\u00e0m, Khu ph\u1ee9c h\u1ee3p Novaworld, \u2026<\/li>\n<li><strong>Huy\u1ec7n Long \u0110i\u1ec1n<\/strong>: \u0110\u00e8o n\u01b0\u1edbc ng\u1ecdt, c\u00e1c b\u00e3i t\u1eafm l\u1edbn nh\u1ecf, Dinh C\u00f4, b\u00e3i t\u1eafm Th\u00f9y D\u01b0\u01a1ng, resort Oceanami, \u2026<\/li>\n<li><strong>Th\u1ecb x\u00e3 Ph\u00fa M\u1ef9<\/strong>: Khu mua s\u1eafm KNG Mall, Khu c\u00f4ng nghi\u1ec7p I-II-III, C\u1ea3ng CMIT, \u0111i\u1ec7n Ph\u00fa M\u1ef9, \u2026<\/li>\n<li><strong>Huy\u1ec7n Ch\u00e2u \u0110\u1ee9c<\/strong>: N\u00f4ng tr\u1ea1i Mini Farm Su\u1ed1i Ngh\u1ec7, cafe \u0110\u1ed3i C\u1eebu, Green Farm, tr\u1ea1i n\u1ea5m \u00f4ng Ti\u00ean, Binon Cacao, \u2026<\/li>\n<li><strong>Huy\u1ec7n \u0110\u1ea5t \u0110\u1ecf<\/strong>: ch\u1ee3 Ph\u01b0\u1edbc H\u1ea3i, resort Lan R\u1eebng, khu di t\u00edch l\u1ecbch s\u1eed Minh \u0110\u1ea1m, \u2026<\/li>\n<\/ul>\n<h2>3. An to\u00e0n tr\u00ean t\u1eebng chuy\u1ebfn \u0111i<\/h2>\n<p>\u201cAn to\u00e0n c\u1ee7a Kh\u00e1ch h\u00e0ng\u201d l\u00e0 ti\u00eau ch\u00ed \u0111\u1eb7t l\u00ean h\u00e0ng \u0111\u1ea7u, m\u1ed7i khi qu\u00fd kh\u00e1ch s\u1eed d\u1ee5ng d\u1ecbch v\u1ee5 taxi c\u1ee7a ch\u00fang t\u00f4i. V\u1edbi \u0111\u1ed9i ng\u0169 t\u00e0i x\u1ebf nhi\u1ec1u n\u0103m kinh nghi\u1ec7m, ch\u00fang t\u00f4i kh\u00f4ng ng\u1eebng \u0111\u1ed5i m\u1edbi v\u00e0 n\u00e2ng cao \u0111\u1ea1o \u0111\u1ee9c ngh\u1ec1 nghi\u1ec7p c\u1ee7a m\u00ecnh \u0111\u1ec3 \u0111\u1ea3m b\u1ea3o chuy\u1ebfn \u0111i c\u1ee7a qu\u00fd kh\u00e1ch l\u00e0 cao nh\u1ea5t. Ch\u00ednh v\u00ec v\u1eady, Qu\u00fd kh\u00e1ch c\u00f3 th\u1ec3 ho\u00e0n to\u00e0n an t\u00e2m khi s\u1eed d\u1ee5ng d\u1ecbch v\u1ee5 c\u1ee7a ch\u00fang t\u00f4i.<\/p>\n<h2>4. Kh\u00f4ng gian tho\u1ea3i m\u00e1i v\u00e0 \u0111\u1ea7y \u0111\u1ee7 ti\u1ec7n nghi<\/h2>\n<p>Thay v\u00ec \u0111i c\u00e1c chuy\u1ebfn xe kh\u00e1ch ch\u1eadt tr\u1ed9i, b\u1ea1n n\u00ean l\u1ef1a ch\u1ecdn cho m\u00ecnh m\u1ed9t d\u1ecbch v\u1ee5 taxi \u0111\u01b0\u1eddng d\u00e0i ho\u00e0n h\u1ea3o c\u1ee7a ch\u00fang t\u00f4i. V\u1edbi 100% c\u00e1c \u0111\u1ea7u xe \u0111\u1ec1u l\u00e0 d\u00f2ng xe gia \u0111\u00ecnh, \u0111\u01b0\u1ee3c ch\u0103m ch\u00fat k\u1ef9 l\u01b0\u1ee1ng t\u1eeb d\u00e0n l\u1ea1nh \u0111\u1ebfn m\u00f9i h\u01b0\u01a1ng tr\u00ean xe s\u1ebd \u0111em l\u1ea1i cho qu\u00fd kh\u00e1ch m\u1ed9t tr\u1ea3i nghi\u1ec7m h\u00e0i l\u00f2ng nh\u1ea5t c\u00f3 th\u1ec3.<\/p>\n\n\t\t<\/div>\n\t\t\t\t\t<\/div>\n\n\t\n\n<\/div>\n\n\t\t<\/div>\n\n\t\t\n<style>\n#section_1157061163 {\n  padding-top: 30px;\n  padding-bottom: 30px;\n}\n<\/style>\n\t<\/section>\n\t","protected":false},"excerpt":{"rendered":"","protected":false},"author":1,"featured_media":0,"parent":0,"menu_order":0,"comment_status":"closed","ping_status":"closed","template":"page-blank.php","meta":{"footnotes":""},"class_list":["post-2","page","type-page","status-publish","hentry"],"_links":{"self":[{"href":"https:\/\/demos.thietkewebphumy.com\/taxi\/taxi-xanhsm\/wp-json\/wp\/v2\/pages\/2","targetHints":{"allow":["GET"]}}],"collection":[{"href":"https:\/\/demos.thietkewebphumy.com\/taxi\/taxi-xanhsm\/wp-json\/wp\/v2\/pages"}],"about":[{"href":"https:\/\/demos.thietkewebphumy.com\/taxi\/taxi-xanhsm\/wp-json\/wp\/v2\/types\/page"}],"author":[{"embeddable":true,"href":"https:\/\/demos.thietkewebphumy.com\/taxi\/taxi-xanhsm\/wp-json\/wp\/v2\/users\/1"}],"replies":[{"embeddable":true,"href":"https:\/\/demos.thietkewebphumy.com\/taxi\/taxi-xanhsm\/wp-json\/wp\/v2\/comments?post=2"}],"version-history":[{"count":713,"href":"https:\/\/demos.thietkewebphumy.com\/taxi\/taxi-xanhsm\/wp-json\/wp\/v2\/pages\/2\/revisions"}],"predecessor-version":[{"id":5700,"href":"https:\/\/demos.thietkewebphumy.com\/taxi\/taxi-xanhsm\/wp-json\/wp\/v2\/pages\/2\/revisions\/5700"}],"wp:attachment":[{"href":"https:\/\/demos.thietkewebphumy.com\/taxi\/taxi-xanhsm\/wp-json\/wp\/v2\/media?parent=2"}],"curies":[{"name":"wp","href":"https:\/\/api.w.org\/{rel}","templated":true}]}}