{"id":5036,"date":"2024-09-01T00:31:17","date_gmt":"2024-09-01T00:31:17","guid":{"rendered":"http:\/\/localhost:81\/demos\/prewebdemo\/taxi-elementor-1\/?page_id=5036"},"modified":"2024-09-01T02:29:23","modified_gmt":"2024-09-01T02:29:23","slug":"dat-xe-don-hang","status":"publish","type":"page","link":"https:\/\/demos.thietkewebphumy.com\/taxi\/taxi-vinasun\/dat-xe-don-hang\/","title":{"rendered":"\u0110\u1eb7t xe &#038; \u0110\u01a1n h\u00e0ng"},"content":{"rendered":"\t\t<div data-elementor-type=\"wp-page\" data-elementor-id=\"5036\" class=\"elementor elementor-5036\" data-elementor-post-type=\"page\">\n\t\t\t\t<div class=\"elementor-element elementor-element-3410a5d8 e-flex e-con-boxed e-con e-parent\" data-id=\"3410a5d8\" data-element_type=\"container\" data-settings=\"{&quot;background_background&quot;:&quot;video&quot;,&quot;background_video_link&quot;:&quot;https:\\\/\\\/www.youtube.com\\\/watch?v=eR5vsN1Lq4E&quot;,&quot;background_play_on_mobile&quot;:&quot;yes&quot;,&quot;background_video_start&quot;:15}\">\n\t\t\t\t\t<div class=\"e-con-inner\">\n\t\t<div class=\"elementor-background-video-container\">\n\t\t\t\t\t\t\t<div class=\"elementor-background-video-embed\"><\/div>\n\t\t\t\t\t\t<\/div><div class=\"elementor-element elementor-element-14e67cb2 e-flex e-con-boxed e-con e-child\" data-id=\"14e67cb2\" data-element_type=\"container\">\n\t\t\t\t\t<div class=\"e-con-inner\">\n\t\t\t\t<div class=\"elementor-element elementor-element-47da3d2a elementor-widget-mobile__width-initial elementor-widget elementor-widget-image\" data-id=\"47da3d2a\" data-element_type=\"widget\" data-widget_type=\"image.default\">\n\t\t\t\t<div class=\"elementor-widget-container\">\n\t\t\t\t\t\t\t\t\t\t\t\t\t\t\t<img decoding=\"async\" src=\"https:\/\/demos.thietkewebphumy.com\/taxi\/taxi-vinasun\/wp-content\/uploads\/2024\/08\/driver.svg\" title=\"\" alt=\"\" loading=\"lazy\" \/>\t\t\t\t\t\t\t\t\t\t\t\t\t\t\t<\/div>\n\t\t\t\t<\/div>\n\t\t<div class=\"elementor-element elementor-element-781e61c5 e-con-full e-flex e-con e-child\" data-id=\"781e61c5\" data-element_type=\"container\">\n\t\t\t\t<div class=\"elementor-element elementor-element-457387e7 elementor-widget elementor-widget-heading\" data-id=\"457387e7\" data-element_type=\"widget\" data-widget_type=\"heading.default\">\n\t\t\t\t<div class=\"elementor-widget-container\">\n\t\t\t\t\t<h1 class=\"elementor-heading-title elementor-size-default\">Di chuy\u1ec3n ti\u1ec7n l\u1ee3i c\u00f9ng Vinasun Taxi Hybrid\n<\/h1>\t\t\t\t<\/div>\n\t\t\t\t<\/div>\n\t\t\t\t<div class=\"elementor-element elementor-element-20b5ef4a elementor-absolute elementor-widget-mobile__width-initial e-transform elementor-widget elementor-widget-image\" data-id=\"20b5ef4a\" data-element_type=\"widget\" data-settings=\"{&quot;_position&quot;:&quot;absolute&quot;,&quot;_transform_rotateZ_effect&quot;:{&quot;unit&quot;:&quot;px&quot;,&quot;size&quot;:35,&quot;sizes&quot;:[]},&quot;_transform_rotateZ_effect_tablet&quot;:{&quot;unit&quot;:&quot;deg&quot;,&quot;size&quot;:&quot;&quot;,&quot;sizes&quot;:[]},&quot;_transform_rotateZ_effect_mobile&quot;:{&quot;unit&quot;:&quot;deg&quot;,&quot;size&quot;:&quot;&quot;,&quot;sizes&quot;:[]}}\" data-widget_type=\"image.default\">\n\t\t\t\t<div class=\"elementor-widget-container\">\n\t\t\t\t\t\t\t\t\t\t\t\t\t\t\t<img decoding=\"async\" src=\"https:\/\/demos.thietkewebphumy.com\/taxi\/taxi-vinasun\/wp-content\/uploads\/2024\/08\/label_taxi.svg\" title=\"\" alt=\"\" loading=\"lazy\" \/>\t\t\t\t\t\t\t\t\t\t\t\t\t\t\t<\/div>\n\t\t\t\t<\/div>\n\t\t\t\t<\/div>\n\t\t\t\t\t<\/div>\n\t\t\t\t<\/div>\n\t\t<div class=\"elementor-element elementor-element-8dabf24 e-con-full e-flex e-con e-child\" data-id=\"8dabf24\" data-element_type=\"container\">\n\t\t<div class=\"elementor-element elementor-element-0a47e87 e-grid e-con-full e-con e-child\" data-id=\"0a47e87\" data-element_type=\"container\">\n\t\t\t\t<div class=\"elementor-element elementor-element-194e837 elementor-widget elementor-widget-shortcode\" data-id=\"194e837\" data-element_type=\"widget\" data-widget_type=\"shortcode.default\">\n\t\t\t\t<div class=\"elementor-widget-container\">\n\t\t\t\t\t\t\t<div class=\"elementor-shortcode\">\n    <!-- Form Booking -->\n    <div id=\"cf7-booking\">\n        <div class=\"form-row\">\n            <div class=\"form-group\">\n                <i class=\"fas fa-map-marker-alt\"><\/i>\n                <input type=\"text\" id=\"from_location\" class=\"autocomplete\" placeholder=\"\u0110i\u1ec3m \u0111i\">\n              \t<input type=\"hidden\" id=\"from_latlng\" value=\"\">\n            <\/div>\n            <div class=\"form-group\">\n                <i class=\"fas fa-map-marker-alt\"><\/i>\n                <input type=\"text\" id=\"to_location\" class=\"autocomplete\" placeholder=\"\u0110i\u1ec3m \u0111\u1ebfn\">\n              \t<input type=\"hidden\" id=\"to_latlng\" value=\"\">\n            <\/div>\n        <\/div>      \n        <div class=\"form-row multi-field-row\">\n            <div class=\"form-group select-group\">\n                <i class=\"fas fa-car\"><\/i>\n                <select id=\"vehicle_type\">\n                    <option value=\"\">Lo\u1ea1i xe<\/option>\n                                            <option value=\"Xe 4 ch\u1ed7\">Xe 4 ch\u1ed7<\/option>\n                                            <option value=\"Xe 5 ch\u1ed7\">Xe 5 ch\u1ed7<\/option>\n                                            <option value=\"Xe 7 ch\u1ed7\">Xe 7 ch\u1ed7<\/option>\n                                            <option value=\"Xe 9 ch\u1ed7\">Xe 9 ch\u1ed7<\/option>\n                                            <option value=\"Xe 16 ch\u1ed7\">Xe 16 ch\u1ed7<\/option>\n                                            <option value=\"Xe 29 ch\u1ed7\">Xe 29 ch\u1ed7<\/option>\n                                            <option value=\"Xe 45 ch\u1ed7\">Xe 45 ch\u1ed7<\/option>\n                                            <option value=\"Lo\u1ea1i xe kh\u00e1c\">Lo\u1ea1i xe kh\u00e1c<\/option>\n                                    <\/select>\n              \n            <\/div>\n          \n            <!-- Waiting time d\u01b0\u1edbi d\u1ea1ng select -->\n            <div class=\"form-group select-group\">\n                <i class=\"fas fa-clock\"><\/i>\n                <select id=\"waiting_time\" name=\"waiting_time\">\n                    <option value=\"\">Th\u1eddi gian ch\u1edd<\/option>\n                  \t<option value=\"0\">Kh\u00f4ng ch\u1edd<\/option>\n                                            <option value=\"1\">1 gi\u1edd<\/option>\n                                            <option value=\"2\">2 gi\u1edd<\/option>\n                                            <option value=\"3\">3 gi\u1edd<\/option>\n                                            <option value=\"4\">4 gi\u1edd<\/option>\n                                            <option value=\"5\">5 gi\u1edd<\/option>\n                                            <option value=\"6\">6 gi\u1edd<\/option>\n                                            <option value=\"7\">7 gi\u1edd<\/option>\n                                            <option value=\"8\">8 gi\u1edd<\/option>\n                                            <option value=\"9\">9 gi\u1edd<\/option>\n                                            <option value=\"10\">10 gi\u1edd<\/option>\n                                            <option value=\"11\">11 gi\u1edd<\/option>\n                                            <option value=\"12\">12 gi\u1edd<\/option>\n                                    <\/select>\n            <\/div>\n          \n            <div class=\"form-group date-group\">\n                <i class=\"fas fa-calendar-alt\"><\/i>\n                <input type=\"text\" id=\"departure_date\" placeholder=\"Ng\u00e0y \u0111i\" readonly>\n            <\/div>\n        <\/div>\n      \n        <div class=\"form-row multi-field-row\">\n            <!-- D\u1ecbch v\u1ee5 2 chi\u1ec1u -->\n            <div class=\"form-group checkbox-group\">\n              <label for=\"is_round_trip\">\n                <input type=\"checkbox\" id=\"is_round_trip\">\n                2 chi\u1ec1u\n              <\/label>\n            <\/div>\n\n            <!-- Xu\u1ea5t h\u00f3a \u0111\u01a1n -->\n            <div class=\"form-group checkbox-group\">\n              <label for=\"is_invoice\">\n                <input type=\"checkbox\" id=\"is_invoice\">\n                H\u00f3a \u0111\u01a1n\n              <\/label>\n            <\/div>          \n          \n            <input type=\"hidden\" id=\"request_distance\" value=\"\">\n            <!--input type=\"hidden\" id=\"request_fare\" value=\"\"-->\n\n            <div class=\"form-group submit-group\">\n                <button class=\"button btn-small primary\" id=\"open-modal\">\u0110\u1eb7t xe<\/button>\n            <\/div>\n        <\/div>\n      \n    <\/div>\n\n\t\n      \n\t     \n\n\n    <!-- Modal HTML -->\n    <div id=\"form2-modal\" style=\"display:none;\">\n        <div class=\"modal-content\">\n            <h3>TH\u00d4NG TIN \u0110\u1eb6T XE<\/h3><span class=\"close\">&times;<\/span>\n            <div id=\"cf7-booking-send\">\n                <div class=\"form-row\">\n                    <div class=\"form-group\">\n                        <label for=\"from_location_value\"><i class=\"fas fa-map-marker-alt\"><\/i> T\u1eeb:<\/label>\n                        <span id=\"from_location_display\">..........................<\/span>\n                        <input type=\"hidden\" id=\"from_location_modal\" name=\"from_location\">\n                      \t<input type=\"hidden\" id=\"from_latlng_modal\" name=\"from_latlng\">\n                    <\/div>\n                    <div class=\"form-group\">\n                        <label for=\"to_location_value\"><i class=\"fas fa-map-marker-alt\"><\/i> \u0110\u1ebfn:<\/label>\n                        <span id=\"to_location_display\">..........................<\/span>\n                        <input type=\"hidden\" id=\"to_location_modal\" name=\"to_location\">\n                      \t<input type=\"hidden\" id=\"to_latlng_modal\" name=\"to_latlng\">\n                    <\/div>\n                <\/div>\n              \n\t\t\t\t<div >\t\n              \t\t<hr style=\"margin-top: 1rem; margin-bottom: 1rem; border: 0; border-top: 1px solid rgba(0, 0, 0, .1); }\">\n              \t<\/div>\n              \n              \t           \n              \t<div class=\"form-row multi-field-row\">\n    \t\t\t\t<div class=\"form-group\" style=\"display: flex; justify-content: center; align-items: center; height: 100%; text-align: center;\">\n                      \t<span id=\"request_fare_modal\" class=\"request_price\"><\/span>\n                      \t<input type=\"hidden\" id=\"quote_price\" value=\"\">\n                        <input type=\"hidden\" id=\"estimated_distance\" value=\"\">\n                    <\/div>\n                <\/div> \n              \t<div class=\"form-row multi-field-row\">\n    \t\t\t\t<div class=\"form-group vat-info\" style=\"display: none; justify-content: center; align-items: center; height: 100%; text-align: center;\">\n                      \t<span>(\u0111\u00e3 bao g\u1ed3m Ho\u00e1 \u0111\u01a1n t\u00e0i ch\u00ednh VAT)<\/span>\n                    <\/div>\n                <\/div>   \n              \n              \t<hr style=\"margin-top: 1rem; margin-bottom: 1rem; border: 0; border-top: 1px solid rgba(0, 0, 0, .1); }\">\n              \n              \t \n                \n                <div class=\"form-row multi-field-row\">\n                    <div class=\"form-group select-group\">\n                        <label for=\"vehicle_type_modal\"><i class=\"fas fa-car\"><\/i> Lo\u1ea1i xe:<\/label>\n                        <select id=\"vehicle_type_modal\" disabled=\"true\" style=\"border: 1px solid #e6e6e6; color: #000000;opacity: 1.0;\">\n                                                            <option value=\"Xe 4 ch\u1ed7\">Xe 4 ch\u1ed7<\/option>\n                                                            <option value=\"Xe 5 ch\u1ed7\">Xe 5 ch\u1ed7<\/option>\n                                                            <option value=\"Xe 7 ch\u1ed7\">Xe 7 ch\u1ed7<\/option>\n                                                            <option value=\"Xe 9 ch\u1ed7\">Xe 9 ch\u1ed7<\/option>\n                                                            <option value=\"Xe 16 ch\u1ed7\">Xe 16 ch\u1ed7<\/option>\n                                                            <option value=\"Xe 29 ch\u1ed7\">Xe 29 ch\u1ed7<\/option>\n                                                            <option value=\"Xe 45 ch\u1ed7\">Xe 45 ch\u1ed7<\/option>\n                                                            <option value=\"Lo\u1ea1i xe kh\u00e1c\">Lo\u1ea1i xe kh\u00e1c<\/option>\n                                                    <\/select> \n                    <\/div>\n                  \n                    <!-- D\u1ecbch v\u1ee5 2 chi\u1ec1u -->\n                    <div class=\"form-group checkbox-group is_round_trip-group\">\n                        <label for=\"is_round_trip_modal\"><i class=\"fas fa-calendar-alt\"><\/i> D\u1ecbch v\u1ee5:<\/label><br>\n                        <span style=\"border: 1px solid #e6e6e6; color: #000000;opacity: 1.0; width: 100%; box-sizing: border-box; font-size: 16px; border-radius: 3px; padding: .5rem 1rem; transition: all .3s; display: block;\">\n                          \t<input type=\"checkbox\" id=\"is_round_trip_modal\" disabled=\"true\"> 2 chi\u1ec1u\n                      \t<\/span>\n                    <\/div>\n                  \n                   <div class=\"form-group date-group\">\n                        <label for=\"departure_date_modal\"><i class=\"fas fa-calendar-alt\"><\/i> Ng\u00e0y \u0111i:<\/label>\n                        <input type=\"text\" id=\"departure_date_modal\" placeholder=\"Ng\u00e0y \u0111i\" disabled=\"true\" style=\"border: 1px solid #e6e6e6; color: #000000;opacity: 1.0;\">\n                    <\/div>\n                  \n                    <!-- Waiting time d\u01b0\u1edbi d\u1ea1ng select -->\n                    <div class=\"form-group select-group\">\n                         <label for=\"vehicle_type_modal\"><i class=\"fas fa-clock\"><\/i> Th\u1eddi gian ch\u1edd:<\/label>\n                      \t<select id=\"waiting_time_modal\" disabled=\"true\" style=\"border: 1px solid #e6e6e6; color: #000000;opacity: 1.0;\">\n                            <option value=\"0\">Kh\u00f4ng ch\u1edd<\/option>\n                                                            <option value=\"1\">1 gi\u1edd<\/option>\n                                                            <option value=\"2\">2 gi\u1edd<\/option>\n                                                            <option value=\"3\">3 gi\u1edd<\/option>\n                                                            <option value=\"4\">4 gi\u1edd<\/option>\n                                                            <option value=\"5\">5 gi\u1edd<\/option>\n                                                            <option value=\"6\">6 gi\u1edd<\/option>\n                                                            <option value=\"7\">7 gi\u1edd<\/option>\n                                                            <option value=\"8\">8 gi\u1edd<\/option>\n                                                            <option value=\"9\">9 gi\u1edd<\/option>\n                                                            <option value=\"10\">10 gi\u1edd<\/option>\n                                                            <option value=\"11\">11 gi\u1edd<\/option>\n                                                            <option value=\"12\">12 gi\u1edd<\/option>\n                                                    <\/select>\n                    <\/div>\n                  \n                    <!-- Xu\u1ea5t h\u00f3a \u0111\u01a1n -->\n                    <div class=\"form-group checkbox-group is_invoice-group\">\n                        <label for=\"is_invoice_modal\"><i class=\"fas fa-calendar-alt\"><\/i> H\u00f3a \u0111\u01a1n:<\/label><br>\n                        <span style=\"border: 1px solid #e6e6e6; color: #000000;opacity: 1.0; width: 100%; box-sizing: border-box; font-size: 16px; border-radius: 3px; padding: .5rem 1rem; transition: all .3s; display: block;\">\n                      \t\t<input type=\"checkbox\" id=\"is_invoice_modal\">Xu\u1ea5t h\u00f3a \u0111\u01a1n\n                        <\/span>\n                    <\/div>   \n                <\/div>\n              \n                <div class=\"form-row multi-field-row\">\n                    <div class=\"form-group\" style=\"justify-content: center; align-items: center; height: 100%; text-align: center;\">\n              \t\t\t<p style=\"margin-top: 10px; margin-bottom: 0px;\">\u0110\u1ec3 l\u1ea1i s\u1ed1 \u0111i\u1ec7n tho\u1ea1i c\u1ee7a Qu\u00fd kh\u00e1ch, ch\u00fang t\u00f4i s\u1ebd li\u00ean l\u1ea1c l\u1ea1i ngay!<\/p>\n                    <\/div>\n\t\t\t\t<\/div>\t\n              \t<div class=\"form-row\">\n                    <div class=\"form-group\">\n                        <label for=\"your_name\"><i class=\"fas fa-user\"><\/i> H\u1ecd t\u00ean:<\/label>\n                        <input type=\"text\" id=\"your_name\" placeholder=\"H\u1ecd t\u00ean c\u1ee7a b\u1ea1n\">\n                    <\/div>\n                    <div class=\"form-group\">\n                        <label for=\"your_phone\"><i class=\"fas fa-phone\"><\/i> \u0110i\u1ec7n tho\u1ea1i:<\/label>\n                        <input type=\"tel\" id=\"your_phone\" placeholder=\"0987654321\" maxlength=\"10\" oninput=\"this.value = this.value.replace(\/[^0-9.]\/g, '').replace(\/(\\..*?)\\..*\/g, '$1');\">\n                    <\/div>\n                <\/div>\n              \n              \t                <div class=\"form-group multi-field-row\">\n                    <div class=\"form-group\">\n                                                    <div class=\"g-recaptcha\" data-sitekey=\"6LdA7xcqAAAAAFWz9z7q4HEVNecPqLo-jMZ4dUIF\"><\/div>\n                            <script src=\"https:\/\/www.google.com\/recaptcha\/api.js\" async defer><\/script>\n                                        \n                    <\/div>\n                <\/div>\n              \t              \n              \t<hr style=\"margin-top: 1rem; margin-bottom: 1rem; border: 0; border-top: 1px solid rgba(0, 0, 0, .1); }\">\n                <div class=\"form-group multi-field-row custom-column\">\n                    <div class=\"form-group\">\n                        <p style=\"font-size:small;\">\n                                        \n                              Qu\u00e3ng \u0111\u01b0\u1eddng \u01b0\u1edbc t\u00ednh: <span id=\"request_distance_modal\" class=\"request_distance\"><\/span><br>\n                          \n                          Gi\u00e1 c\u01b0\u1edbc ch\u01b0a bao g\u1ed3m: ph\u00ed ra, v\u00e0o s\u00e2n bay; ph\u00ed c\u1ea7u \u0111\u01b0\u1eddng...<br>Vui l\u00f2ng \u0111\u1eb7t xe 1 gi\u1edd tr\u01b0\u1edbc gi\u1edd \u0111\u00f3n \u0111\u1ec3 \u0111\u1ea3m b\u1ea3o gi\u00e1 n\u00e0y!                          \n                      <p>                  \t\n                    <\/div>\n                    <div class=\"form-group\" style=\"display: grid;\">\n                        <button class=\"button primary wc-backward\" id=\"submit-modal\">X\u00e1c nh\u1eadn<\/button>                      \t\n                    <\/div>\n                <\/div>\n            <\/div>\n          \n          \n          \t\n          \n        <\/div>\n        <!-- Ph\u1ea7n t\u1eed tr\u1ea1ng th\u00e1i loading -->\n        <div id=\"loading\" style=\"display: none;\">\u0110ang g\u1eedi d\u1eef li\u1ec7u, vui l\u00f2ng ch\u1edd...<\/div>\n    <\/div>\n\n    <\/div>\n\t\t\t\t\t\t<\/div>\n\t\t\t\t<\/div>\n\t\t\t\t<div class=\"elementor-element elementor-element-ac443da elementor-widget elementor-widget-shortcode\" data-id=\"ac443da\" data-element_type=\"widget\" data-widget_type=\"shortcode.default\">\n\t\t\t\t<div class=\"elementor-widget-container\">\n\t\t\t\t\t\t\t<div class=\"elementor-shortcode\"><div id=\"taxi-booking-lists\" class=\"scroll-container\"><ul class=\"service_customer-booking_list\"><li class=\"scroll-item\"><p>Kh\u00e1ch h\u00e0ng: <span style=\"color: #104282;\"><strong>B\u00f9i Quang H\u00e0<\/strong><\/span> v\u1eeba \u0111\u1eb7t xe Xe 29 ch\u1ed7 l\u00fac 11:40 (\u0110T: 087xxxx369)<\/p><\/li><li class=\"scroll-item\"><p>Kh\u00e1ch h\u00e0ng: <span style=\"color: #104282;\"><strong>Nguy\u1ec5n V\u0103n Qu\u00e2n<\/strong><\/span> v\u1eeba \u0111\u1eb7t xe Xe 5 ch\u1ed7 l\u00fac 16:35 (\u0110T: 098xxxx321)<\/p><\/li><li class=\"scroll-item\"><p>Kh\u00e1ch h\u00e0ng: <span style=\"color: #104282;\"><strong>H\u1ed3 Thanh Th\u1ea3o<\/strong><\/span> v\u1eeba \u0111\u1eb7t xe Xe 5 ch\u1ed7 l\u00fac 20:00 (\u0110T: 098xxxx263)<\/p><\/li><li class=\"scroll-item\"><p>Kh\u00e1ch h\u00e0ng: <span style=\"color: #104282;\"><strong>Quang H\u01b0ng<\/strong><\/span> v\u1eeba \u0111\u1eb7t xe Xe 9 ch\u1ed7 l\u00fac 12:35 (\u0110T: 024xxxx872)<\/p><\/li><li class=\"scroll-item\"><p>Kh\u00e1ch h\u00e0ng: <span style=\"color: #104282;\"><strong>Noa Voto<\/strong><\/span> v\u1eeba \u0111\u1eb7t xe Xe 7 ch\u1ed7 l\u00fac 12:50 (\u0110T: 098xxxx365)<\/p><\/li><li class=\"scroll-item\"><p>Kh\u00e1ch h\u00e0ng: <span style=\"color: #104282;\"><strong>Nam Anh<\/strong><\/span> v\u1eeba \u0111\u1eb7t xe Xe 9 ch\u1ed7 l\u00fac 10:55 (\u0110T: 987xxxx410)<\/p><\/li><li class=\"scroll-item\"><p>Kh\u00e1ch h\u00e0ng: <span style=\"color: #104282;\"><strong>Ho\u00e0ng Qu\u1ed1c Vi\u1ec7t<\/strong><\/span> v\u1eeba \u0111\u1eb7t xe Xe 5 ch\u1ed7 l\u00fac 00:45 (\u0110T: 098xxxx321)<\/p><\/li><li class=\"scroll-item\"><p>Kh\u00e1ch h\u00e0ng: <span style=\"color: #104282;\"><strong>L\u00ea Ho\u00e0n<\/strong><\/span> v\u1eeba \u0111\u1eb7t xe Xe 5 ch\u1ed7 l\u00fac 11:00 (\u0110T: 654xxxx870)<\/p><\/li><li class=\"scroll-item\"><p>Kh\u00e1ch h\u00e0ng: <span style=\"color: #104282;\"><strong>Nguy\u1ec5n V\u0103n A<\/strong><\/span> v\u1eeba \u0111\u1eb7t xe Xe 5 ch\u1ed7 l\u00fac 10:55 (\u0110T: 012xxxx963)<\/p><\/li><li class=\"scroll-item\"><p>Kh\u00e1ch h\u00e0ng: <span style=\"color: #104282;\"><strong>L\u00ea Ngoan<\/strong><\/span> v\u1eeba \u0111\u1eb7t xe Xe 5 ch\u1ed7 l\u00fac 10:55 (\u0110T: 014xxxx620)<\/p><\/li><li class=\"scroll-item\"><p>Kh\u00e1ch h\u00e0ng: <span style=\"color: #104282;\"><strong>Ho\u00e0ng Mai<\/strong><\/span> v\u1eeba \u0111\u1eb7t xe Xe 5 ch\u1ed7 l\u00fac 10:55 (\u0110T: 254xxx310)<\/p><\/li><li class=\"scroll-item\"><p>Kh\u00e1ch h\u00e0ng: <span style=\"color: #104282;\"><strong>Ho\u00e0ng Qu\u1ed1c Vi\u1ec7t<\/strong><\/span> v\u1eeba \u0111\u1eb7t xe Xe 9 ch\u1ed7 l\u00fac 09:20 (\u0110T: 098xxxx321)<\/p><\/li><\/ul><\/div><\/div>\n\t\t\t\t\t\t<\/div>\n\t\t\t\t<\/div>\n\t\t\t\t<\/div>\n\t\t\t\t<\/div>\n\t\t\t\t\t<\/div>\n\t\t\t\t<\/div>\n\t\t<div class=\"elementor-element elementor-element-1d32d47c e-flex e-con-boxed e-con e-parent\" data-id=\"1d32d47c\" data-element_type=\"container\">\n\t\t\t\t\t<div class=\"e-con-inner\">\n\t\t\t\t<div class=\"elementor-element elementor-element-2611940e gallery-spacing-custom elementor-widget__width-inherit js-marquee elementor-marquee-images elementor-widget elementor-widget-image-gallery\" data-id=\"2611940e\" data-element_type=\"widget\" data-widget_type=\"image-gallery.default\">\n\t\t\t\t<div class=\"elementor-widget-container\">\n\t\t\t\t\t\t\t<div class=\"elementor-image-gallery\">\n\t\t\t\t\t<\/div>\n\t\t\t\t\t\t<\/div>\n\t\t\t\t<\/div>\n\t\t\t\t\t<\/div>\n\t\t\t\t<\/div>\n\t\t\t\t<\/div>\n\t\t","protected":false},"excerpt":{"rendered":"<p>Di chuy\u1ec3n ti\u1ec7n l\u1ee3i c\u00f9ng Vinasun Taxi Hybrid<\/p>\n","protected":false},"author":1,"featured_media":0,"parent":0,"menu_order":0,"comment_status":"closed","ping_status":"closed","template":"","meta":{"_acf_changed":false,"footnotes":""},"class_list":["post-5036","page","type-page","status-publish","hentry"],"acf":[],"_links":{"self":[{"href":"https:\/\/demos.thietkewebphumy.com\/taxi\/taxi-vinasun\/wp-json\/wp\/v2\/pages\/5036","targetHints":{"allow":["GET"]}}],"collection":[{"href":"https:\/\/demos.thietkewebphumy.com\/taxi\/taxi-vinasun\/wp-json\/wp\/v2\/pages"}],"about":[{"href":"https:\/\/demos.thietkewebphumy.com\/taxi\/taxi-vinasun\/wp-json\/wp\/v2\/types\/page"}],"author":[{"embeddable":true,"href":"https:\/\/demos.thietkewebphumy.com\/taxi\/taxi-vinasun\/wp-json\/wp\/v2\/users\/1"}],"replies":[{"embeddable":true,"href":"https:\/\/demos.thietkewebphumy.com\/taxi\/taxi-vinasun\/wp-json\/wp\/v2\/comments?post=5036"}],"version-history":[{"count":0,"href":"https:\/\/demos.thietkewebphumy.com\/taxi\/taxi-vinasun\/wp-json\/wp\/v2\/pages\/5036\/revisions"}],"wp:attachment":[{"href":"https:\/\/demos.thietkewebphumy.com\/taxi\/taxi-vinasun\/wp-json\/wp\/v2\/media?parent=5036"}],"curies":[{"name":"wp","href":"https:\/\/api.w.org\/{rel}","templated":true}]}}