{"id":52,"date":"2024-05-13T20:11:05","date_gmt":"2024-05-13T20:11:05","guid":{"rendered":"https:\/\/smpatelier.co.uk\/?page_id=52"},"modified":"2024-08-19T13:41:36","modified_gmt":"2024-08-19T06:41:36","slug":"cau-hoi-thuong-gap","status":"publish","type":"page","link":"https:\/\/demos.thietkewebphumy.com\/taxi\/taxi-phumy\/cau-hoi-thuong-gap\/","title":{"rendered":"C\u00e2u h\u1ecfi th\u01b0\u1eddng g\u1eb7p"},"content":{"rendered":"<h1 class=\"uppercase\" style=\"text-align: center;\">C\u00e2u h\u1ecfi th\u01b0\u1eddng g\u1eb7p<\/h1>\n\n\t<section class=\"section\" id=\"section_2089700604\">\n\t\t<div class=\"section-bg fill\" >\n\t\t\t\t\t\t\t\t\t\n\t\t\t\n\n\t\t<\/div>\n\n\t\t\n\n\t\t<div class=\"section-content relative\">\n\t\t\t\n\n<div class=\"row\"  id=\"row-1663763088\">\n\n\n\t<div id=\"col-270948453\" class=\"col small-12 large-12\"  >\n\t\t\t\t<div class=\"col-inner\"  >\n\t\t\t\n\t\t\t\n\n<div class=\"accordion\">\n\n\t<div id=\"accordion-3587514976\" class=\"accordion-item\">\n\t\t<a id=\"accordion-3587514976-label\" class=\"accordion-title plain\" href=\"#accordion-item-c\u00f4ng-ty-c\u1ee7a-b\u1ea1n-chuy\u00ean-cung-c\u1ea5p-nh\u1eefng-s\u1ea3n-ph\u1ea9m\/d\u1ecbch-v\u1ee5-g\u00ec?\" aria-expanded=\"false\" aria-controls=\"accordion-3587514976-content\" >\n\t\t\t<button class=\"toggle\" aria-label=\"Chuy\u1ec3n \u0111\u1ed5i\"><i class=\"icon-angle-down\"><\/i><\/button>\n\t\t\t<span>C\u00f4ng ty c\u1ee7a b\u1ea1n chuy\u00ean cung c\u1ea5p nh\u1eefng s\u1ea3n ph\u1ea9m\/d\u1ecbch v\u1ee5 g\u00ec?<\/span>\n\t\t<\/a>\n\t\t<div id=\"accordion-3587514976-content\" class=\"accordion-inner\" aria-labelledby=\"accordion-3587514976-label\" >\n\t\t\t\n\n<p>C\u00f4ng ty ch\u00fang t\u00f4i chuy\u00ean cung c\u1ea5p [li\u1ec7t k\u00ea s\u1ea3n ph\u1ea9m\/d\u1ecbch v\u1ee5 ch\u00ednh c\u1ee7a c\u00f4ng ty]. Ch\u00fang t\u00f4i cam k\u1ebft mang \u0111\u1ebfn cho kh\u00e1ch h\u00e0ng nh\u1eefng s\u1ea3n ph\u1ea9m ch\u1ea5t l\u01b0\u1ee3ng cao v\u1edbi gi\u00e1 c\u1ea3 c\u1ea1nh tranh.<\/p>\n<h3>\u00a0<\/h3>\n\n\t\t<\/div>\n\t<\/div>\n\t\n\t<div id=\"accordion-1043122325\" class=\"accordion-item\">\n\t\t<a id=\"accordion-1043122325-label\" class=\"accordion-title plain\" href=\"#accordion-item-th\u1eddi-gian-l\u00e0m-vi\u1ec7c-c\u1ee7a-c\u00f4ng-ty-l\u00e0-khi-n\u00e0o?\" aria-expanded=\"false\" aria-controls=\"accordion-1043122325-content\" >\n\t\t\t<button class=\"toggle\" aria-label=\"Chuy\u1ec3n \u0111\u1ed5i\"><i class=\"icon-angle-down\"><\/i><\/button>\n\t\t\t<span>Th\u1eddi gian l\u00e0m vi\u1ec7c c\u1ee7a c\u00f4ng ty l\u00e0 khi n\u00e0o?<\/span>\n\t\t<\/a>\n\t\t<div id=\"accordion-1043122325-content\" class=\"accordion-inner\" aria-labelledby=\"accordion-1043122325-label\" >\n\t\t\t\n\n<p>Ch\u00fang t\u00f4i ho\u1ea1t \u0111\u1ed9ng t\u1eeb th\u1ee9 Hai \u0111\u1ebfn th\u1ee9 S\u00e1u, t\u1eeb 8:00 s\u00e1ng \u0111\u1ebfn 5:00 chi\u1ec1u. V\u00e0o th\u1ee9 B\u1ea3y, ch\u00fang t\u00f4i l\u00e0m vi\u1ec7c t\u1eeb 8:00 s\u00e1ng \u0111\u1ebfn 12:00 tr\u01b0a. Ch\u00fang t\u00f4i ngh\u1ec9 v\u00e0o c\u00e1c ng\u00e0y Ch\u1ee7 nh\u1eadt v\u00e0 c\u00e1c ng\u00e0y l\u1ec5 l\u1edbn.<\/p>\n<h3>\u00a0<\/h3>\n\n\t\t<\/div>\n\t<\/div>\n\t\n\t<div id=\"accordion-3331175184\" class=\"accordion-item\">\n\t\t<a id=\"accordion-3331175184-label\" class=\"accordion-title plain\" href=\"#accordion-item-l\u00e0m-th\u1ebf-n\u00e0o-\u0111\u1ec3-t\u00f4i-c\u00f3-th\u1ec3-\u0111\u1eb7t-h\u00e0ng\/mua-s\u1ea3n-ph\u1ea9m-c\u1ee7a-c\u00f4ng-ty?\" aria-expanded=\"false\" aria-controls=\"accordion-3331175184-content\" >\n\t\t\t<button class=\"toggle\" aria-label=\"Chuy\u1ec3n \u0111\u1ed5i\"><i class=\"icon-angle-down\"><\/i><\/button>\n\t\t\t<span>L\u00e0m th\u1ebf n\u00e0o \u0111\u1ec3 t\u00f4i c\u00f3 th\u1ec3 \u0111\u1eb7t h\u00e0ng\/mua s\u1ea3n ph\u1ea9m c\u1ee7a c\u00f4ng ty?<\/span>\n\t\t<\/a>\n\t\t<div id=\"accordion-3331175184-content\" class=\"accordion-inner\" aria-labelledby=\"accordion-3331175184-label\" >\n\t\t\t\n\n<p>B\u1ea1n c\u00f3 th\u1ec3 \u0111\u1eb7t h\u00e0ng tr\u1ef1c ti\u1ebfp qua website c\u1ee7a ch\u00fang t\u00f4i, g\u1ecdi \u0111i\u1ec7n tho\u1ea1i \u0111\u1ebfn s\u1ed1 hotline, ho\u1eb7c \u0111\u1ebfn tr\u1ef1c ti\u1ebfp c\u00e1c c\u1eeda h\u00e0ng\/\u0111\u1ea1i l\u00fd c\u1ee7a c\u00f4ng ty \u0111\u1ec3 mua s\u1ea3n ph\u1ea9m.<\/p>\n<h3>\u00a0<\/h3>\n\n\t\t<\/div>\n\t<\/div>\n\t\n\t<div id=\"accordion-902056177\" class=\"accordion-item\">\n\t\t<a id=\"accordion-902056177-label\" class=\"accordion-title plain\" href=\"#accordion-item-ph\u01b0\u01a1ng-th\u1ee9c-thanh-to\u00e1n-m\u00e0-c\u00f4ng-ty-ch\u1ea5p-nh\u1eadn-l\u00e0-g\u00ec?\" aria-expanded=\"false\" aria-controls=\"accordion-902056177-content\" >\n\t\t\t<button class=\"toggle\" aria-label=\"Chuy\u1ec3n \u0111\u1ed5i\"><i class=\"icon-angle-down\"><\/i><\/button>\n\t\t\t<span>Ph\u01b0\u01a1ng th\u1ee9c thanh to\u00e1n m\u00e0 c\u00f4ng ty ch\u1ea5p nh\u1eadn l\u00e0 g\u00ec?<\/span>\n\t\t<\/a>\n\t\t<div id=\"accordion-902056177-content\" class=\"accordion-inner\" aria-labelledby=\"accordion-902056177-label\" >\n\t\t\t\n\n<p>Ch\u00fang t\u00f4i ch\u1ea5p nh\u1eadn c\u00e1c ph\u01b0\u01a1ng th\u1ee9c thanh to\u00e1n bao g\u1ed3m ti\u1ec1n m\u1eb7t, chuy\u1ec3n kho\u1ea3n ng\u00e2n h\u00e0ng, v\u00e0 thanh to\u00e1n b\u1eb1ng th\u1ebb t\u00edn d\u1ee5ng\/th\u1ebb ghi n\u1ee3. Ngo\u00e0i ra, b\u1ea1n c\u0169ng c\u00f3 th\u1ec3 thanh to\u00e1n qua c\u00e1c v\u00ed \u0111i\u1ec7n t\u1eed ph\u1ed5 bi\u1ebfn.<\/p>\n\n\t\t<\/div>\n\t<\/div>\n\t\n\t<div id=\"accordion-2735519062\" class=\"accordion-item\">\n\t\t<a id=\"accordion-2735519062-label\" class=\"accordion-title plain\" href=\"#accordion-item-th\u1eddi-gian-giao-h\u00e0ng-c\u1ee7a-c\u00f4ng-ty-l\u00e0-bao-l\u00e2u?\" aria-expanded=\"false\" aria-controls=\"accordion-2735519062-content\" >\n\t\t\t<button class=\"toggle\" aria-label=\"Chuy\u1ec3n \u0111\u1ed5i\"><i class=\"icon-angle-down\"><\/i><\/button>\n\t\t\t<span>Th\u1eddi gian giao h\u00e0ng c\u1ee7a c\u00f4ng ty l\u00e0 bao l\u00e2u?<\/span>\n\t\t<\/a>\n\t\t<div id=\"accordion-2735519062-content\" class=\"accordion-inner\" aria-labelledby=\"accordion-2735519062-label\" >\n\t\t\t\n\n<p>Th\u1eddi gian giao h\u00e0ng th\u01b0\u1eddng t\u1eeb 2-5 ng\u00e0y l\u00e0m vi\u1ec7c, t\u00f9y thu\u1ed9c v\u00e0o \u0111\u1ecba \u0111i\u1ec3m giao h\u00e0ng. \u0110\u1ed1i v\u1edbi c\u00e1c \u0111\u01a1n h\u00e0ng t\u1ea1i th\u00e0nh ph\u1ed1 l\u1edbn, th\u1eddi gian giao h\u00e0ng c\u00f3 th\u1ec3 nhanh h\u01a1n.<\/p>\n\n\t\t<\/div>\n\t<\/div>\n\t\n\t<div id=\"accordion-2601323279\" class=\"accordion-item\">\n\t\t<a id=\"accordion-2601323279-label\" class=\"accordion-title plain\" href=\"#accordion-item-c\u00f4ng-ty-c\u00f3-h\u1ed7-tr\u1ee3-giao-h\u00e0ng-to\u00e0n-qu\u1ed1c-kh\u00f4ng?\" aria-expanded=\"false\" aria-controls=\"accordion-2601323279-content\" >\n\t\t\t<button class=\"toggle\" aria-label=\"Chuy\u1ec3n \u0111\u1ed5i\"><i class=\"icon-angle-down\"><\/i><\/button>\n\t\t\t<span>C\u00f4ng ty c\u00f3 h\u1ed7 tr\u1ee3 giao h\u00e0ng to\u00e0n qu\u1ed1c kh\u00f4ng?<\/span>\n\t\t<\/a>\n\t\t<div id=\"accordion-2601323279-content\" class=\"accordion-inner\" aria-labelledby=\"accordion-2601323279-label\" >\n\t\t\t\n\n<p>Ch\u00fang t\u00f4i h\u1ed7 tr\u1ee3 giao h\u00e0ng to\u00e0n qu\u1ed1c, bao g\u1ed3m c\u1ea3 c\u00e1c khu v\u1ef1c mi\u1ec1n n\u00fai v\u00e0 h\u1ea3i \u0111\u1ea3o. Ph\u00ed v\u1eadn chuy\u1ec3n s\u1ebd \u0111\u01b0\u1ee3c t\u00ednh d\u1ef1a tr\u00ean kho\u1ea3ng c\u00e1ch v\u00e0 kh\u1ed1i l\u01b0\u1ee3ng h\u00e0ng h\u00f3a.<\/p>\n<h3>\u00a0<\/h3>\n\n\t\t<\/div>\n\t<\/div>\n\t\n\t<div id=\"accordion-940727216\" class=\"accordion-item\">\n\t\t<a id=\"accordion-940727216-label\" class=\"accordion-title plain\" href=\"#accordion-item-ch\u00ednh-s\u00e1ch-b\u1ea3o-h\u00e0nh-c\u1ee7a-c\u00f4ng-ty-nh\u01b0-th\u1ebf-n\u00e0o?\" aria-expanded=\"false\" aria-controls=\"accordion-940727216-content\" >\n\t\t\t<button class=\"toggle\" aria-label=\"Chuy\u1ec3n \u0111\u1ed5i\"><i class=\"icon-angle-down\"><\/i><\/button>\n\t\t\t<span>Ch\u00ednh s\u00e1ch b\u1ea3o h\u00e0nh c\u1ee7a c\u00f4ng ty nh\u01b0 th\u1ebf n\u00e0o?<\/span>\n\t\t<\/a>\n\t\t<div id=\"accordion-940727216-content\" class=\"accordion-inner\" aria-labelledby=\"accordion-940727216-label\" >\n\t\t\t\n\n<p>S\u1ea3n ph\u1ea9m c\u1ee7a ch\u00fang t\u00f4i \u0111\u01b0\u1ee3c b\u1ea3o h\u00e0nh t\u1eeb 6 th\u00e1ng \u0111\u1ebfn 2 n\u0103m t\u00f9y lo\u1ea1i. N\u1ebfu c\u00f3 b\u1ea5t k\u1ef3 v\u1ea5n \u0111\u1ec1 g\u00ec li\u00ean quan \u0111\u1ebfn ch\u1ea5t l\u01b0\u1ee3ng s\u1ea3n ph\u1ea9m trong th\u1eddi gian b\u1ea3o h\u00e0nh, b\u1ea1n c\u00f3 th\u1ec3 li\u00ean h\u1ec7 \u0111\u1ec3 \u0111\u01b0\u1ee3c s\u1eeda ch\u1eefa ho\u1eb7c \u0111\u1ed5i m\u1edbi mi\u1ec5n ph\u00ed.<\/p>\n<h3>\u00a0<\/h3>\n\n\t\t<\/div>\n\t<\/div>\n\t\n\t<div id=\"accordion-4000601712\" class=\"accordion-item\">\n\t\t<a id=\"accordion-4000601712-label\" class=\"accordion-title plain\" href=\"#accordion-item-c\u00f4ng-ty-c\u00f3-ch\u00ednh-s\u00e1ch-\u0111\u1ed5i-tr\u1ea3-h\u00e0ng-kh\u00f4ng?\" aria-expanded=\"false\" aria-controls=\"accordion-4000601712-content\" >\n\t\t\t<button class=\"toggle\" aria-label=\"Chuy\u1ec3n \u0111\u1ed5i\"><i class=\"icon-angle-down\"><\/i><\/button>\n\t\t\t<span>C\u00f4ng ty c\u00f3 ch\u00ednh s\u00e1ch \u0111\u1ed5i tr\u1ea3 h\u00e0ng kh\u00f4ng?<\/span>\n\t\t<\/a>\n\t\t<div id=\"accordion-4000601712-content\" class=\"accordion-inner\" aria-labelledby=\"accordion-4000601712-label\" >\n\t\t\t\n\n<p>Ch\u00fang t\u00f4i ch\u1ea5p nh\u1eadn \u0111\u1ed5i tr\u1ea3 h\u00e0ng trong v\u00f2ng 7 ng\u00e0y k\u1ec3 t\u1eeb ng\u00e0y nh\u1eadn h\u00e0ng n\u1ebfu s\u1ea3n ph\u1ea9m b\u1ecb l\u1ed7i do nh\u00e0 s\u1ea3n xu\u1ea5t ho\u1eb7c kh\u00f4ng \u0111\u00fang v\u1edbi \u0111\u01a1n \u0111\u1eb7t h\u00e0ng. H\u00e0ng tr\u1ea3 l\u1ea1i ph\u1ea3i c\u00f2n nguy\u00ean tem, m\u00e1c v\u00e0 ch\u01b0a qua s\u1eed d\u1ee5ng.<\/p>\n<h3>\u00a0<\/h3>\n\n\t\t<\/div>\n\t<\/div>\n\t\n\t<div id=\"accordion-2547372862\" class=\"accordion-item\">\n\t\t<a id=\"accordion-2547372862-label\" class=\"accordion-title plain\" href=\"#accordion-item-l\u00e0m-th\u1ebf-n\u00e0o-\u0111\u1ec3-theo-d\u00f5i-\u0111\u01a1n-h\u00e0ng-c\u1ee7a-t\u00f4i?\" aria-expanded=\"false\" aria-controls=\"accordion-2547372862-content\" >\n\t\t\t<button class=\"toggle\" aria-label=\"Chuy\u1ec3n \u0111\u1ed5i\"><i class=\"icon-angle-down\"><\/i><\/button>\n\t\t\t<span>L\u00e0m th\u1ebf n\u00e0o \u0111\u1ec3 theo d\u00f5i \u0111\u01a1n h\u00e0ng c\u1ee7a t\u00f4i?<\/span>\n\t\t<\/a>\n\t\t<div id=\"accordion-2547372862-content\" class=\"accordion-inner\" aria-labelledby=\"accordion-2547372862-label\" >\n\t\t\t\n\n<p>Sau khi \u0111\u1eb7t h\u00e0ng, b\u1ea1n s\u1ebd nh\u1eadn \u0111\u01b0\u1ee3c m\u1ed9t m\u00e3 \u0111\u01a1n h\u00e0ng qua email ho\u1eb7c tin nh\u1eafn. B\u1ea1n c\u00f3 th\u1ec3 s\u1eed d\u1ee5ng m\u00e3 n\u00e0y \u0111\u1ec3 ki\u1ec3m tra tr\u1ea1ng th\u00e1i \u0111\u01a1n h\u00e0ng tr\u00ean website c\u1ee7a ch\u00fang t\u00f4i ho\u1eb7c li\u00ean h\u1ec7 tr\u1ef1c ti\u1ebfp v\u1edbi b\u1ed9 ph\u1eadn ch\u0103m s\u00f3c kh\u00e1ch h\u00e0ng.<\/p>\n<h3>\u00a0<\/h3>\n\n\t\t<\/div>\n\t<\/div>\n\t\n\t<div id=\"accordion-1640040888\" class=\"accordion-item\">\n\t\t<a id=\"accordion-1640040888-label\" class=\"accordion-title plain\" href=\"#accordion-item-c\u00f4ng-ty-c\u00f3-cung-c\u1ea5p-d\u1ecbch-v\u1ee5-h\u1ed7-tr\u1ee3-sau-b\u00e1n-h\u00e0ng-kh\u00f4ng?\" aria-expanded=\"false\" aria-controls=\"accordion-1640040888-content\" >\n\t\t\t<button class=\"toggle\" aria-label=\"Chuy\u1ec3n \u0111\u1ed5i\"><i class=\"icon-angle-down\"><\/i><\/button>\n\t\t\t<span>C\u00f4ng ty c\u00f3 cung c\u1ea5p d\u1ecbch v\u1ee5 h\u1ed7 tr\u1ee3 sau b\u00e1n h\u00e0ng kh\u00f4ng?<\/span>\n\t\t<\/a>\n\t\t<div id=\"accordion-1640040888-content\" class=\"accordion-inner\" aria-labelledby=\"accordion-1640040888-label\" >\n\t\t\t\n\n<p>Ch\u00fang t\u00f4i c\u00f3 \u0111\u1ed9i ng\u0169 ch\u0103m s\u00f3c kh\u00e1ch h\u00e0ng chuy\u00ean nghi\u1ec7p s\u1eb5n s\u00e0ng h\u1ed7 tr\u1ee3 b\u1ea1n sau khi mua h\u00e0ng. B\u1ea1n c\u00f3 th\u1ec3 li\u00ean h\u1ec7 v\u1edbi ch\u00fang t\u00f4i qua hotline ho\u1eb7c email \u0111\u1ec3 \u0111\u01b0\u1ee3c t\u01b0 v\u1ea5n v\u00e0 h\u1ed7 tr\u1ee3.<\/p>\n<h3>\u00a0<\/h3>\n\n\t\t<\/div>\n\t<\/div>\n\t\n\t<div id=\"accordion-2511285631\" class=\"accordion-item\">\n\t\t<a id=\"accordion-2511285631-label\" class=\"accordion-title plain\" href=\"#accordion-item-c\u00f4ng-ty-c\u00f3-ch\u01b0\u01a1ng-tr\u00ecnh-khuy\u1ebfn-m\u00e3i-hay-\u01b0u-\u0111\u00e3i-g\u00ec-kh\u00f4ng?\" aria-expanded=\"false\" aria-controls=\"accordion-2511285631-content\" >\n\t\t\t<button class=\"toggle\" aria-label=\"Chuy\u1ec3n \u0111\u1ed5i\"><i class=\"icon-angle-down\"><\/i><\/button>\n\t\t\t<span>C\u00f4ng ty c\u00f3 ch\u01b0\u01a1ng tr\u00ecnh khuy\u1ebfn m\u00e3i hay \u01b0u \u0111\u00e3i g\u00ec kh\u00f4ng?<\/span>\n\t\t<\/a>\n\t\t<div id=\"accordion-2511285631-content\" class=\"accordion-inner\" aria-labelledby=\"accordion-2511285631-label\" >\n\t\t\t\n\n<p>Ch\u00fang t\u00f4i th\u01b0\u1eddng xuy\u00ean c\u00f3 c\u00e1c ch\u01b0\u01a1ng tr\u00ecnh khuy\u1ebfn m\u00e3i v\u00e0 \u01b0u \u0111\u00e3i \u0111\u1eb7c bi\u1ec7t cho kh\u00e1ch h\u00e0ng. B\u1ea1n c\u00f3 th\u1ec3 theo d\u00f5i c\u00e1c ch\u01b0\u01a1ng tr\u00ecnh n\u00e0y tr\u00ean website ho\u1eb7c \u0111\u0103ng k\u00fd nh\u1eadn th\u00f4ng tin khuy\u1ebfn m\u00e3i qua email.<\/p>\n<h3>\u00a0<\/h3>\n\n\t\t<\/div>\n\t<\/div>\n\t\n\t<div id=\"accordion-659297898\" class=\"accordion-item\">\n\t\t<a id=\"accordion-659297898-label\" class=\"accordion-title plain\" href=\"#accordion-item-l\u00e0m-th\u1ebf-n\u00e0o-\u0111\u1ec3-tr\u1edf-th\u00e0nh-\u0111\u1ea1i-l\u00fd\/\u0111\u1ed1i-t\u00e1c-c\u1ee7a-c\u00f4ng-ty?\" aria-expanded=\"false\" aria-controls=\"accordion-659297898-content\" >\n\t\t\t<button class=\"toggle\" aria-label=\"Chuy\u1ec3n \u0111\u1ed5i\"><i class=\"icon-angle-down\"><\/i><\/button>\n\t\t\t<span>L\u00e0m th\u1ebf n\u00e0o \u0111\u1ec3 tr\u1edf th\u00e0nh \u0111\u1ea1i l\u00fd\/\u0111\u1ed1i t\u00e1c c\u1ee7a c\u00f4ng ty?<\/span>\n\t\t<\/a>\n\t\t<div id=\"accordion-659297898-content\" class=\"accordion-inner\" aria-labelledby=\"accordion-659297898-label\" >\n\t\t\t\n\n<p>N\u1ebfu b\u1ea1n quan t\u00e2m \u0111\u1ebfn vi\u1ec7c tr\u1edf th\u00e0nh \u0111\u1ea1i l\u00fd ho\u1eb7c \u0111\u1ed1i t\u00e1c c\u1ee7a ch\u00fang t\u00f4i, vui l\u00f2ng li\u00ean h\u1ec7 v\u1edbi b\u1ed9 ph\u1eadn kinh doanh qua email ho\u1eb7c s\u1ed1 \u0111i\u1ec7n tho\u1ea1i \u0111\u1ec3 \u0111\u01b0\u1ee3c t\u01b0 v\u1ea5n chi ti\u1ebft.<\/p>\n<h3>\u00a0<\/h3>\n\n\t\t<\/div>\n\t<\/div>\n\t\n\t<div id=\"accordion-731289899\" class=\"accordion-item\">\n\t\t<a id=\"accordion-731289899-label\" class=\"accordion-title plain\" href=\"#accordion-item-c\u00f4ng-ty-c\u00f3-ch\u00ednh-s\u00e1ch-h\u1ed7-tr\u1ee3-v\u1eadn-chuy\u1ec3n-mi\u1ec5n-ph\u00ed-kh\u00f4ng?\" aria-expanded=\"false\" aria-controls=\"accordion-731289899-content\" >\n\t\t\t<button class=\"toggle\" aria-label=\"Chuy\u1ec3n \u0111\u1ed5i\"><i class=\"icon-angle-down\"><\/i><\/button>\n\t\t\t<span>C\u00f4ng ty c\u00f3 ch\u00ednh s\u00e1ch h\u1ed7 tr\u1ee3 v\u1eadn chuy\u1ec3n mi\u1ec5n ph\u00ed kh\u00f4ng?<\/span>\n\t\t<\/a>\n\t\t<div id=\"accordion-731289899-content\" class=\"accordion-inner\" aria-labelledby=\"accordion-731289899-label\" >\n\t\t\t\n\n<p>Ch\u00fang t\u00f4i c\u00f3 ch\u00ednh s\u00e1ch h\u1ed7 tr\u1ee3 v\u1eadn chuy\u1ec3n mi\u1ec5n ph\u00ed cho c\u00e1c \u0111\u01a1n h\u00e0ng c\u00f3 gi\u00e1 tr\u1ecb t\u1eeb [s\u1ed1 ti\u1ec1n c\u1ee5 th\u1ec3] tr\u1edf l\u00ean ho\u1eb7c trong c\u00e1c d\u1ecbp khuy\u1ebfn m\u00e3i \u0111\u1eb7c bi\u1ec7t.<\/p>\n<h3>\u00a0<\/h3>\n\n\t\t<\/div>\n\t<\/div>\n\t\n\t<div id=\"accordion-2981711017\" class=\"accordion-item\">\n\t\t<a id=\"accordion-2981711017-label\" class=\"accordion-title plain\" href=\"#accordion-item-l\u00e0m-th\u1ebf-n\u00e0o-\u0111\u1ec3-li\u00ean-h\u1ec7-v\u1edbi-b\u1ed9-ph\u1eadn-ch\u0103m-s\u00f3c-kh\u00e1ch-h\u00e0ng?\" aria-expanded=\"false\" aria-controls=\"accordion-2981711017-content\" >\n\t\t\t<button class=\"toggle\" aria-label=\"Chuy\u1ec3n \u0111\u1ed5i\"><i class=\"icon-angle-down\"><\/i><\/button>\n\t\t\t<span>L\u00e0m th\u1ebf n\u00e0o \u0111\u1ec3 li\u00ean h\u1ec7 v\u1edbi b\u1ed9 ph\u1eadn ch\u0103m s\u00f3c kh\u00e1ch h\u00e0ng?<\/span>\n\t\t<\/a>\n\t\t<div id=\"accordion-2981711017-content\" class=\"accordion-inner\" aria-labelledby=\"accordion-2981711017-label\" >\n\t\t\t\n\n<p>B\u1ea1n c\u00f3 th\u1ec3 li\u00ean h\u1ec7 v\u1edbi b\u1ed9 ph\u1eadn ch\u0103m s\u00f3c kh\u00e1ch h\u00e0ng c\u1ee7a ch\u00fang t\u00f4i qua s\u1ed1 hotline [s\u1ed1 \u0111i\u1ec7n tho\u1ea1i], email [\u0111\u1ecba ch\u1ec9 email], ho\u1eb7c qua chat tr\u1ef1c tuy\u1ebfn tr\u00ean website.<\/p>\n<h3>\u00a0<\/h3>\n\n\t\t<\/div>\n\t<\/div>\n\t\n\t<div id=\"accordion-1121540901\" class=\"accordion-item\">\n\t\t<a id=\"accordion-1121540901-label\" class=\"accordion-title plain\" href=\"#accordion-item-c\u00f4ng-ty-c\u00f3-cam-k\u1ebft-g\u00ec-v\u1ec1-ch\u1ea5t-l\u01b0\u1ee3ng-s\u1ea3n-ph\u1ea9m\/d\u1ecbch-v\u1ee5?\" aria-expanded=\"false\" aria-controls=\"accordion-1121540901-content\" >\n\t\t\t<button class=\"toggle\" aria-label=\"Chuy\u1ec3n \u0111\u1ed5i\"><i class=\"icon-angle-down\"><\/i><\/button>\n\t\t\t<span>C\u00f4ng ty c\u00f3 cam k\u1ebft g\u00ec v\u1ec1 ch\u1ea5t l\u01b0\u1ee3ng s\u1ea3n ph\u1ea9m\/d\u1ecbch v\u1ee5?<\/span>\n\t\t<\/a>\n\t\t<div id=\"accordion-1121540901-content\" class=\"accordion-inner\" aria-labelledby=\"accordion-1121540901-label\" >\n\t\t\t\n\n<div class=\"flex-1 overflow-hidden\">\n<div class=\"h-full\">\n<div class=\"react-scroll-to-bottom--css-bhclx-79elbk h-full\">\n<div class=\"react-scroll-to-bottom--css-bhclx-1n7m0yu\">\n<div class=\"flex flex-col text-sm md:pb-9\">\n<article class=\"w-full text-token-text-primary focus-visible:outline-2 focus-visible:outline-offset-&#091;-4px&#093;\" dir=\"auto\" tabindex=\"0\" data-testid=\"conversation-turn-9\" data-scroll-anchor=\"true\">\n<div class=\"text-base py-&#091;18px&#093; px-3 md:px-4 m-auto md:px-5\">\n<div class=\"mx-auto flex flex-1 gap-4 text-base md:gap-5 lg:gap-6 md:max-w-3xl lg:max-w-&#091;40rem&#093; xl:max-w-&#091;48rem&#093;\">\n<div class=\"group\/conversation-turn relative flex w-full min-w-0 flex-col agent-turn\">\n<div class=\"flex-col gap-1 md:gap-3\">\n<div class=\"flex max-w-full flex-col flex-grow\">\n<div class=\"min-h-&#091;20px&#093; text-message flex w-full flex-col items-end gap-2 whitespace-pre-wrap break-words &#091;.text-message+&amp;&#093;:mt-5 overflow-x-auto\" dir=\"auto\" data-message-author-role=\"assistant\" data-message-id=\"a0addeb6-28e4-41c9-b18c-cfa0ecbc1ddd\">\n<div class=\"flex w-full flex-col gap-1 empty:hidden first:pt-&#091;3px&#093;\">\n<div class=\"markdown prose w-full break-words dark:prose-invert light\">\n<p>Ch\u00fang t\u00f4i cam k\u1ebft t\u1ea5t c\u1ea3 s\u1ea3n ph\u1ea9m\/d\u1ecbch v\u1ee5 c\u1ee7a ch\u00fang t\u00f4i \u0111\u1ec1u \u0111\u1ea1t ti\u00eau chu\u1ea9n ch\u1ea5t l\u01b0\u1ee3ng cao nh\u1ea5t. N\u1ebfu c\u00f3 b\u1ea5t k\u1ef3 v\u1ea5n \u0111\u1ec1 n\u00e0o ph\u00e1t sinh, ch\u00fang t\u00f4i s\u1ebd gi\u1ea3i quy\u1ebft m\u1ed9t c\u00e1ch nhanh ch\u00f3ng v\u00e0 th\u1ecfa \u0111\u00e1ng \u0111\u1ec3 \u0111\u1ea3m b\u1ea3o quy\u1ec1n l\u1ee3i c\u1ee7a kh\u00e1ch h\u00e0ng.<\/p>\n<\/div>\n<\/div>\n<\/div>\n<\/div>\n<\/div>\n<\/div>\n<\/div>\n<\/div>\n<\/article>\n<\/div>\n<\/div>\n<\/div>\n<\/div>\n<\/div>\n\n\t\t<\/div>\n\t<\/div>\n\t\n\n<\/div>\n\n\t\t<\/div>\n\t\t\t\t\t<\/div>\n\n\t\n\n<\/div>\n\n\t\t<\/div>\n\n\t\t\n<style>\n#section_2089700604 {\n  padding-top: 30px;\n  padding-bottom: 30px;\n}\n<\/style>\n\t<\/section>\n\t","protected":false},"excerpt":{"rendered":"","protected":false},"author":1,"featured_media":0,"parent":0,"menu_order":0,"comment_status":"closed","ping_status":"closed","template":"page-left-sidebar.php","meta":{"footnotes":""},"class_list":["post-52","page","type-page","status-publish","hentry"],"_links":{"self":[{"href":"https:\/\/demos.thietkewebphumy.com\/taxi\/taxi-phumy\/wp-json\/wp\/v2\/pages\/52","targetHints":{"allow":["GET"]}}],"collection":[{"href":"https:\/\/demos.thietkewebphumy.com\/taxi\/taxi-phumy\/wp-json\/wp\/v2\/pages"}],"about":[{"href":"https:\/\/demos.thietkewebphumy.com\/taxi\/taxi-phumy\/wp-json\/wp\/v2\/types\/page"}],"author":[{"embeddable":true,"href":"https:\/\/demos.thietkewebphumy.com\/taxi\/taxi-phumy\/wp-json\/wp\/v2\/users\/1"}],"replies":[{"embeddable":true,"href":"https:\/\/demos.thietkewebphumy.com\/taxi\/taxi-phumy\/wp-json\/wp\/v2\/comments?post=52"}],"version-history":[{"count":64,"href":"https:\/\/demos.thietkewebphumy.com\/taxi\/taxi-phumy\/wp-json\/wp\/v2\/pages\/52\/revisions"}],"predecessor-version":[{"id":5034,"href":"https:\/\/demos.thietkewebphumy.com\/taxi\/taxi-phumy\/wp-json\/wp\/v2\/pages\/52\/revisions\/5034"}],"wp:attachment":[{"href":"https:\/\/demos.thietkewebphumy.com\/taxi\/taxi-phumy\/wp-json\/wp\/v2\/media?parent=52"}],"curies":[{"name":"wp","href":"https:\/\/api.w.org\/{rel}","templated":true}]}}