{"id":5047,"date":"2024-08-19T13:54:04","date_gmt":"2024-08-19T06:54:04","guid":{"rendered":"http:\/\/localhost:81\/demos\/prewebdemo\/woocoomerce\/?page_id=5047"},"modified":"2024-08-19T14:01:22","modified_gmt":"2024-08-19T07:01:22","slug":"huong-dan-mua-hang","status":"publish","type":"page","link":"https:\/\/demos.thietkewebphumy.com\/taxi\/taxi-phumy\/huong-dan-mua-hang\/","title":{"rendered":"H\u01b0\u1edbng d\u1eabn mua h\u00e0ng"},"content":{"rendered":"\n\t<section class=\"section\" id=\"section_1554810916\">\n\t\t<div class=\"section-bg fill\" >\n\t\t\t\t\t\t\t\t\t\n\t\t\t\n\n\t\t<\/div>\n\n\t\t\n\n\t\t<div class=\"section-content relative\">\n\t\t\t\n\n<div class=\"row\"  id=\"row-811355412\">\n\n\n\t<div id=\"col-1985499703\" class=\"col small-12 large-12\"  >\n\t\t\t\t<div class=\"col-inner\"  >\n\t\t\t\n\t\t\t\n\n<header class=\"entry-header1\">\n<h2 id=\"ftoc-khong-can-truc-tiep-den-cua-hang-ban-co-the-lua-chon-cach-mua-hang-online-bang-cach-chon-mot-trong-nhung-cach-sau\" class=\"ftwp-heading\">Kh\u00f4ng c\u1ea7n tr\u1ef1c ti\u1ebfp \u0111\u1ebfn c\u1eeda h\u00e0ng, b\u1ea1n c\u00f3 th\u1ec3 l\u1ef1a ch\u1ecdn c\u00e1ch mua h\u00e0ng online b\u1eb1ng c\u00e1ch ch\u1ecdn m\u1ed9t trong nh\u1eefng c\u00e1ch sau:<\/h2>\n<p><strong>C\u00e1ch 1:<\/strong>\u00a0G\u1ecdi \u0111i\u1ec7n tho\u1ea1i \u0111\u1ebfn t\u1ed5ng \u0111\u00e0i\u00a0<b>1800.6018 (mi\u1ec5n ph\u00ed)<\/b>\u00a0t\u1eeb 8h30-21h30 (c\u1ea3 CN &amp; ng\u00e0y l\u1ec5) \u0111\u1ec3 \u0111\u1eb7t h\u00e0ng, nh\u00e2n vi\u00ean ch\u00fang t\u00f4i lu\u00f4n s\u1eb5n s\u00e0ng ph\u1ee5c v\u1ee5, t\u01b0 v\u1ea5n v\u00e0 h\u1ed7 tr\u1ee3 qu\u00fd kh\u00e1ch mua \u0111\u01b0\u1ee3c s\u1ea3n ph\u1ea9m \u01b0ng \u00fd.<\/p>\n<p><strong>C\u00e1ch 2:<\/strong>\u00a0\u0110\u1eb7t mua h\u00e0ng online tr\u00ean website didongviet.vn<\/p>\n<h3 id=\"ftoc-buoc-1-tim-san-pham-can-mua\" class=\"h6_16 ftwp-heading\"><strong>B\u01b0\u1edbc 1: T\u00ecm s\u1ea3n ph\u1ea9m c\u1ea7n mua<\/strong><\/h3>\n<p class=\"text14\">B\u1ea1n c\u00f3 th\u1ec3 truy c\u1eadp website\u00a0<a href=\"https:\/\/didongviet.vn\/\" target=\"_blank\" rel=\"noopener noreferrer\">didongviet.vn<\/a>\u00a0\u0111\u1ec3 t\u00ecm v\u00e0 ch\u1ecdn s\u1ea3n ph\u1ea9m mu\u1ed1n mua b\u1eb1ng nhi\u1ec1u c\u00e1ch:<\/p>\n<ul>\n<li class=\"text14\">S\u1eed d\u1ee5ng \u00f4 t\u00ecm ki\u1ebfm ph\u00eda tr\u00ean, g\u00f5 t\u00ean s\u1ea3n ph\u1ea9m mu\u1ed1n mua (c\u00f3 th\u1ec3 t\u00ecm \u0111\u00edch danh 1 s\u1ea3n ph\u1ea9m, t\u00ecm theo h\u00e3ng\u2026). Website s\u1ebd cung c\u1ea5p cho b\u1ea1n nh\u1eefng g\u1ee3i \u00fd ch\u00ednh x\u00e1c \u0111\u1ec3 l\u1ef1a ch\u1ecdn<\/li>\n<\/ul>\n<p><a class=\"td-modal-image\" href=\"data:image\/png;base64,iVBORw0KGgoAAAANSUhEUgAAAwwAAAIIAQAAAADr4lR0AAAAAnRSTlMAAHaTzTgAAABJSURBVHja7cExAQAAAMKg9U9tDQ+gAAAAAAAAAAAAAAAAAAAAAAAAAAAAAAAAAAAAAAAAAAAAAAAAAAAAAAAAAAAAAAAAAIAXA8kYAAERBXTGAAAAAElFTkSuQmCC\"><img loading=\"lazy\" decoding=\"async\" class=\"size-full wp-image-269024 aligncenter lazyautosizes lazyloaded\" title=\"H\u01b0\u1edbng d\u1eabn mua h\u00e0ng Online t\u1ea1i Di \u0110\u1ed9ng Vi\u1ec7t 8\" src=\"https:\/\/didongviet.vn\/dchannel\/wp-content\/uploads\/2020\/11\/Du-an-moi-2.png\" sizes=\"auto, 780px\" srcset=\"https:\/\/didongviet.vn\/dchannel\/wp-content\/uploads\/2020\/11\/Du-an-moi-2.png 780w, https:\/\/didongviet.vn\/dchannel\/wp-content\/uploads\/2020\/11\/Du-an-moi-2-300x200.png 300w, https:\/\/didongviet.vn\/dchannel\/wp-content\/uploads\/2020\/11\/Du-an-moi-2-768x512.png 768w\" alt=\"Du an moi 2\" width=\"780\" height=\"520\" data-src=\"https:\/\/didongviet.vn\/dchannel\/wp-content\/uploads\/2020\/11\/Du-an-moi-2.png\" data-srcset=\"https:\/\/didongviet.vn\/dchannel\/wp-content\/uploads\/2020\/11\/Du-an-moi-2.png 780w, https:\/\/didongviet.vn\/dchannel\/wp-content\/uploads\/2020\/11\/Du-an-moi-2-300x200.png 300w, https:\/\/didongviet.vn\/dchannel\/wp-content\/uploads\/2020\/11\/Du-an-moi-2-768x512.png 768w\" data-sizes=\"auto\" data-eio-rwidth=\"780\" data-eio-rheight=\"520\" \/><\/a><\/p>\n<ul>\n<li class=\"text14\">Trang web lu\u00f4n c\u00f3 s\u1eb5n nh\u1eefng g\u1ee3i \u00fd s\u1ea3n ph\u1ea9m hot nh\u1ea5t, c\u00f3 ch\u01b0\u01a1ng tr\u00ecnh khuy\u1ebfn m\u00e3i h\u1ea5p d\u1eabn, b\u1ea1n c\u0169ng c\u00f3 th\u1ec3 ch\u1ecdn xem ngay m\u00e0 kh\u00f4ng c\u1ea7n t\u00ecm ki\u1ebfm<\/li>\n<\/ul>\n<p><a class=\"td-modal-image\" href=\"data:image\/png;base64,iVBORw0KGgoAAAANSUhEUgAAAwwAAAIIAQAAAADr4lR0AAAAAnRSTlMAAHaTzTgAAABJSURBVHja7cExAQAAAMKg9U9tDQ+gAAAAAAAAAAAAAAAAAAAAAAAAAAAAAAAAAAAAAAAAAAAAAAAAAAAAAAAAAAAAAAAAAIAXA8kYAAERBXTGAAAAAElFTkSuQmCC\"><img loading=\"lazy\" decoding=\"async\" class=\"size-full wp-image-269025 aligncenter lazyautosizes lazyloaded\" title=\"H\u01b0\u1edbng d\u1eabn mua h\u00e0ng Online t\u1ea1i Di \u0110\u1ed9ng Vi\u1ec7t 9\" src=\"https:\/\/didongviet.vn\/dchannel\/wp-content\/uploads\/2020\/11\/Du-an-moi-3.png\" sizes=\"auto, 780px\" srcset=\"https:\/\/didongviet.vn\/dchannel\/wp-content\/uploads\/2020\/11\/Du-an-moi-3.png 780w, https:\/\/didongviet.vn\/dchannel\/wp-content\/uploads\/2020\/11\/Du-an-moi-3-300x200.png 300w, https:\/\/didongviet.vn\/dchannel\/wp-content\/uploads\/2020\/11\/Du-an-moi-3-768x512.png 768w\" alt=\"Du an moi 3\" width=\"780\" height=\"520\" data-src=\"https:\/\/didongviet.vn\/dchannel\/wp-content\/uploads\/2020\/11\/Du-an-moi-3.png\" data-srcset=\"https:\/\/didongviet.vn\/dchannel\/wp-content\/uploads\/2020\/11\/Du-an-moi-3.png 780w, https:\/\/didongviet.vn\/dchannel\/wp-content\/uploads\/2020\/11\/Du-an-moi-3-300x200.png 300w, https:\/\/didongviet.vn\/dchannel\/wp-content\/uploads\/2020\/11\/Du-an-moi-3-768x512.png 768w\" data-sizes=\"auto\" data-eio-rwidth=\"780\" data-eio-rheight=\"520\" \/><\/a><\/p>\n<ul>\n<li class=\"text14\">S\u1eed d\u1ee5ng menu s\u1ea3n ph\u1ea9m c\u1ee7a website: ch\u1ecdn lo\u1ea1i s\u1ea3n ph\u1ea9m mu\u1ed1n mua l\u00e0 \u0111i\u1ec7n tho\u1ea1i, MacBook, Ph\u1ee5\u00a0 hay thi\u1ebft b\u1ecb \u00e2m thanh<\/li>\n<\/ul>\n<p><a class=\"td-modal-image\" href=\"data:image\/png;base64,iVBORw0KGgoAAAANSUhEUgAAAwwAAAIIAQAAAADr4lR0AAAAAnRSTlMAAHaTzTgAAABJSURBVHja7cExAQAAAMKg9U9tDQ+gAAAAAAAAAAAAAAAAAAAAAAAAAAAAAAAAAAAAAAAAAAAAAAAAAAAAAAAAAAAAAAAAAIAXA8kYAAERBXTGAAAAAElFTkSuQmCC\"><img loading=\"lazy\" decoding=\"async\" class=\"size-full wp-image-269027 aligncenter lazyautosizes lazyloaded\" title=\"H\u01b0\u1edbng d\u1eabn mua h\u00e0ng Online t\u1ea1i Di \u0110\u1ed9ng Vi\u1ec7t 10\" src=\"https:\/\/didongviet.vn\/dchannel\/wp-content\/uploads\/2020\/11\/Du-an-moi-4.png\" sizes=\"auto, 780px\" srcset=\"https:\/\/didongviet.vn\/dchannel\/wp-content\/uploads\/2020\/11\/Du-an-moi-4.png 780w, https:\/\/didongviet.vn\/dchannel\/wp-content\/uploads\/2020\/11\/Du-an-moi-4-300x200.png 300w, https:\/\/didongviet.vn\/dchannel\/wp-content\/uploads\/2020\/11\/Du-an-moi-4-768x512.png 768w\" alt=\"Du an moi 4\" width=\"780\" height=\"520\" data-src=\"https:\/\/didongviet.vn\/dchannel\/wp-content\/uploads\/2020\/11\/Du-an-moi-4.png\" data-srcset=\"https:\/\/didongviet.vn\/dchannel\/wp-content\/uploads\/2020\/11\/Du-an-moi-4.png 780w, https:\/\/didongviet.vn\/dchannel\/wp-content\/uploads\/2020\/11\/Du-an-moi-4-300x200.png 300w, https:\/\/didongviet.vn\/dchannel\/wp-content\/uploads\/2020\/11\/Du-an-moi-4-768x512.png 768w\" data-sizes=\"auto\" data-eio-rwidth=\"780\" data-eio-rheight=\"520\" \/><\/a><\/p>\n<h3 id=\"ftoc-buoc-2-dat-mua-san-pham\" class=\"ftwp-heading\"><strong>B\u01b0\u1edbc 2: \u0110\u1eb7t mua s\u1ea3n ph\u1ea9m<\/strong><\/h3>\n<p class=\"text14\">Sau khi ch\u1ecdn \u0111\u01b0\u1ee3c s\u1ea3n ph\u1ea9m mu\u1ed1n mua, b\u1ea1n ti\u1ebfn h\u00e0nh \u0111\u1eb7t h\u00e0ng b\u1eb1ng c\u00e1ch:<\/p>\n<ul>\n<li class=\"text14\">Ch\u1ecdn v\u00e0o n\u00fat \u0110\u1eb6T NGAY n\u1ebfu b\u1ea1n mu\u1ed1n thanh to\u00e1n lu\u00f4n to\u00e0n b\u1ed9 gi\u00e1 ti\u1ec1n s\u1ea3n ph\u1ea9m, ch\u1ecdn v\u00e0o n\u00fat TR\u1ea2 G\u00d3P n\u1ebfu b\u1ea1n mu\u1ed1n mua theo h\u00ecnh th\u1ee9c tr\u1ea3 g\u00f3p.<\/li>\n<\/ul>\n<p><a class=\"td-modal-image\" href=\"data:image\/png;base64,iVBORw0KGgoAAAANSUhEUgAAAwwAAAIIAQAAAADr4lR0AAAAAnRSTlMAAHaTzTgAAABJSURBVHja7cExAQAAAMKg9U9tDQ+gAAAAAAAAAAAAAAAAAAAAAAAAAAAAAAAAAAAAAAAAAAAAAAAAAAAAAAAAAAAAAAAAAIAXA8kYAAERBXTGAAAAAElFTkSuQmCC\"><img loading=\"lazy\" decoding=\"async\" class=\"size-full wp-image-269028 aligncenter lazyautosizes lazyloaded\" title=\"H\u01b0\u1edbng d\u1eabn mua h\u00e0ng Online t\u1ea1i Di \u0110\u1ed9ng Vi\u1ec7t 11\" src=\"https:\/\/didongviet.vn\/dchannel\/wp-content\/uploads\/2020\/11\/Du-an-moi-38.jpg\" sizes=\"auto, 780px\" srcset=\"https:\/\/didongviet.vn\/dchannel\/wp-content\/uploads\/2020\/11\/Du-an-moi-38.jpg 780w, https:\/\/didongviet.vn\/dchannel\/wp-content\/uploads\/2020\/11\/Du-an-moi-38-300x200.jpg 300w, https:\/\/didongviet.vn\/dchannel\/wp-content\/uploads\/2020\/11\/Du-an-moi-38-768x512.jpg 768w\" alt=\"Du an moi 38\" width=\"780\" height=\"520\" data-src=\"https:\/\/didongviet.vn\/dchannel\/wp-content\/uploads\/2020\/11\/Du-an-moi-38.jpg\" data-srcset=\"https:\/\/didongviet.vn\/dchannel\/wp-content\/uploads\/2020\/11\/Du-an-moi-38.jpg 780w, https:\/\/didongviet.vn\/dchannel\/wp-content\/uploads\/2020\/11\/Du-an-moi-38-300x200.jpg 300w, https:\/\/didongviet.vn\/dchannel\/wp-content\/uploads\/2020\/11\/Du-an-moi-38-768x512.jpg 768w\" data-sizes=\"auto\" data-eio-rwidth=\"780\" data-eio-rheight=\"520\" \/><\/a><\/p>\n<ul>\n<li>\u0110i\u1ec1n \u0111\u1ea7y \u0111\u1ee7 c\u00e1c th\u00f4ng tin mua h\u00e0ng theo c\u00e1c b\u01b0\u1edbc tr\u00ean website, sau \u0111\u00f3 ch\u1ecdn h\u00ecnh th\u1ee9c nh\u1eadn h\u00e0ng l\u00e0 giao h\u00e0ng t\u1eadn n\u01a1i<\/li>\n<li>Sau khi \u0111\u1eb7t h\u00e0ng th\u00e0nh c\u00f4ng, Di \u0110\u1ed9ng Vi\u1ec7t s\u1ebd li\u00ean h\u1ec7 qu\u00fd kh\u00e1ch \u0111\u1ec3 x\u00e1c nh\u1eadn v\u00e0 ho\u00e0n t\u1ea5t th\u1ee7 t\u1ee5c.<\/li>\n<\/ul>\n<p class=\"text14\">Ngo\u00e0i c\u00e1c c\u00e1ch tr\u00ean, \u0111\u1ec3 mua h\u00e0ng t\u1ea1i Di \u0110\u1ed9ng Vi\u1ec7t qu\u00fd kh\u00e1ch c\u00f2n c\u00f3 th\u1ec3 \u0111\u1ec3 l\u1ea1i b\u00ecnh lu\u1eadn t\u1ea1i b\u1ea5t k\u00ec \u0111\u00e2u tr\u00ean website (c\u00f3 th\u00f4ng tin t\u00ean, s\u1ed1 \u0111i\u1ec7n tho\u1ea1i\u2026), ho\u1eb7c tr\u1ef1c ti\u1ebfp chat v\u1edbi t\u01b0 v\u1ea5n vi\u00ean c\u1ee7a c\u00f4ng ty \u0111\u1ec3 \u0111\u01b0\u1ee3c t\u01b0 v\u1ea5n v\u00e0 \u0111\u1eb7t mua s\u1ea3n ph\u1ea9m.<\/p>\n<p><a class=\"td-modal-image\" href=\"data:image\/png;base64,iVBORw0KGgoAAAANSUhEUgAAAwwAAAIIAQAAAADr4lR0AAAAAnRSTlMAAHaTzTgAAABJSURBVHja7cExAQAAAMKg9U9tDQ+gAAAAAAAAAAAAAAAAAAAAAAAAAAAAAAAAAAAAAAAAAAAAAAAAAAAAAAAAAAAAAAAAAIAXA8kYAAERBXTGAAAAAElFTkSuQmCC\"><img loading=\"lazy\" decoding=\"async\" class=\"size-full wp-image-269029 aligncenter lazyautosizes lazyloaded\" title=\"H\u01b0\u1edbng d\u1eabn mua h\u00e0ng Online t\u1ea1i Di \u0110\u1ed9ng Vi\u1ec7t 12\" src=\"https:\/\/didongviet.vn\/dchannel\/wp-content\/uploads\/2020\/11\/Du-an-moi-39.jpg\" sizes=\"auto, 780px\" srcset=\"https:\/\/didongviet.vn\/dchannel\/wp-content\/uploads\/2020\/11\/Du-an-moi-39.jpg 780w, https:\/\/didongviet.vn\/dchannel\/wp-content\/uploads\/2020\/11\/Du-an-moi-39-300x200.jpg 300w, https:\/\/didongviet.vn\/dchannel\/wp-content\/uploads\/2020\/11\/Du-an-moi-39-768x512.jpg 768w\" alt=\"Du an moi 39\" width=\"780\" height=\"520\" data-src=\"https:\/\/didongviet.vn\/dchannel\/wp-content\/uploads\/2020\/11\/Du-an-moi-39.jpg\" data-srcset=\"https:\/\/didongviet.vn\/dchannel\/wp-content\/uploads\/2020\/11\/Du-an-moi-39.jpg 780w, https:\/\/didongviet.vn\/dchannel\/wp-content\/uploads\/2020\/11\/Du-an-moi-39-300x200.jpg 300w, https:\/\/didongviet.vn\/dchannel\/wp-content\/uploads\/2020\/11\/Du-an-moi-39-768x512.jpg 768w\" data-sizes=\"auto\" data-eio-rwidth=\"780\" data-eio-rheight=\"520\" \/><\/a><\/p>\n<p><strong>C\u00e1c c\u00e1ch thanh to\u00e1n mua h\u00e0ng:<\/strong><\/p>\n<ul>\n<li>Giao h\u00e0ng v\u00e0 thanh to\u00e1n t\u1ea1i nh\u00e0<\/li>\n<li><strong>Chuy\u1ec3n kho\u1ea3n QR-Code Online<\/strong>\u00a0nhanh ch\u00f3ng ho\u1eb7c thanh to\u00e1n Online tr\u00ean website mi\u1ec5n ph\u00ed v\u1edbi c\u00e1c lo\u1ea1i Th\u1ebb t\u00edn d\u1ee5ng, ATM, Internet banking\u2026<\/li>\n<\/ul>\n<p><strong>Mua h\u00e0ng tr\u1ea3 g\u00f3p:<\/strong><\/p>\n<ul>\n<li>Tr\u1ea3 g\u00f3p online h\u01a1n 20 lo\u1ea1i th\u1ebb t\u00edn d\u1ee5ng v\u1edbi l\u1ef1a ch\u1ecdn mua tr\u1ea3 g\u00f3p th\u1ebb t\u00edn d\u1ee5ng (xem th\u00eam thanh to\u00e1n tr\u1ea3 g\u00f3p tr\u1ef1c tuy\u1ebfn Alepay)<\/li>\n<li>Tr\u1ea3 g\u00f3p qua c\u00f4ng ty t\u00e0i ch\u00ednh: x\u00e9t duy\u1ec7t h\u1ed3 s\u01a1 online \u2013 nh\u1eadn s\u1ea3n ph\u1ea9m t\u1ea1i nh\u00e0<\/li>\n<\/ul>\n<p><a class=\"td-modal-image\" href=\"data:image\/png;base64,iVBORw0KGgoAAAANSUhEUgAAAwwAAAKcAQAAAABtFQAhAAAAAnRSTlMAAHaTzTgAAABXSURBVHja7cExAQAAAMKg9U9tCU+gAAAAAAAAAAAAAAAAAAAAAAAAAAAAAAAAAAAAAAAAAAAAAAAAAAAAAAAAAAAAAAAAAAAAAAAAAAAAAAAAAAAAAP4GAmMAAToHzn0AAAAASUVORK5CYII=\"><img loading=\"lazy\" decoding=\"async\" class=\"size-full wp-image-99002 aligncenter lazyautosizes lazyloaded\" title=\"H\u01b0\u1edbng d\u1eabn mua h\u00e0ng Online t\u1ea1i Di \u0110\u1ed9ng Vi\u1ec7t 13\" src=\"https:\/\/didongviet.vn\/dchannel\/wp-content\/uploads\/2020\/11\/mua-hang-didongviet-8.jpg\" sizes=\"auto, 780px\" srcset=\"https:\/\/didongviet.vn\/dchannel\/wp-content\/uploads\/2020\/11\/mua-hang-didongviet-8.jpg 780w, https:\/\/didongviet.vn\/dchannel\/wp-content\/uploads\/2020\/11\/mua-hang-didongviet-8-300x257.jpg 300w, https:\/\/didongviet.vn\/dchannel\/wp-content\/uploads\/2020\/11\/mua-hang-didongviet-8-768x658.jpg 768w\" alt=\"mua hang didongviet 8\" width=\"780\" height=\"668\" data-src=\"https:\/\/didongviet.vn\/dchannel\/wp-content\/uploads\/2020\/11\/mua-hang-didongviet-8.jpg\" data-srcset=\"https:\/\/didongviet.vn\/dchannel\/wp-content\/uploads\/2020\/11\/mua-hang-didongviet-8.jpg 780w, https:\/\/didongviet.vn\/dchannel\/wp-content\/uploads\/2020\/11\/mua-hang-didongviet-8-300x257.jpg 300w, https:\/\/didongviet.vn\/dchannel\/wp-content\/uploads\/2020\/11\/mua-hang-didongviet-8-768x658.jpg 768w\" data-sizes=\"auto\" data-eio-rwidth=\"780\" data-eio-rheight=\"668\" \/><\/a><\/p>\n<p><strong>Th\u1eddi gian giao nh\u1eadn h\u00e0ng<\/strong><\/p>\n<ul>\n<li>N\u1ed9i th\u00e0nh: Giao h\u00e0ng trong ng\u00e0y<\/li>\n<li>Ngo\u1ea1i th\u00e0nh: Giao h\u00e0ng t\u1eeb 2 \u2013 3 ng\u00e0y<\/li>\n<\/ul>\n<p><strong>H\u01b0\u1edbng d\u1eabn thanh to\u00e1n b\u1eb1ng QR Code<\/strong><\/p>\n<p><a class=\"td-modal-image\" href=\"data:image\/png;base64,iVBORw0KGgoAAAANSUhEUgAAAwwAAAIIAQAAAADr4lR0AAAAAnRSTlMAAHaTzTgAAABJSURBVHja7cExAQAAAMKg9U9tDQ+gAAAAAAAAAAAAAAAAAAAAAAAAAAAAAAAAAAAAAAAAAAAAAAAAAAAAAAAAAAAAAAAAAIAXA8kYAAERBXTGAAAAAElFTkSuQmCC\"><img loading=\"lazy\" decoding=\"async\" class=\"size-full wp-image-269030 aligncenter lazyautosizes lazyloaded\" title=\"H\u01b0\u1edbng d\u1eabn mua h\u00e0ng Online t\u1ea1i Di \u0110\u1ed9ng Vi\u1ec7t 14\" src=\"https:\/\/didongviet.vn\/dchannel\/wp-content\/uploads\/2020\/11\/Du-an-moi-40.jpg\" sizes=\"auto, 780px\" srcset=\"https:\/\/didongviet.vn\/dchannel\/wp-content\/uploads\/2020\/11\/Du-an-moi-40.jpg 780w, https:\/\/didongviet.vn\/dchannel\/wp-content\/uploads\/2020\/11\/Du-an-moi-40-300x200.jpg 300w, https:\/\/didongviet.vn\/dchannel\/wp-content\/uploads\/2020\/11\/Du-an-moi-40-768x512.jpg 768w\" alt=\"Du an moi 40\" width=\"780\" height=\"520\" data-src=\"https:\/\/didongviet.vn\/dchannel\/wp-content\/uploads\/2020\/11\/Du-an-moi-40.jpg\" data-srcset=\"https:\/\/didongviet.vn\/dchannel\/wp-content\/uploads\/2020\/11\/Du-an-moi-40.jpg 780w, https:\/\/didongviet.vn\/dchannel\/wp-content\/uploads\/2020\/11\/Du-an-moi-40-300x200.jpg 300w, https:\/\/didongviet.vn\/dchannel\/wp-content\/uploads\/2020\/11\/Du-an-moi-40-768x512.jpg 768w\" data-sizes=\"auto\" data-eio-rwidth=\"780\" data-eio-rheight=\"520\" \/><\/a><\/p>\n<p>B\u01b0\u1edbc 1: Qu\u00e9t QR nh\u01b0 tr\u00ean h\u00ecnh.<br \/>B\u01b0\u1edbc 2: Sau khi qu\u00e9t xong v\u00e0 th\u1ef1c hi\u1ec7n thanh to\u00e1n, qu\u00fd kh\u00e1ch vui l\u00f2ng ch\u1ee5p \u1ea3nh m\u00e0n h\u00ecnh v\u00e0 ki\u1ec3m tra l\u1ea1i v\u1edbi nh\u00e2n vi\u00ean Di \u0110\u1ed9ng Vi\u1ec7t.<br \/>B\u01b0\u1edbc 3: B\u1ed9 ph\u1eadn ch\u0103m s\u00f3c Kh\u00e1ch h\u00e0ng s\u1ebd ki\u1ec3m tra v\u00e0 th\u00f4ng b\u00e1o l\u1ea1i v\u1edbi kh\u00e1ch \u0111\u00e3 thanh to\u00e1n th\u00e0nh c\u00f4ng.<br \/>B\u01b0\u1edbc 4: Kh\u00e1ch h\u00e0ng x\u00e1c nh\u1eadn v\u00e0 gh\u00e9 c\u1eeda h\u00e0ng nh\u1eadn s\u1ea3n ph\u1ea9m v\u00e0 h\u00f3a \u0111\u01a1n mua h\u00e0ng.<\/p>\n<p><strong class=\"text_ff0 text16\">L\u01b0u \u00fd:<\/strong><\/p>\n<ul>\n<li class=\"text14\">Di \u0110\u1ed9ng Vi\u1ec7t ch\u1ec9 ch\u1ea5p nh\u1eadn nh\u1eefng \u0111\u01a1n \u0111\u1eb7t h\u00e0ng khi cung c\u1ea5p \u0111\u1ee7 th\u00f4ng tin ch\u00ednh x\u00e1c v\u1ec1 \u0111\u1ecba ch\u1ec9, s\u1ed1 \u0111i\u1ec7n tho\u1ea1i. Sau khi b\u1ea1n \u0111\u1eb7t h\u00e0ng, ch\u00fang t\u00f4i s\u1ebd li\u00ean l\u1ea1c l\u1ea1i \u0111\u1ec3 ki\u1ec3m tra th\u00f4ng tin v\u00e0 th\u1ecfa thu\u1eadn th\u00eam nh\u1eefng \u0111i\u1ec1u c\u00f3 li\u00ean quan.<\/li>\n<li class=\"text14\">M\u1ed9t s\u1ed1 tr\u01b0\u1eddng h\u1ee3p nh\u1ea1y c\u1ea3m: gi\u00e1 tr\u1ecb \u0111\u01a1n h\u00e0ng qu\u00e1 l\u1edbn &amp; th\u1eddi gian giao h\u00e0ng v\u00e0o bu\u1ed5i t\u1ed1i \u0111\u1ecba ch\u1ec9 giao h\u00e0ng trong ng\u00f5 ho\u1eb7c c\u00f3 th\u1ec3 d\u1eabn \u0111\u1ebfn nguy hi\u1ec3m. Ch\u00fang t\u00f4i s\u1ebd ch\u1ee7 \u0111\u1ed9ng li\u00ean l\u1ea1c v\u1edbi qu\u00fd kh\u00e1ch \u0111\u1ec3 th\u1ed1ng nh\u1ea5t l\u1ea1i th\u1eddi gian giao h\u00e0ng c\u1ee5 th\u1ec3.<\/li>\n<li class=\"text14\">C\u00f4ng ty cam k\u1ebft t\u1ea5t c\u1ea3 h\u00e0ng h\u00f3a g\u1edfi \u0111\u1ebfn qu\u00fd kh\u00e1ch \u0111\u1ec1u l\u00e0 h\u00e0ng ch\u00ednh h\u00e3ng m\u1edbi 100% (c\u00f3 \u0111\u1ea7y \u0111\u1ee7 h\u00f3a \u0111\u01a1n, \u0111\u01b0\u1ee3c b\u1ea3o h\u00e0nh ch\u00ednh th\u1ee9c). Nh\u1eefng r\u1ee7i ro ph\u00e1t sinh trong qu\u00e1 tr\u00ecnh v\u1eadn chuy\u1ec3n (va \u0111\u1eadp, \u1ea9m \u01b0\u1edbt, tai n\u1ea1n\u2026) c\u00f3 th\u1ec3 \u1ea3nh h\u01b0\u1edfng \u0111\u1ebfn h\u00e0ng h\u00f3a, v\u00ec th\u1ebf xin Qu\u00fd Kh\u00e1ch vui l\u00f2ng ki\u1ec3m tra h\u00e0ng h\u00f3a th\u1eadt k\u1ef9 tr\u01b0\u1edbc khi k\u00fd nh\u1eadn. Di \u0110\u1ed9ng Vi\u1ec7t s\u1ebd kh\u00f4ng ch\u1ecbu tr\u00e1ch nhi\u1ec7m v\u1edbi nh\u1eefng sai l\u1ec7ch h\u00ecnh th\u1ee9c c\u1ee7a h\u00e0ng ho\u00e1 sau khi Qu\u00fd kh\u00e1ch \u0111\u00e3 k\u00fd nh\u1eadn h\u00e0ng.<\/li>\n<\/ul>\n<p>Th\u00f4ng tin chi ti\u1ebft hay th\u1eafc m\u1eafc v\u1ec1 c\u00e1c h\u00ecnh th\u1ee9c mua h\u00e0ng t\u1eeb xa, qu\u00fd kh\u00e1ch h\u00e0ng vui l\u00f2ng li\u00ean h\u1ec7 Hotline 1800.6018 (Mi\u1ec5n ph\u00ed) ho\u1eb7c truy c\u1eadp website, Fanpage Di \u0110\u1ed9ng Vi\u1ec7t (<a href=\"https:\/\/oa.zalo.me\/manage\/profile\" target=\"_blank\" rel=\"noopener\">Zalo<\/a>,\u00a0Instagram,\u00a0<a href=\"https:\/\/www.youtube.com\/user\/didongvietnam\" target=\"_blank\" rel=\"noopener\">Youtube<\/a>).<\/p>\n<\/header>\n\n\t\t<\/div>\n\t\t\t\t\t<\/div>\n\n\t\n\n<\/div>\n\n\t\t<\/div>\n\n\t\t\n<style>\n#section_1554810916 {\n  padding-top: 30px;\n  padding-bottom: 30px;\n}\n<\/style>\n\t<\/section>\n\t","protected":false},"excerpt":{"rendered":"","protected":false},"author":3,"featured_media":0,"parent":0,"menu_order":0,"comment_status":"closed","ping_status":"closed","template":"page-left-sidebar.php","meta":{"footnotes":""},"class_list":["post-5047","page","type-page","status-publish","hentry"],"_links":{"self":[{"href":"https:\/\/demos.thietkewebphumy.com\/taxi\/taxi-phumy\/wp-json\/wp\/v2\/pages\/5047","targetHints":{"allow":["GET"]}}],"collection":[{"href":"https:\/\/demos.thietkewebphumy.com\/taxi\/taxi-phumy\/wp-json\/wp\/v2\/pages"}],"about":[{"href":"https:\/\/demos.thietkewebphumy.com\/taxi\/taxi-phumy\/wp-json\/wp\/v2\/types\/page"}],"author":[{"embeddable":true,"href":"https:\/\/demos.thietkewebphumy.com\/taxi\/taxi-phumy\/wp-json\/wp\/v2\/users\/3"}],"replies":[{"embeddable":true,"href":"https:\/\/demos.thietkewebphumy.com\/taxi\/taxi-phumy\/wp-json\/wp\/v2\/comments?post=5047"}],"version-history":[{"count":2,"href":"https:\/\/demos.thietkewebphumy.com\/taxi\/taxi-phumy\/wp-json\/wp\/v2\/pages\/5047\/revisions"}],"predecessor-version":[{"id":5056,"href":"https:\/\/demos.thietkewebphumy.com\/taxi\/taxi-phumy\/wp-json\/wp\/v2\/pages\/5047\/revisions\/5056"}],"wp:attachment":[{"href":"https:\/\/demos.thietkewebphumy.com\/taxi\/taxi-phumy\/wp-json\/wp\/v2\/media?parent=5047"}],"curies":[{"name":"wp","href":"https:\/\/api.w.org\/{rel}","templated":true}]}}