{"id":5045,"date":"2024-08-19T13:53:47","date_gmt":"2024-08-19T06:53:47","guid":{"rendered":"http:\/\/localhost:81\/demos\/prewebdemo\/woocoomerce\/?page_id=5045"},"modified":"2024-08-19T13:59:38","modified_gmt":"2024-08-19T06:59:38","slug":"chinh-sach-su-dung","status":"publish","type":"page","link":"https:\/\/demos.thietkewebphumy.com\/taxi\/taxi-phumy\/chinh-sach-su-dung\/","title":{"rendered":"Ch\u00ednh s\u00e1ch s\u1eed d\u1ee5ng"},"content":{"rendered":"\n\t<section class=\"section\" id=\"section_1802666818\">\n\t\t<div class=\"section-bg fill\" >\n\t\t\t\t\t\t\t\t\t\n\t\t\t\n\n\t\t<\/div>\n\n\t\t\n\n\t\t<div class=\"section-content relative\">\n\t\t\t\n\n<div class=\"row\"  id=\"row-1933028256\">\n\n\n\t<div id=\"col-129527840\" class=\"col small-12 large-12\"  >\n\t\t\t\t<div class=\"col-inner\"  >\n\t\t\t\n\t\t\t\n\n<header class=\"entry-header1\">\n<h2><strong>1. Ch\u1ea5p nh\u1eadn c\u00e1c \u0111i\u1ec1u kho\u1ea3n s\u1eed d\u1ee5ng<\/strong><\/h2>\n<p>C\u00e1c \u0111i\u1ec1u kho\u1ea3n v\u00e0 \u0111i\u1ec1u ki\u1ec7n sau \u0111\u00e2y (g\u1ecdi chung l\u00e0 c\u00e1c \u201c\u0110i\u1ec1u kho\u1ea3n s\u1eed d\u1ee5ng\u201d) quy \u0111\u1ecbnh vi\u1ec7c truy c\u1eadp v\u00e0 s\u1eed d\u1ee5ng c\u00e1c d\u1ecbch v\u1ee5, th\u00f4ng tin t\u1eeb Didongviet.vn.<\/p>\n<p>B\u1eb1ng vi\u1ec7c s\u1eed d\u1ee5ng b\u1ea5t k\u1ef3 d\u1ecbch v\u1ee5 n\u00e0o c\u1ee7a Didongviet.vn, b\u1ea1n ch\u1ea5p nh\u1eadn, \u0111\u1ed3ng \u00fd b\u1ecb r\u00e0ng bu\u1ed9c v\u00e0 tu\u00e2n th\u1ee7 c\u00e1c \u0111i\u1ec1u kho\u1ea3n s\u1eed d\u1ee5ng c\u1ee7a Didongviet.vn d\u01b0\u1edbi \u0111\u00e2y.<\/p>\n<p>N\u1ebfu b\u1ea1n kh\u00f4ng \u0111\u1ed3ng \u00fd v\u1edbi b\u1ea5t k\u1ef3 \u0111i\u1ec1u kho\u1ea3n s\u1eed d\u1ee5ng, ch\u00ednh s\u00e1ch b\u1ea3o m\u1eadt c\u1ee7a Didongviet.vn ho\u1eb7c kh\u00f4ng c\u00f3 \u0111\u1ea7y \u0111\u1ee7 n\u0103ng l\u1ef1c h\u00e0nh vi d\u00e2n s\u1ef1 ph\u00f9 h\u1ee3p, xin vui l\u00f2ng d\u1eebng vi\u1ec7c truy c\u1eadp v\u00e0 s\u1eed d\u1ee5ng Didongviet.vn ngay l\u1eadp t\u1ee9c.<\/p>\n<h2><strong>2. Truy c\u1eadp didongviet.vn<\/strong><\/h2>\n<p>Didongviet.vn b\u1ea3o l\u01b0u quy\u1ec1n \u0111\u01b0\u1ee3c ch\u1ea5m d\u1ee9t, thay \u0111\u1ed5i b\u1ea5t k\u1ef3 d\u1ecbch v\u1ee5, th\u00f4ng tin n\u00e0o m\u00e0 Didongviet.vn cung c\u1ea5p v\u00e0o b\u1ea5t c\u1ee9 l\u00fac n\u00e0o, theo quy\u1ebft \u0111\u1ecbnh c\u1ee7a Didongviet.vn m\u00e0 kh\u00f4ng c\u1ea7n b\u00e1o tr\u01b0\u1edbc. \u0110\u1ec3 truy c\u1eadp v\u00e0 s\u1eed d\u1ee5ng c\u00e1c d\u1ecbch v\u1ee5, th\u00f4ng tin c\u1ee7a Didongviet.vn, b\u1ea1n c\u00f3 th\u1ec3 \u0111\u01b0\u1ee3c y\u00eau c\u1ea7u cung c\u1ea5p m\u1ed9t s\u1ed1 th\u00f4ng tin \u0111\u0103ng k\u00fd nh\u1ea5t \u0111\u1ecbnh khi b\u1ea1n \u0111\u0103ng k\u00fd th\u00e0nh vi\u00ean\/ \u0111\u0103ng k\u00fd nh\u1eadn b\u1ea3n tin.<\/p>\n<p>B\u1ea1n \u0111\u1ea3m b\u1ea3o r\u1eb1ng t\u1ea5t c\u1ea3 c\u00e1c th\u00f4ng tin b\u1ea1n cung c\u1ea5p cho Didongviet.vn l\u00e0 ch\u00ednh x\u00e1c, \u0111\u1ea7y \u0111\u1ee7 v\u00e0 c\u1eadp nh\u1eadt. B\u1ea1n \u0111\u1ed3ng \u00fd r\u1eb1ng t\u1ea5t c\u1ea3 c\u00e1c th\u00f4ng tin m\u00e0 b\u1ea1n cung c\u1ea5p cho Didongviet.vn th\u00f4ng qua Website Didongviet.vn \u0111\u01b0\u1ee3c \u0111i\u1ec1u ch\u1ec9nh b\u1edfi ch\u00ednh s\u00e1ch b\u1ea3o m\u1eadt c\u1ee7a Didongviet.vn.<\/p>\n<p>N\u1ebfu b\u1ea1n l\u1ef1a ch\u1ecdn, ho\u1eb7c \u0111\u01b0\u1ee3c cung c\u1ea5p, m\u1ed9t t\u00ean ng\u01b0\u1eddi d\u00f9ng, m\u1eadt kh\u1ea9u ho\u1eb7c b\u1ea5t k\u1ef3 ph\u1ea7n n\u00e0o kh\u00e1c c\u1ee7a th\u00f4ng tin nh\u01b0 l\u00e0 m\u1ed9t ph\u1ea7n c\u1ee7a th\u1ee7 t\u1ee5c an ninh c\u1ee7a Didongviet.vn, b\u1ea1n c\u00f3 ngh\u0129a v\u1ee5 b\u1ea3o m\u1eadt c\u00e1c th\u00f4ng tin n\u00e0y, v\u00e0 kh\u00f4ng \u0111\u01b0\u1ee3c ti\u1ebft l\u1ed9 cho b\u1ea5t k\u1ef3 ng\u01b0\u1eddi n\u00e0o ho\u1eb7c t\u1ed5 ch\u1ee9c n\u00e0o kh\u00e1c.<\/p>\n<p>B\u1ea1n c\u0169ng x\u00e1c nh\u1eadn r\u1eb1ng t\u00e0i kho\u1ea3n c\u1ee7a b\u1ea1n l\u00e0 d\u00e0nh ri\u00eang cho b\u1ea1n v\u00e0 \u0111\u1ed3ng \u00fd kh\u00f4ng cung c\u1ea5p th\u00f4ng tin t\u00e0i kho\u1ea3n cho b\u1ea5t k\u1ef3 ng\u01b0\u1eddi n\u00e0o kh\u00e1c \u0111\u1ec3 truy c\u1eadp v\u00e0o c\u00e1c d\u1ecbch v\u1ee5, th\u00f4ng tin c\u1ee7a Didongviet.vn. B\u1ea1n \u0111\u1ed3ng \u00fd th\u00f4ng b\u00e1o cho Didongviet.vn ngay l\u1eadp t\u1ee9c b\u1ea5t k\u1ef3 vi\u1ec7c truy c\u1eadp tr\u00e1i ph\u00e9p n\u00e0o c\u00f3 s\u1eed d\u1ee5ng \u0111\u1ebfn t\u00ean s\u1eed d\u1ee5ng, m\u1eadt kh\u1ea9u c\u1ee7a b\u1ea1n.<\/p>\n<p>Didongviet.vn c\u00f3 quy\u1ec1n v\u00f4 hi\u1ec7u h\u00f3a b\u1ea5t k\u1ef3 t\u00ean ng\u01b0\u1eddi d\u00f9ng, m\u1eadt kh\u1ea9u ho\u1eb7c s\u1ed1 nh\u1eadn d\u1ea1ng kh\u00e1c, \u0111\u00e3 \u0111\u01b0\u1ee3c l\u1ef1a ch\u1ecdn b\u1edfi b\u1ea1n ho\u1eb7c cung c\u1ea5p b\u1edfi Didongviet.vn, b\u1ea5t c\u1ee9 l\u00fac n\u00e0o theo quy\u1ebft \u0111\u1ecbnh c\u1ee7a Didongviet.vn m\u00e0 kh\u00f4ng c\u1ea7n th\u00f4ng b\u00e1o l\u00fd do c\u1ee7a vi\u1ec7c v\u00f4 hi\u1ec7u h\u00f3a \u0111\u00f3.<\/p>\n<h2><strong>3. Quy\u1ec1n s\u1edf h\u1eefu tr\u00ed tu\u1ec7<\/strong><\/h2>\n<p>C\u00e1c \u0110i\u1ec1u kho\u1ea3n s\u1eed d\u1ee5ng cho ph\u00e9p b\u1ea1n s\u1eed d\u1ee5ng c\u00e1c d\u1ecbch v\u1ee5 c\u1ee7a Didongviet.vn cho c\u00e1 nh\u00e2n, cho m\u1ee5c \u0111\u00edch phi th\u01b0\u01a1ng m\u1ea1i.<\/p>\n<p>B\u1ea1n kh\u00f4ng \u0111\u01b0\u1ee3c sao ch\u00e9p, ph\u00e2n ph\u1ed1i, s\u1eeda \u0111\u1ed5i, hi\u1ec3n th\u1ecb c\u00f4ng khai, th\u1ef1c hi\u1ec7n c\u00f4ng khai, t\u00e1i xu\u1ea5t b\u1ea3n, t\u1ea3i v\u1ec1, l\u01b0u tr\u1eef ho\u1eb7c truy\u1ec1n t\u1ea3i b\u1ea5t k\u1ef3 n\u1ed9i dung ho\u1eb7c t\u00e0i li\u1ec7u c\u00f3 s\u1eb5n tr\u00ean Website Didongviet.vn ngo\u1ea1i tr\u1eeb tr\u01b0\u1eddng h\u1ee3p vi\u1ec7c n\u00e0y \u0111\u01b0\u1ee3c th\u1ef1c hi\u1ec7n t\u1ef1 \u0111\u1ed9ng b\u1edfi m\u00e1y t\u00ednh\/ tr\u00ecnh duy\u1ec7t web m\u00e0 b\u1ea1n s\u1eed d\u1ee5ng, c\u1ea7n thi\u1ebft cho vi\u1ec7c truy c\u1eadp v\u00e0 s\u1eed d\u1ee5ng c\u00e1c d\u1ecbch v\u1ee5, th\u00f4ng tin c\u1ee7a Didongviet.vn.<\/p>\n<h2><strong>4. Th\u01b0\u01a1ng hi\u1ec7u<\/strong><\/h2>\n<p>B\u1ea1n kh\u00f4ng \u0111\u01b0\u1ee3c s\u1eed d\u1ee5ng th\u01b0\u01a1ng hi\u1ec7u Didongviet.vn, m\u00e0 kh\u00f4ng c\u00f3 s\u1ef1 cho ph\u00e9p tr\u01b0\u1edbc b\u1eb1ng v\u0103n b\u1ea3n c\u1ee7a Didongviet.vn. C\u00e1c th\u01b0\u01a1ng hi\u1ec7u c\u1ee7a c\u00e1c b\u00ean th\u1ee9 ba, c\u00e1c bi\u1ec3u t\u01b0\u1ee3ng, s\u1ea3n ph\u1ea9m ho\u1eb7c d\u1ecbch v\u1ee5, thi\u1ebft k\u1ebf hay kh\u1ea9u hi\u1ec7u xu\u1ea5t hi\u1ec7n tr\u00ean Didongviet.vn kh\u00f4ng nh\u1ea5t thi\u1ebft ch\u1ec9 ra b\u1ea5t k\u1ef3 s\u1ef1 li\u00ean k\u1ebft n\u00e0o c\u1ee7a c\u00e1c b\u00ean th\u1ee9 ba \u0111\u00f3 v\u1edbi Didongviet.vn.<\/p>\n<h2><strong>5. H\u00e0nh vi nghi\u00eam c\u1ea5m<\/strong><\/h2>\n<p>B\u1ea1n ch\u1ec9 c\u00f3 th\u1ec3 s\u1eed d\u1ee5ng c\u00e1c d\u1ecbch v\u1ee5 c\u1ee7a Didongviet.vn cho c\u00e1c m\u1ee5c \u0111\u00edch h\u1ee3p ph\u00e1p v\u00e0 ph\u00f9 h\u1ee3p v\u1edbi c\u00e1c \u0111i\u1ec1u kho\u1ea3n s\u1eed d\u1ee5ng. B\u1ea1n \u0111\u1ed3ng \u00fd kh\u00f4ng s\u1eed d\u1ee5ng c\u00e1c d\u1ecbch v\u1ee5 c\u1ee7a Didongviet.vn cho b\u1ea5t k\u1ef3 h\u00e0nh vi ho\u1eb7c m\u1ee5c \u0111\u00edch vi ph\u1ea1m ph\u00e1p lu\u1eadt.<\/p>\n<h2><strong>6. \u0110\u00f3ng g\u00f3p c\u1ee7a th\u00e0nh vi\u00ean\u00a0<\/strong><\/h2>\n<p>C\u00e1c d\u1ecbch v\u1ee5 Didongviet.vn c\u00f3 th\u1ec3 ch\u1ee9a b\u1ea3ng tin, c\u00e1c trang web c\u00e1 nh\u00e2n ho\u1eb7c c\u1ea5u h\u00ecnh, ch\u1ee9c n\u0103ng nh\u1eafn tin v\u00e0 c\u00e1c t\u00ednh n\u0103ng t\u01b0\u01a1ng t\u00e1c kh\u00e1c (g\u1ecdi chung l\u00e0 \u201cD\u1ecbch v\u1ee5 t\u01b0\u01a1ng t\u00e1c\u201d) cho ph\u00e9p ng\u01b0\u1eddi d\u00f9ng g\u1eedi, xu\u1ea5t b\u1ea3n, truy\u1ec1n t\u1ea3i cho ng\u01b0\u1eddi kh\u00e1c n\u1ed9i dung ho\u1eb7c t\u00e0i li\u1ec7u (g\u1ecdi chung l\u00e0 \u201cnh\u1eefng \u0111\u00f3ng g\u00f3p c\u1ee7a th\u00e0nh vi\u00ean\u201d), tr\u00ean ho\u1eb7c th\u00f4ng qua D\u1ecbch v\u1ee5 c\u1ee7a Didongviet.vn.<\/p>\n<p>B\u1ea5t k\u1ef3 th\u00f4ng tin n\u00e0o b\u1ea1n g\u1eedi \u0111\u1ebfn c\u00e1c D\u1ecbch v\u1ee5 c\u1ee7a Didongviet.vn s\u1ebd kh\u00f4ng \u0111\u01b0\u1ee3c coi l\u00e0 c\u00e1c th\u00f4ng tin b\u1ea3o m\u1eadt. B\u1eb1ng c\u00e1ch cung c\u1ea5p b\u1ea5t k\u1ef3 \u0111\u00f3ng g\u00f3p n\u00e0o tr\u00ean c\u00e1c D\u1ecbch v\u1ee5 c\u1ee7a Didongviet.vn, b\u1ea1n c\u1ea5p cho Didongviet.vn quy\u1ec1n kh\u00f4ng th\u1ec3 thu h\u1ed3i, \u0111\u1ea7y \u0111\u1ee7, v\u0129nh vi\u1ec5n, v\u00e0 mi\u1ec5n ph\u00ed \u0111\u1ec3 t\u00e1i xu\u1ea5t b\u1ea3n, tr\u01b0ng b\u00e0y, ph\u00e2n ph\u1ed1i, s\u1eeda \u0111\u1ed5i.<\/p>\n<p>B\u1ea1n b\u1ea3o \u0111\u1ea3m r\u1eb1ng b\u1ea1n s\u1edf h\u1eefu ho\u1eb7c ki\u1ec3m so\u00e1t m\u1ecdi quy\u1ec1n \u0111\u1ed1i v\u1edbi c\u00e1c th\u00f4ng tin \u0111\u00f3ng g\u00f3p cho Didongviet.vn. B\u1ea1n \u0111\u1ea3m b\u1ea3o t\u00ednh h\u1ee3p ph\u00e1p, \u0111\u1ed9 tin c\u1eady, t\u00ednh ch\u00ednh x\u00e1c v\u00e0 ph\u00f9 h\u1ee3p c\u1ee7a c\u00e1c th\u00f4ng tin \u0111\u00f3. Didongviet.vn kh\u00f4ng ch\u1ecbu tr\u00e1ch nhi\u1ec7m v\u1edbi b\u1ea5t k\u1ef3 b\u00ean th\u1ee9 ba n\u00e0o, v\u1ec1 n\u1ed9i dung ho\u1eb7c t\u00ednh ch\u00ednh x\u00e1c c\u1ee7a b\u1ea5t k\u1ef3 \u0111\u00f3ng g\u00f3p n\u00e0o c\u1ee7a ng\u01b0\u1eddi d\u00f9ng.<\/p>\n<h2><strong>7. Gi\u00e1m s\u00e1t v\u00e0 Thi h\u00e0nh\u00a0<\/strong><\/h2>\n<p>Didongviet.vn c\u00f3 quy\u1ec1n: lo\u1ea1i b\u1ecf ho\u1eb7c t\u1eeb ch\u1ed1i \u0111\u01b0a l\u00ean b\u1ea5t k\u1ef3 th\u00f4ng tin \u0111\u00f3ng g\u00f3p n\u00e0o c\u1ee7a th\u00e0nh vi\u00ean theo \u0111\u00e1nh gi\u00e1 c\u1ee7a Didongviet.vn; th\u1ef1c hi\u1ec7n c\u00e1c s\u1eeda \u0111\u1ed5i m\u00e0 Didongviet.vn cho l\u00e0 c\u1ea7n thi\u1ebft \u0111\u1ed1i v\u1edbi c\u00e1c \u0111\u00f3ng g\u00f3p c\u1ee7a th\u00e0nh vi\u00ean; ti\u1ebft l\u1ed9 danh t\u00ednh c\u1ee7a b\u1ea1n ho\u1eb7c c\u00e1c th\u00f4ng tin kh\u00e1c v\u1ec1 b\u1ea1n theo c\u00e1c y\u00eau c\u1ea7u c\u1ee7a c\u00e1c c\u01a1 quan ch\u1ee9c n\u0103ng c\u00f3 th\u1ea9m quy\u1ec1n; ch\u1ea5m d\u1ee9t ho\u1eb7c \u0111\u00ecnh ch\u1ec9 truy c\u1eadp c\u1ee7a b\u1ea1n \u0111\u1ebfn t\u1ea5t c\u1ea3 hay m\u1ed9t ph\u1ea7n c\u1ee7a D\u1ecbch v\u1ee5 Didongviet.vn cho b\u1ea5t k\u1ef3 ho\u1eb7c kh\u00f4ng v\u00ec l\u00fd do g\u00ec.<\/p>\n<p>Didongviet.vn kh\u00f4ng th\u1ef1c hi\u1ec7n xem x\u00e9t c\u00e1c t\u00e0i li\u1ec7u tr\u01b0\u1edbc khi n\u00f3 \u0111\u01b0\u1ee3c \u0111\u0103ng t\u1ea3i tr\u00ean c\u00e1c D\u1ecbch v\u1ee5 c\u1ee7a Didongviet.vn, v\u00e0 kh\u00f4ng th\u1ec3 \u0111\u1ea3m b\u1ea3o lo\u1ea1i b\u1ecf nhanh ch\u00f3ng c\u00e1c th\u00f4ng tin n\u00e0y sau khi n\u00f3 \u0111\u00e3 \u0111\u01b0\u1ee3c \u0111\u0103ng.<\/p>\n<h2><strong>8. Ti\u00eau chu\u1ea9n n\u1ed9i dung\u00a0<\/strong><\/h2>\n<p>Ti\u00eau chu\u1ea9n \u00e1p d\u1ee5ng cho b\u1ea5t k\u1ef3 v\u00e0 t\u1ea5t c\u1ea3 c\u00e1c \u0111\u00f3ng g\u00f3p c\u1ee7a ng\u01b0\u1eddi s\u1eed d\u1ee5ng. N\u1ed9i dung \u0111\u00f3ng g\u00f3p c\u1ee7a ng\u01b0\u1eddi d\u00f9ng ph\u1ea3i tu\u00e2n th\u1ee7 c\u00e1c qui \u0111\u1ecbnh ph\u00e1p lu\u1eadt.<\/p>\n<p>Theo \u0111\u00f3, Didongviet.vn kh\u00f4ng ch\u1ecbu tr\u00e1ch nhi\u1ec7m v\u1edbi b\u1ea5t k\u1ef3 b\u00ean th\u1ee9 ba n\u00e0o v\u1ec1 vi\u1ec7c Didongviet.vn kh\u00f4ng th\u1ec3 lo\u1ea1i b\u1ecf k\u1ecbp th\u1eddi c\u00e1c th\u00f4ng tin \u0111\u00f3ng g\u00f3p b\u1edfi th\u00e0nh vi\u00ean tr\u00ean c\u00e1c d\u1ecbch v\u1ee5 c\u1ee7a Didongviet.vn.<\/p>\n<h2><strong>9. Vi ph\u1ea1m b\u1ea3n quy\u1ec1n<\/strong><\/h2>\n<p>Didongviet.vn coi tr\u1ecdng v\u1ea5n \u0111\u1ec1 b\u1ea3n quy\u1ec1n v\u00e0 s\u1ebd ph\u1ea3n h\u1ed3i l\u1ea1i c\u00e1c th\u00f4ng b\u00e1o v\u1ec1 vi\u1ec7c vi ph\u1ea1m b\u1ea3n quy\u1ec1n theo \u0111\u00fang c\u00e1c qui \u0111\u1ecbnh c\u1ee7a ph\u00e1p lu\u1eadt. N\u1ebfu b\u1ea1n tin r\u1eb1ng b\u1ea5t k\u1ef3 th\u00f4ng tin n\u00e0o cung c\u1ea5p tr\u00ean Didongviet.vn vi ph\u1ea1m b\u1ea3n quy\u1ec1n c\u1ee7a b\u1ea1n, b\u1ea1n c\u00f3 th\u1ec3 y\u00eau c\u1ea7u lo\u1ea1i b\u1ecf c\u00e1c th\u00f4ng tin n\u00e0y t\u1eeb c\u00e1c d\u1ecbch v\u1ee5 c\u1ee7a Didongviet.vn b\u1eb1ng c\u00e1ch g\u1eedi th\u00f4ng b\u00e1o cho Didongviet.vn qua th\u01b0 \u0111i\u1ec7n t\u1eed ho\u1eb7c c\u00e1c h\u00ecnh th\u1ee9c li\u00ean l\u1ea1c ph\u00f9 h\u1ee3p kh\u00e1c.<\/p>\n<h2><strong>10. D\u1ef1a v\u00e0o th\u00f4ng tin cung c\u1ea5p\u00a0<\/strong><\/h2>\n<p>C\u00e1c th\u00f4ng tin c\u00f3 s\u1eb5n tr\u00ean ho\u1eb7c th\u00f4ng qua D\u1ecbch v\u1ee5 c\u1ee7a Didongviet.vn \u0111\u01b0\u1ee3c cung c\u1ea5p duy nh\u1ea5t cho m\u1ee5c \u0111\u00edch th\u00f4ng tin chung. Didongviet.vn c\u00f3 th\u1ec3 c\u1eadp nh\u1eadt c\u00e1c th\u00f4ng tin n\u00e0y theo th\u1eddi gian, nh\u01b0ng n\u1ed9i dung c\u1ee7a n\u00f3 kh\u00f4ng nh\u1ea5t thi\u1ebft ph\u1ea3i ho\u00e0n ch\u1ec9nh ho\u1eb7c \u0111\u01b0\u1ee3c c\u1eadp nh\u1eadt m\u1ed9t c\u00e1ch \u0111\u1ea7y \u0111\u1ee7. B\u1ea5t k\u1ef3 th\u00f4ng tin n\u00e0o c\u00f3 s\u1eb5n tr\u00ean Website Didongviet.vn c\u00f3 th\u1ec3 \u0111\u01b0\u1ee3c thay \u0111\u1ed5i t\u1ea1i b\u1ea5t k\u1ef3 th\u1eddi \u0111i\u1ec3m n\u00e0o, v\u00e0 Didongviet.vn kh\u00f4ng c\u00f3 ngh\u0129a v\u1ee5 ph\u1ea3i c\u1eadp nh\u1eadt th\u00f4ng tin nh\u01b0 v\u1eady.<\/p>\n<p>Th\u00f4ng tin \u0111\u01b0\u1ee3c cung c\u1ea5p tr\u00ean Didongviet.vn cho m\u1ee5c \u0111\u00edch th\u00f4ng tin chung. Ch\u00fang t\u00f4i t\u1eeb ch\u1ed1i b\u1ea5t k\u1ef3 v\u00e0 t\u1ea5t c\u1ea3 c\u00e1c tr\u00e1ch nhi\u1ec7m li\u00ean quan \u0111\u1ebfn (i) \u0111\u1ed9 ch\u00ednh x\u00e1c, ho\u00e0n thi\u1ec7n, tin c\u1eady, hi\u1ec7u qu\u1ea3, s\u1eed d\u1ee5ng, ho\u1eb7c k\u1ebft qu\u1ea3 s\u1eed d\u1ee5ng c\u00e1c th\u00f4ng tin c\u00f4ng b\u1ed1 tr\u00ean Didongviet.vn; v\u00e0 b\u1ea1n ch\u1ecbu tr\u00e1ch nhi\u1ec7m ho\u00e0n to\u00e0n v\u1edbi b\u1ea5t k\u1ef3 h\u00e0nh \u0111\u1ed9ng n\u00e0o d\u1ef1a v\u00e0o vi\u1ec7c s\u1eed d\u1ee5ng b\u1ea5t c\u1ee9 th\u00f4ng tin c\u00f4ng b\u1ed1 tr\u00ean Didongviet.vn.<\/p>\n<h2><strong>11. T\u1eeb ch\u1ed1i c\u00e1c b\u1ea3o \u0111\u1ea3m\u00a0<\/strong><\/h2>\n<p>B\u1ea1n hi\u1ec3u r\u1eb1ng Didongviet.vn kh\u00f4ng th\u1ec3 v\u00e0 kh\u00f4ng \u0111\u1ea3m b\u1ea3o nh\u1eefng t\u1eadp tin c\u00f3 s\u1eb5n \u0111\u1ec3 t\u1ea3i v\u1ec1 t\u1eeb Internet ho\u1eb7c c\u00e1c trang web s\u1ebd kh\u00f4ng ch\u1ee9a virus ho\u1eb7c c\u00e1c m\u00e3 ph\u00e1 ho\u1ea1i kh\u00e1c. B\u1ea1n ch\u1ecbu tr\u00e1ch nhi\u1ec7m th\u1ef1c hi\u1ec7n \u0111\u1ea7y \u0111\u1ee7 th\u1ee7 t\u1ee5c ki\u1ec3m tra \u0111\u1ec3 \u0111\u00e1p \u1ee9ng c\u00e1c y\u00eau c\u1ea7u c\u1ee5 th\u1ec3 \u0111\u1ec3 b\u1ea3o v\u1ec7 b\u1ea1n ch\u1ed1ng virus v\u00e0 c\u00e1c ch\u01b0\u01a1ng tr\u00ecnh ph\u00e1 ho\u1ea1i.<\/p>\n<h2><strong>12. Mi\u1ec5n tr\u1eeb tr\u00e1ch nhi\u1ec7m ph\u00e1p l\u00fd\u00a0<\/strong><\/h2>\n<p>Trong b\u1ea5t c\u1ee9 tr\u01b0\u1eddng h\u1ee3p n\u00e0o, Didongviet.vn s\u1ebd kh\u00f4ng ch\u1ecbu tr\u00e1ch nhi\u1ec7m v\u1edbi b\u1ea1n ho\u1eb7c b\u1ea5t k\u1ef3 ng\u01b0\u1eddi n\u00e0o kh\u00e1c\/ b\u00ean th\u1ee9 ba n\u00e0o kh\u00e1c cho m\u1ecdi, h\u1eadu qu\u1ea3 ph\u00e1t sinh b\u00ean ngo\u00e0i ho\u1eb7c li\u00ean quan \u0111\u1ebfn nh\u1eefng \u0111i\u1ec1u kho\u1ea3n s\u1eed d\u1ee5ng v\u00e0\/ho\u1eb7c nh\u1eefng d\u1ecbch v\u1ee5 c\u1ee7a Didongviet.vn<\/p>\n<\/header>\n\n\t\t<\/div>\n\t\t\t\t\t<\/div>\n\n\t\n\n<\/div>\n\n\t\t<\/div>\n\n\t\t\n<style>\n#section_1802666818 {\n  padding-top: 30px;\n  padding-bottom: 30px;\n}\n<\/style>\n\t<\/section>\n\t","protected":false},"excerpt":{"rendered":"","protected":false},"author":3,"featured_media":0,"parent":0,"menu_order":0,"comment_status":"closed","ping_status":"closed","template":"page-left-sidebar.php","meta":{"footnotes":""},"class_list":["post-5045","page","type-page","status-publish","hentry"],"_links":{"self":[{"href":"https:\/\/demos.thietkewebphumy.com\/taxi\/taxi-phumy\/wp-json\/wp\/v2\/pages\/5045","targetHints":{"allow":["GET"]}}],"collection":[{"href":"https:\/\/demos.thietkewebphumy.com\/taxi\/taxi-phumy\/wp-json\/wp\/v2\/pages"}],"about":[{"href":"https:\/\/demos.thietkewebphumy.com\/taxi\/taxi-phumy\/wp-json\/wp\/v2\/types\/page"}],"author":[{"embeddable":true,"href":"https:\/\/demos.thietkewebphumy.com\/taxi\/taxi-phumy\/wp-json\/wp\/v2\/users\/3"}],"replies":[{"embeddable":true,"href":"https:\/\/demos.thietkewebphumy.com\/taxi\/taxi-phumy\/wp-json\/wp\/v2\/comments?post=5045"}],"version-history":[{"count":2,"href":"https:\/\/demos.thietkewebphumy.com\/taxi\/taxi-phumy\/wp-json\/wp\/v2\/pages\/5045\/revisions"}],"predecessor-version":[{"id":5055,"href":"https:\/\/demos.thietkewebphumy.com\/taxi\/taxi-phumy\/wp-json\/wp\/v2\/pages\/5045\/revisions\/5055"}],"wp:attachment":[{"href":"https:\/\/demos.thietkewebphumy.com\/taxi\/taxi-phumy\/wp-json\/wp\/v2\/media?parent=5045"}],"curies":[{"name":"wp","href":"https:\/\/api.w.org\/{rel}","templated":true}]}}