{"id":5043,"date":"2024-08-19T13:53:33","date_gmt":"2024-08-19T06:53:33","guid":{"rendered":"http:\/\/localhost:81\/demos\/prewebdemo\/woocoomerce\/?page_id=5043"},"modified":"2024-08-19T13:59:10","modified_gmt":"2024-08-19T06:59:10","slug":"chinh-sach-doi-tra","status":"publish","type":"page","link":"https:\/\/demos.thietkewebphumy.com\/taxi\/taxi-phumy\/chinh-sach-doi-tra\/","title":{"rendered":"Ch\u00ednh s\u00e1ch \u0111\u1ed5i tr\u1ea3"},"content":{"rendered":"\n\t<section class=\"section\" id=\"section_737440209\">\n\t\t<div class=\"section-bg fill\" >\n\t\t\t\t\t\t\t\t\t\n\t\t\t\n\n\t\t<\/div>\n\n\t\t\n\n\t\t<div class=\"section-content relative\">\n\t\t\t\n\n<div class=\"row\"  id=\"row-1977471610\">\n\n\n\t<div id=\"col-428046482\" class=\"col small-12 large-12\"  >\n\t\t\t\t<div class=\"col-inner\"  >\n\t\t\t\n\t\t\t\n\n<header class=\"entry-header1\">\n<h2>I. Ch\u00ednh s\u00e1ch \u0111\u1ed5i tr\u1ea3<\/h2>\n<table width=\"100%\">\n<tbody>\n<tr>\n<td width=\"66\">\n<p><strong>\u0110\u1ed1i T\u01b0\u1ee3ng \u00c1p D\u1ee5ng<\/strong><\/p>\n<\/td>\n<td colspan=\"2\" width=\"112\">\n<p><strong>Tr\u01b0\u1eddng h\u1ee3p<\/strong><\/p>\n<\/td>\n<td width=\"219\">\n<p><strong>Ch\u00ednh s\u00e1ch<\/strong><\/p>\n<\/td>\n<td width=\"227\">\n<p><strong>Ghi ch\u00fa<\/strong><\/p>\n<\/td>\n<\/tr>\n<tr>\n<td rowspan=\"6\" width=\"66\">\n<p>B\u1ea3o h\u00e0nh m\u1eb7c \u0111\u1ecbnh<\/p>\n<\/td>\n<td rowspan=\"3\" width=\"47\">\n<p>1A<\/p>\n<\/td>\n<td rowspan=\"3\" width=\"65\">\n<p>M\u00e1y l\u1ed7i NSX<\/p>\n<\/td>\n<td width=\"219\">\n<p>\u0110\u1ed5i c\u00f9ng d\u00f2ng:<br \/>* Trong 33 ng\u00e0y: \u0111\u1ed5i ngang n\u1ebfu kh\u00f4ng tr\u1ea7y x\u01b0\u1edbc. C\u00f3 tr\u1ea7y x\u01b0\u1edbc: tr\u1eeb 10%<br \/>* Sau 33 ng\u00e0y:<br \/>\u2013 G\u1eedi b\u1ea3o h\u00e0nh theo ch\u00ednh s\u00e1ch h\u00e3ng\/VD\u0110<\/p>\n<\/td>\n<td rowspan=\"20\" width=\"227\">\n<p>\u2013 M\u00e1y c\u00f3 l\u1ed7i ph\u1ea7n c\u1ee9ng NSX(*) , kh\u00f4ng ph\u1ea3i l\u1ed7i ph\u1ea7n m\u1ec1m<br \/>\u2013 M\u00e1y l\u1ed7i b\u1eaft bu\u1ed9c c\u00f3 th\u1ea9m \u0111\u1ecbnh c\u1ee7a h\u00e3ng x\u00e1c nh\u1eadn \u0111\u00fang l\u1ed7i v\u00e0 \u0111\u1ee7 \u0111i\u1ec1u ki\u1ec7n b\u1ea3o h\u00e0nh<br \/>\u2013 Tr\u01b0\u1eddng h\u1ee3p s\u1ea3n ph\u1ea9m kh\u00f4ng c\u00f2n kinh doanh, li\u00ean h\u1ec7 ng\u00e0nh h\u00e0ng \u0111\u1ec3 l\u1ea5y gi\u00e1 b\u00e1n hi\u1ec7n t\u1ea1i<br \/>\u2013 \u0110\u1ed5i v\u1edbi m\u00e1y Samsung tr\u1ea3 g\u00f3p qua Samsung Finance: y\u00eau c\u1ea7u chuy\u1ec3n \u0111\u1ed5i IMEI tr\u1ea3 g\u00f3p qua IMEI m\u1edbi ho\u1eb7c ho\u00e0n t\u1ea5t tr\u1ea3 g\u00f3p m\u1edbi ti\u1ebfn h\u00e0nh \u0111\u1ed5i tra\/ho\u00e0n ti\u1ec1n\/thu c\u0169<br \/>\u2013 N\u1ebfu kh\u00e1ch b\u00e1n l\u1ea1i: t\u00ednh theo gi\u00e1 thu theo ph\u00e2n lo\u1ea1i kh\u00f4ng c\u1ed9ng coupon tr\u1ee3 gi\u00e1 v\u00e0 kh\u00f4ng tr\u1eeb th\u00eam ph\u00ed ch\u1ec9 b\u00e1n l\u1ea1i m\u00e1y kh\u00f4ng l\u00ean \u0111\u1eddi<br \/><br \/>(*) L\u1ed7i Ph\u1ea7n C\u1ee9ng Nh\u00e0 S\u1ea3n Xu\u1ea5t :<br \/><br \/>\u2013 L\u1ed7i ph\u1ea7n c\u1ee9ng nh\u00e0 s\u1ea3n xu\u1ea5t ( NSX ) l\u00e0 l\u1ed7i b\u1eaft bu\u1ed9c ph\u1ea3i th\u00e1o m\u00e1y ra \u0111\u1ec3 thay th\u1ebf \/ s\u1eeda ch\u1eefa .<br \/><br \/>\u2013 L\u1ed7i ph\u1ea7n c\u1ee9ng NSX kh\u00f4ng bao g\u1ed3m c\u00e1c l\u1ed7i do ng\u01b0\u1eddi d\u00f9ng t\u00e1c \u0111\u1ed9ng : R\u01a1i ,V\u1ee1 , C\u1ea5n M\u00f3p , V\u00e0o N\u01b0\u1edbc .<br \/><br \/>\u2013 L\u1ed7i ph\u1ea7n c\u1ee9ng NSX ph\u1ea3i c\u00f3 gi\u1ea5y th\u1ea9m \u0111\u1ecbnh t\u00ecnh tr\u1ea1ng l\u1ed7i t\u1eeb trung t\u00e2m b\u1ea3o h\u00e0nh ch\u00ednh h\u00e3ng .<br \/><br \/>(**) Ch\u00ednh s\u00e1ch b\u1ea3o h\u00e0nh pin Di \u0110\u1ed9ng Vi\u1ec7t<br \/><br \/>\u2013 Pin l\u00e0 linh ki\u1ec7n hao m\u00f2n theo th\u1eddi gian . N\u00ean Vi\u1ec7c ph\u1ea7n % gi\u1ea3m theo th\u1eddi gian s\u1eed d\u1ee5ng l\u00e0 b\u00ecnh th\u01b0\u1eddng .M\u1ed7i m\u00e1y c\u00f3 m\u1ee9c \u0111\u1ed9 hao m\u00f2n kh\u00e1c nhau . Pin 80 % &gt; 100 % l\u00e0 t\u00ecnh tr\u1ea1ng ho\u1ea1t \u0111\u1ed9ng b\u00ecnh th\u01b0\u1eddng ( Ch\u1ec9 1 \u0111\u1ed5i 1 v\u1edbi m\u00e1y m\u1edbi trong tr\u01b0\u1eddng h\u1ee3p n\u0103m \u0111\u1ea7u xu\u1ed1ng pin &lt; 80% )<br \/><br \/>\u2013 Ch\u1ec9 b\u1ea3o h\u00e0nh pin khi th\u1ecfa 2 \u0111i\u1ec1u ki\u1ec7n :<br \/><br \/>1) M\u00e1y th\u00f4ng b\u00e1o pin d\u01b0\u1edbi 80% ( B\u1ea3o Tr\u00ec )<br \/><br \/>2) M\u00e1y ch\u01b0a qua s\u1eeda ch\u1eefa b\u00ean th\u1ee9 3 ( B\u00ean Th\u1ee9 1 : trung t\u00e2m b\u1ea3o h\u00e0nh ch\u00ednh h\u00e3ng . B\u00ean Th\u1ee9 2 Vi\u1ec7n Di \u0110\u1ed9ng . B\u00ean th\u1ee9 3 l\u00e0 t\u1ea5t c\u1ea3 c\u01a1 s\u1edf s\u1eeda ch\u1eefa b\u00ean ngo\u00e0i .)<br \/><br \/>\u2013 M\u00e1y v\u00e0o n\u01b0\u1edbc ch\u1ec9 H\u1ed7 tr\u1ee3 duy nh\u1ea5t 1 l\u1ea7n sau \u0111\u00f3 k\u1ebft th\u00fac \u01b0u \u0111\u00e3i b\u1ea3o h\u00e0nh pin 10 n\u0103m .<br \/><br \/>\u2013 Tr\u01b0\u1eddng h\u1ee3p r\u01a1i v\u1ee1 n\u1eb7ng v\u1ee1 n\u00e1t cong main th\u00ec k\u1ebft th\u00fac b\u1ea3o h\u00e0nh pin 10 n\u0103m .<br \/><br \/>(***) \u0110\u1ed1i v\u1edbi tr\u01b0\u1eddng h\u1ee3p cong d\u1eadp n\u00e1t main kh\u00f4ng th\u1ec3 s\u1eeda ch\u1eefa Di \u0110\u1ed9ng Vi\u1ec7t H\u1ed7 tr\u1ee3 kh\u00e1ch h\u00e0ng thu l\u1ea1i = gi\u00e1 m\u00e1y ph\u00e2n lo\u1ea1i 1 theo b\u1ea3o gi\u00e1 thu c\u0169 DDV v\u00e0 k\u1ebft th\u00fac \u01b0u \u0111\u00e3i GBH r\u01a1i v\u1ee1 .<br \/><br \/>\u2022 T\u00ecnh tr\u1ea1ng s\u00f3ng, m\u1ea1ng k\u00e9m kh\u00f4ng \u1ed5n \u0111\u1ecbnh do ch\u1ea5t l\u01b0\u1ee3ng m\u1ea1ng \u0111i\u1ec7n tho\u1ea1i theo khu v\u1ef1c .<br \/>\u2022 Nhi\u1ec7t \u0111\u1ed9 kh\u00f4ng c\u1eafm s\u1ea1c t\u1ed1i \u0111a 50 \u0111\u1ed9 C v\u00e0 c\u1eafm s\u1ea1c t\u1ed1i \u0111a 60 \u0111\u1ed9 C<br \/>\u2022 T\u00ecnh tr\u1ea1ng app b\u00ean th\u1ee9 3 ho\u1ea1t \u0111\u1ed9ng kh\u00f4ng \u1ed5n \u0111\u1ecbnh l\u00e0 do ph\u1ea7n m\u1ec1m ch\u01b0a t\u01b0\u01a1ng th\u00edch kh\u00f4ng ph\u1ea3i l\u1ed7i ph\u1ea7n c\u1ee9ng nsx .<\/p>\n<\/td>\n<\/tr>\n<tr>\n<td width=\"219\">\n<p>\u0110\u1ed5i kh\u00e1c d\u00f2ng ho\u1eb7c ho\u00e0n ti\u1ec1n: thu theo ch\u00ednh s\u00e1ch thu c\u0169 \u0111\u1ed5i m\u1edbi c\u1ee7a DDV<\/p>\n<\/td>\n<\/tr>\n<tr>\n<td width=\"219\">\n<p>Y\u00eau c\u1ea7u: c\u00f2n h\u1ed9p v\u00e0 ph\u1ee5 ki\u1ec7n, n\u1ebfu thi\u1ebfu h\u1ed9p ho\u1eb7c ph\u1ee5 ki\u1ec7n th\u00ec tr\u1eeb th\u00eam 2% cho m\u1ed7i m\u00f3n<\/p>\n<\/td>\n<\/tr>\n<tr>\n<td width=\"47\">\n<p>1B<\/p>\n<\/td>\n<td width=\"65\">\n<p>M\u00e1y kh\u00f4ng l\u1ed7i<\/p>\n<\/td>\n<td width=\"219\">\n<p>V\u1edbi m\u00e1y m\u1edbi:<br \/>+ Trong 33 ng\u00e0y \u0111\u1ea7u ti\u00ean: tr\u1eeb ph\u00ed 20% tr\u00ean gi\u00e1 b\u00e1n hi\u1ec7n t\u1ea1i v\u1edbi \u0111i\u1ec1u ki\u1ec7n h\u00ecnh th\u1ee9c nh\u01b0 th\u1eddi \u0111i\u1ec3m b\u00e1n<br \/>N\u1ebfu m\u00e1y b\u1ecb tr\u1ea7y x\u01b0\u1edbc, tr\u1eeb th\u00eam 10% ph\u00ed<br \/>+ Sau 33 ng\u00e0y: Thu theo ch\u00ednh s\u00e1ch thu c\u0169 \u0111\u1ed5i m\u1edbi c\u1ee7a DDV<br \/>V\u1edbi m\u00e1y c\u0169: Thu theo ch\u00ednh s\u00e1ch thu c\u0169 \u0111\u1ed5i m\u1edbi c\u1ee7a DDV<\/p>\n<\/td>\n<\/tr>\n<tr>\n<td width=\"47\">\n<p>1C<\/p>\n<\/td>\n<td width=\"65\">\n<p>M\u00e1y l\u1ed7i do ng\u01b0\u1eddi d\u00f9ng t\u00e1c \u0111\u1ed9ng<\/p>\n<\/td>\n<td width=\"219\">\n<p>Thu theo b\u1ea3ng ph\u00e2n lo\u1ea1i thu c\u0169 \u0111\u1ed5i m\u1edbi c\u1ee7a DDV<\/p>\n<\/td>\n<\/tr>\n<tr>\n<td width=\"47\">\n<p>1D<\/p>\n<\/td>\n<td width=\"65\">\n<p>M\u00e1y l\u1ed7i do ng\u01b0\u1eddi d\u00f9ng t\u00e1c \u0111\u1ed9ng v\u00e0 \u0111\u00e3 s\u1eeda ch\u1eefa \u1edf VDD<\/p>\n<\/td>\n<td width=\"219\">\n<p>Thu theo b\u1ea3ng ph\u00e2n lo\u1ea1i thu c\u0169 \u0111\u1ed5i m\u1edbi c\u1ee7a DDV<\/p>\n<\/td>\n<\/tr>\n<tr>\n<td rowspan=\"6\" width=\"66\">\n<p>1 \u0111\u1ed5i 1<\/p>\n<\/td>\n<td rowspan=\"3\" width=\"47\">\n<p>2A<\/p>\n<\/td>\n<td rowspan=\"3\" width=\"65\">\n<p>M\u00e1y l\u1ed7i NSX<\/p>\n<\/td>\n<td width=\"219\">\n<p>\u0110\u1ed5i c\u00f9ng d\u00f2ng:<br \/>\u2013 M\u00e1y kh\u00f4ng c\u1ea5n m\u00f3p: thu b\u1eb1ng gi\u00e1 b\u00e1n \u0111\u1ec3 \u0111\u1ed5i m\u00e1y<br \/>\u2013 M\u00e1y tr\u1ea7y x\u01b0\u1edbc n\u1eb7ng kh\u00f4ng b\u1ec3 v\u1ee1: tr\u1eeb ph\u00ed 10%<br \/>\u2013 M\u00e1y b\u1ec3 v\u1ee1: Xem m\u1ee5c 2C<\/p>\n<\/td>\n<\/tr>\n<tr>\n<td width=\"219\">\n<p class=\"p1\"><strong>TH 1: L\u1ed7i ph\u1ea7n c\u1ee9ng NSX m\u00e0 kh\u00f4ng c\u00f3 m\u00e1y \u0111\u1ed5i. \u00c1p d\u1ee5ng cho c\u1ea3 m\u00e1y new v\u00e0 likenew<\/strong><\/p>\n<p class=\"p1\">H\u01af\u1edaNG X\u1eec L\u00dd:<\/p>\n<p class=\"p1\">\u0110\u1ed5i sang d\u00f2ng kh\u00e1c kh\u00f4ng m\u1ea5t ph\u00ed ho\u1eb7c ho\u00e0n 100% gi\u00e1 tr\u1ecb \u0111ang b\u00e1n<\/p>\n<p class=\"p1\"><strong>TH 2: L\u1ed7i ph\u1ea7n c\u1ee9ng NSX c\u00f3 m\u00e1y \u0111\u1ed5i nh\u01b0ng kh\u00e1ch mu\u1ed1n \u0111\u1ed5i kh\u00e1c d\u00f2ng ho\u1eb7c mu\u1ed1n b\u00e1n l\u1ea1i lu\u00f4n<\/strong><\/p>\n<p class=\"p1\">H\u01af\u1edaNG X\u1eec L\u00dd:<\/p>\n<p class=\"p1\">\u0110\u1ed0I V\u1edaI M\u00c1Y M\u1edaI<span class=\"Apple-converted-space\">\u00a0<\/span><\/p>\n<p class=\"p1\">3 th\u00e1ng \u0111\u1ea7u: thu l\u1ea1i b\u1eb1ng 90% gi\u00e1 b\u00e1n m\u00e1y hi\u1ec7n t\u1ea1i (tr\u1eeb \u0111i c\u00e1c KM s\u1eb5n c\u00f3) ,K\u1ec3 t\u1eeb th\u00e1ng th\u1ee9 4: M\u1ed7i th\u00e1ng m\u1ea5t th\u00eam 2%<\/p>\n<p class=\"p1\">\u0110\u1ed0I V\u1edaI M\u00c1Y QUA S\u1eec D\u1ee4NG:<\/p>\n<p class=\"p1\">\u0110\u1ed5i sang d\u00f2ng kh\u00e1c kh\u00f4ng m\u1ea5t ph\u00ed<\/p>\n<p class=\"p1\">Kh\u00e1ch kh\u00f4ng \u0111\u1ed5i mu\u1ed1n ho\u00e0n ti\u1ec1n: 3 th\u00e1ng \u0111\u1ea7u: thu l\u1ea1i b\u1eb1ng 90% gi\u00e1 b\u00e1n m\u00e1y hi\u1ec7n t\u1ea1i (tr\u1eeb \u0111i c\u00e1c KM s\u1eb5n c\u00f3) ,K\u1ec3 t\u1eeb th\u00e1ng th\u1ee9 4: M\u1ed7i th\u00e1ng m\u1ea5t th\u00eam 2%<\/p>\n<p class=\"p1\">L\u01afU \u00dd:<\/p>\n<p class=\"p1\">M\u00e1y tr\u1ea7y x\u01b0\u1edbc kh\u00f4ng b\u1ec3 v\u1ee1: tr\u1eeb th\u00eam 10%, Tr\u1ea7y n\u1eb7ng ho\u1eb7c c\u1ea5n m\u00f3p xem nh\u01b0 r\u01a1i v\u1ee1 kh\u00f4ng \u00e1p d\u1ee5ng \u0111\u1ed5i l\u1ed7i<\/p>\n<p class=\"p1\">M\u00e1y \u0111\u1ed5i l\u1ed7i kh\u00f4ng \u00e1p d\u1ee5ng b\u1ea5t k\u1ef3 \u01b0u \u0111\u00e3i n\u00e0o c\u1ee7a ctkm m\u00e0 ch\u1ec9 t\u00ednh \u0111\u00fang gi\u00e1 hi\u1ec7n t\u1ea1i \u0111ang kinh doanh<\/p>\n<p class=\"p1\">Ng\u00e0y b\u1ea3o h\u00e0nh c\u00f2n l\u1ea1i t\u00ednh t\u1eeb ng\u00e0y b\u1ea3o h\u00e0nh c\u1ee7a m\u00e1y c\u0169 (s\u1ea3n ph\u1ea9m l\u1ed7i nh\u00e0 s\u1ea3n xu\u1ea5t)<\/p>\n<\/td>\n<\/tr>\n<tr>\n<td width=\"219\">\n<p>Y\u00eau c\u1ea7u: c\u00f2n h\u1ed9p v\u00e0 ph\u1ee5 ki\u1ec7n, n\u1ebfu thi\u1ebfu h\u1ed9p ho\u1eb7c ph\u1ee5 ki\u1ec7n th\u00ec tr\u1eeb th\u00eam 2% cho m\u1ed7i m\u00f3n<\/p>\n<\/td>\n<\/tr>\n<tr>\n<td width=\"47\">\n<p>2B<\/p>\n<\/td>\n<td width=\"65\">\n<p>M\u00e1y kh\u00f4ng l\u1ed7i<\/p>\n<\/td>\n<td width=\"219\">\n<p>Thu c\u0169 \u0111\u1ed5i m\u1edbi theo ph\u00e2n lo\u1ea1i + coupon tr\u1ee3 gi\u00e1 theo quy \u0111\u1ecbnh<br \/>\u2013 Lo\u1ea1i 1: m\u00e1y \u0111\u1eb9p ho\u1eb7c c\u1ea5n x\u01b0\u1edbc nh\u1eb9<br \/>\u2013 Lo\u1ea1i 2: m\u00e1y c\u1ea5n x\u01b0\u1edbc kh\u00f4ng r\u01a1i v\u1ee1<\/p>\n<\/td>\n<\/tr>\n<tr>\n<td width=\"47\">\n<p>2C<\/p>\n<\/td>\n<td width=\"65\">\n<p>M\u00e1y l\u1ed7i do ng\u01b0\u1eddi d\u00f9ng t\u00e1c \u0111\u1ed9ng<\/p>\n<\/td>\n<td width=\"219\">\n<p>\u2013 M\u00e1y r\u01a1i v\u1ee1 b\u1ec3, kh\u00f4ng v\u00e0o n\u01b0\u1edbc, c\u00f2n ngu\u1ed3n, c\u00f2n m\u00e0n h\u00ecnh v\u00e0 ch\u1ee9c n\u0103ng b\u1ea3o m\u1eadt: lo\u1ea1i 3<br \/>\u2013 M\u00e1y r\u01a1i v\u1ee1 b\u1ec3, c\u00f2n ngu\u1ed3n, h\u01b0 m\u00e0n ho\u1eb7c ch\u1ee9c n\u0103ng b\u1ea3o m\u1eadt: lo\u1ea1i 4<br \/>\u2013 M\u00e1y r\u01a1i v\u1ee1 n\u1eb7ng ho\u1eb7c m\u1ea5t ngu\u1ed3n: lo\u1ea1i 5<\/p>\n<\/td>\n<\/tr>\n<tr>\n<td width=\"47\">\n<p>2D<\/p>\n<\/td>\n<td width=\"65\">\n<p>M\u00e1y l\u1ed7i do ng\u01b0\u1eddi d\u00f9ng t\u00e1c \u0111\u1ed9ng v\u00e0 \u0111\u00e3 s\u1eeda ch\u1eefa \u1edf VDD<\/p>\n<\/td>\n<td width=\"219\">\n<p>Thu theo ph\u00e2n lo\u1ea1i m\u1eb7c \u0111\u1ecbnh c\u1ee7a DDV<\/p>\n<\/td>\n<\/tr>\n<tr>\n<td rowspan=\"6\" width=\"66\">\n<p>R\u01a1i v\u1ee1<\/p>\n<\/td>\n<td rowspan=\"3\" width=\"47\">\n<p>3A<\/p>\n<\/td>\n<td rowspan=\"3\" width=\"65\">\n<p>M\u00e1y l\u1ed7i NSX<\/p>\n<\/td>\n<td width=\"219\">\n<p>\u0110\u1ed5i c\u00f9ng d\u00f2ng: thu b\u1eb1ng gi\u00e1 b\u00e1n hi\u1ec7n t\u1ea1i \u0111\u1ec3 \u0111\u1ed5i m\u00e1y (kh\u00f4ng quan t\u00e2m h\u00ecnh th\u1ee9c, mi\u1ec5n kh\u00f4ng r\u01a1i v\u1ee1)<\/p>\n<\/td>\n<\/tr>\n<tr>\n<td width=\"219\">\n<p class=\"p1\"><strong>TH 1: L\u1ed7i ph\u1ea7n c\u1ee9ng NSX m\u00e0 kh\u00f4ng c\u00f3 m\u00e1y \u0111\u1ed5i. \u00c1p d\u1ee5ng cho c\u1ea3 m\u00e1y new v\u00e0 likenew<\/strong><\/p>\n<p class=\"p1\">H\u01af\u1edaNG X\u1eec L\u00dd:<\/p>\n<p class=\"p1\">\u0110\u1ed5i sang d\u00f2ng kh\u00e1c kh\u00f4ng m\u1ea5t ph\u00ed ho\u1eb7c ho\u00e0n 100% gi\u00e1 tr\u1ecb \u0111ang b\u00e1n<\/p>\n<p class=\"p1\"><strong>TH 2: L\u1ed7i ph\u1ea7n c\u1ee9ng NSX c\u00f3 m\u00e1y \u0111\u1ed5i nh\u01b0ng kh\u00e1ch mu\u1ed1n \u0111\u1ed5i kh\u00e1c d\u00f2ng ho\u1eb7c mu\u1ed1n b\u00e1n l\u1ea1i lu\u00f4n<\/strong><\/p>\n<p class=\"p1\">H\u01af\u1edaNG X\u1eec L\u00dd:<\/p>\n<p class=\"p1\">\u0110\u1ed0I V\u1edaI M\u00c1Y M\u1edaI<span class=\"Apple-converted-space\">\u00a0<\/span><\/p>\n<p class=\"p1\">3 th\u00e1ng \u0111\u1ea7u: thu l\u1ea1i b\u1eb1ng 90% gi\u00e1 b\u00e1n m\u00e1y hi\u1ec7n t\u1ea1i (tr\u1eeb \u0111i c\u00e1c KM s\u1eb5n c\u00f3) ,K\u1ec3 t\u1eeb th\u00e1ng th\u1ee9 4: M\u1ed7i th\u00e1ng m\u1ea5t th\u00eam 2%<\/p>\n<p class=\"p1\">\u0110\u1ed0I V\u1edaI M\u00c1Y QUA S\u1eec D\u1ee4NG:<\/p>\n<p class=\"p1\">\u0110\u1ed5i sang d\u00f2ng kh\u00e1c kh\u00f4ng m\u1ea5t ph\u00ed<\/p>\n<p class=\"p1\">Kh\u00e1ch kh\u00f4ng \u0111\u1ed5i mu\u1ed1n ho\u00e0n ti\u1ec1n: 3 th\u00e1ng \u0111\u1ea7u: thu l\u1ea1i b\u1eb1ng 90% gi\u00e1 b\u00e1n m\u00e1y hi\u1ec7n t\u1ea1i (tr\u1eeb \u0111i c\u00e1c KM s\u1eb5n c\u00f3) ,K\u1ec3 t\u1eeb th\u00e1ng th\u1ee9 4: M\u1ed7i th\u00e1ng m\u1ea5t th\u00eam 2%<\/p>\n<p class=\"p1\">L\u01afU \u00dd:<\/p>\n<p class=\"p1\">M\u00e1y tr\u1ea7y x\u01b0\u1edbc kh\u00f4ng b\u1ec3 v\u1ee1: tr\u1eeb th\u00eam 10%, Tr\u1ea7y n\u1eb7ng ho\u1eb7c c\u1ea5n m\u00f3p xem nh\u01b0 r\u01a1i v\u1ee1 kh\u00f4ng \u00e1p d\u1ee5ng \u0111\u1ed5i l\u1ed7i<\/p>\n<p class=\"p1\">M\u00e1y \u0111\u1ed5i l\u1ed7i kh\u00f4ng \u00e1p d\u1ee5ng b\u1ea5t k\u1ef3 \u01b0u \u0111\u00e3i n\u00e0o c\u1ee7a ctkm m\u00e0 ch\u1ec9 t\u00ednh \u0111\u00fang gi\u00e1 hi\u1ec7n t\u1ea1i \u0111ang kinh doanh<\/p>\n<p class=\"p1\">Ng\u00e0y b\u1ea3o h\u00e0nh c\u00f2n l\u1ea1i t\u00ednh t\u1eeb ng\u00e0y b\u1ea3o h\u00e0nh c\u1ee7a m\u00e1y c\u0169 (s\u1ea3n ph\u1ea9m l\u1ed7i nh\u00e0 s\u1ea3n xu\u1ea5t)<\/p>\n<\/td>\n<\/tr>\n<tr>\n<td width=\"219\">\n<p>Y\u00eau c\u1ea7u: c\u00f2n h\u1ed9p v\u00e0 ph\u1ee5 ki\u1ec7n, n\u1ebfu thi\u1ebfu h\u1ed9p ho\u1eb7c ph\u1ee5 ki\u1ec7n th\u00ec tr\u1eeb th\u00eam 2% cho m\u1ed7i m\u00f3n<\/p>\n<\/td>\n<\/tr>\n<tr>\n<td width=\"47\">\n<p>3B<\/p>\n<\/td>\n<td width=\"65\">\n<p>M\u00e1y kh\u00f4ng l\u1ed7i<\/p>\n<\/td>\n<td width=\"219\">\n<p>Thu \u0111\u1ed5i l\u00ean \u0111\u1eddi lo\u1ea1i 1 c\u1ed9ng coupon tr\u1ee3 gi\u00e1 theo quy \u0111\u1ecbnh<\/p>\n<\/td>\n<\/tr>\n<tr>\n<td width=\"47\">\n<p>3C<\/p>\n<\/td>\n<td width=\"65\">\n<p>M\u00e1y l\u1ed7i do ng\u01b0\u1eddi d\u00f9ng t\u00e1c \u0111\u1ed9ng<\/p>\n<\/td>\n<td width=\"219\">\n<p>Thu \u0111\u1ed5i l\u00ean \u0111\u1eddi lo\u1ea1i 1 c\u1ed9ng coupon 300k<\/p>\n<\/td>\n<\/tr>\n<tr>\n<td width=\"47\">\n<p>3D<\/p>\n<\/td>\n<td width=\"65\">\n<p>M\u00e1y l\u1ed7i do ng\u01b0\u1eddi d\u00f9ng t\u00e1c \u0111\u1ed9ng v\u00e0 \u0111\u00e3 s\u1eeda ch\u1eefa \u1edf VDD<\/p>\n<\/td>\n<td width=\"219\">\n<p>\u2013 M\u00e1y kh\u00f4ng b\u00e1o LKKXD trong c\u00e0i \u0111\u1eb7t: thu lo\u1ea1i 1 + coupon 300k<br \/>\u2013 M\u00e1y b\u00e1o LKKXD trong c\u00e0i \u0111\u1eb7t: thu lo\u1ea1i 3 + coupon 300k<br \/><br \/>LKKXD = Linh ki\u1ec7n kh\u00f4ng x\u00e1c \u0111\u1ecbnh<\/p>\n<\/td>\n<\/tr>\n<tr>\n<td rowspan=\"2\" width=\"66\">\n<p>M\u00e1y Mua b\u00ean Ngo\u00e0i<\/p>\n<\/td>\n<td width=\"47\">\n<p>4A<\/p>\n<\/td>\n<td width=\"65\">\n<p>Kh\u00e1ch Trade-in<\/p>\n<\/td>\n<td width=\"219\">\n<p>Thu theo b\u1ea3ng ph\u00e2n lo\u1ea1i thu c\u0169 \u0111\u1ed5i m\u1edbi c\u1ee7a DDV<\/p>\n<\/td>\n<\/tr>\n<tr>\n<td width=\"47\">\n<p>4B<\/p>\n<\/td>\n<td width=\"65\">\n<p>Kh\u00e1ch B\u00e1n Lu\u00f4n<\/p>\n<\/td>\n<td width=\"219\">\n<p>Thu theo b\u1ea3ng ph\u00e2n lo\u1ea1i thu c\u0169 \u0111\u1ed5i m\u1edbi c\u1ee7a DDV tr\u1eeb ph\u00ed b\u00e1n lu\u00f4n kh\u00f4ng l\u00ean \u0111\u1eddi<\/p>\n<\/td>\n<\/tr>\n<\/tbody>\n<\/table>\n<p><strong>Ghi ch\u00fa:<br \/><br \/><\/strong><\/p>\n<ul>\n<li>Di \u0110\u1ed9ng Vi\u1ec7t h\u1ed7 tr\u1ee3 tr\u1ea3 \u0111\u1ed5i mi\u1ec5n ph\u00ed v\u1edbi s\u1ea3n ph\u1ea9m h\u00e0ng m\u1edbi, nguy\u00ean seal v\u00e0 ch\u01b0a k\u00edch ho\u1ea1t trong v\u00f2ng 7 ng\u00e0y \u0111\u1ea7u ti\u00ean. Sau 7 ng\u00e0y s\u1ebd thu theo ch\u00ednh s\u00e1ch \u0111\u1ed5i tr\u1ea3 t\u1ea1i Di \u0110\u1ed9ng Vi\u1ec7t.\u00a0<\/li>\n<li>Di \u0110\u1ed9ng Vi\u1ec7t c\u00f3 quy\u1ec1n t\u1eeb ch\u1ed1i thu l\u1ea1i m\u1ed9t s\u1ed1 s\u1ea3n ph\u1ea9m Di \u0110\u1ed9ng Vi\u1ec7t \u0111\u00e1nh gi\u00e1 l\u00e0 kh\u00f4ng th\u1ec3 thu l\u1ea1i \u0111\u01b0\u1ee3c.<\/li>\n<li>Trong th\u00e1ng \u0111\u1ea7u ti\u00ean, n\u1ebfu m\u00e1y kh\u00f4ng c\u00f2n \u0111\u1ee7 h\u1ed9p, ph\u1ee5 ki\u1ec7n s\u1ebd t\u00ednh ph\u00ed 2% ch\u1ed7 m\u1ed7i tr\u01b0\u1eddng h\u1ee3p ph\u1ee5 ki\u1ec7n thi\u1ebfu v\u00e0 kh\u00f4ng c\u00f3 h\u1ed9p<\/li>\n<li>Ch\u00ednh s\u00e1ch \u0111\u1ed5i tr\u1ea3 n\u00e0y kh\u00f4ng \u00e1p d\u1ee5ng \u0111\u1ed1i v\u1edbi s\u1ea3n ph\u1ea9m iPhone ch\u00ednh h\u00e3ng m\u00e3 VN\/A (S\u1ea3n ph\u1ea9m iPhone m\u00e1y c\u00f4ng ty c\u00f3 ch\u00ednh s\u00e1ch ri\u00eang)<br \/><br \/><\/li>\n<\/ul>\n<h2 class=\"wp-block-heading\">II. \u0110i\u1ec1u ki\u1ec7n \u0111\u1ed5i tr\u1ea3 s\u1ea3n ph\u1ea9m:<\/h2>\n<ul>\n<li>V\u1edbi c\u00e1c s\u1ea3n ph\u1ea9m mua tr\u1ea3 g\u00f3p, tr\u01b0\u1edbc khi ti\u1ebfn h\u00e0nh tr\u1ea3 m\u00e1y, vui l\u00f2ng thanh l\u00fd h\u1ee3p \u0111\u1ed3ng tr\u1ea3 g\u00f3p v\u1edbi c\u00f4ng ty t\u00e0i ch\u00ednh.<\/li>\n<li>\u0110\u1ed1i v\u1edbi c\u00e1c s\u1ea3n ph\u1ea9m l\u1ed7i do ng\u01b0\u1eddi s\u1eed d\u1ee5ng: Di \u0110\u1ed9ng Vi\u1ec7t c\u00f3 quy\u1ec1n t\u1eeb ch\u1ed1i \u0111\u1ed5i tr\u1ea3 v\u1edbi s\u1ea3n ph\u1ea9m b\u1ecb va ch\u1ea1m, c\u1ea5n m\u00f3p, v\u00e0o n\u01b0\u1edbc\u2026kh\u00f4ng \u0111\u1ee7 \u0111i\u1ec1u ki\u1ec7n b\u1ea3o h\u00e0nh, Di \u0110\u1ed9ng Vi\u1ec7t ti\u1ebfp nh\u1eadn b\u1ea3o h\u00e0nh c\u00f3 t\u00ednh ph\u00ed.<\/li>\n<li>M\u00e1y c\u00f2n nh\u01b0 l\u00fac m\u1edbi mua, kh\u00f4ng tr\u1ea7y x\u01b0\u1edbt, c\u1ea5n m\u00f3p, \u0111\u1ea7y \u0111\u1ee7 ph\u1ee5 ki\u1ec7n \u0111i k\u00e8m, \u0111\u00e3 \u0111\u0103ng xu\u1ea5t c\u00e1c t\u00e0i kho\u1ea3n b\u1ea3o m\u1eadt nh\u01b0 iCloud, Micloud, Samsung Cloud\u2026<\/li>\n<li>Trong tr\u01b0\u1eddng h\u1ee3p m\u00e1y b\u1ecb tr\u1ea7y x\u01b0\u1edbt, c\u1ea5n m\u00f3p, kh\u00f4ng nh\u01b0 t\u00ecnh tr\u1ea1ng ban \u0111\u1ea7u, Di \u0110\u1ed9ng Vi\u1ec7t h\u1ed7 tr\u1ee3 thu l\u1ea1i theo m\u1ee9c gi\u00e1 tho\u1ea3 thu\u1eadn (C\u00f3 t\u00ednh ph\u00ed hao m\u00f2n h\u00ecnh th\u1ee9c)<\/li>\n<\/ul>\n<\/header>\n\n\t\t<\/div>\n\t\t\t\t\t<\/div>\n\n\t\n\n<\/div>\n\n\t\t<\/div>\n\n\t\t\n<style>\n#section_737440209 {\n  padding-top: 30px;\n  padding-bottom: 30px;\n}\n<\/style>\n\t<\/section>\n\t","protected":false},"excerpt":{"rendered":"","protected":false},"author":3,"featured_media":0,"parent":0,"menu_order":0,"comment_status":"closed","ping_status":"closed","template":"page-left-sidebar.php","meta":{"footnotes":""},"class_list":["post-5043","page","type-page","status-publish","hentry"],"_links":{"self":[{"href":"https:\/\/demos.thietkewebphumy.com\/taxi\/taxi-phumy\/wp-json\/wp\/v2\/pages\/5043","targetHints":{"allow":["GET"]}}],"collection":[{"href":"https:\/\/demos.thietkewebphumy.com\/taxi\/taxi-phumy\/wp-json\/wp\/v2\/pages"}],"about":[{"href":"https:\/\/demos.thietkewebphumy.com\/taxi\/taxi-phumy\/wp-json\/wp\/v2\/types\/page"}],"author":[{"embeddable":true,"href":"https:\/\/demos.thietkewebphumy.com\/taxi\/taxi-phumy\/wp-json\/wp\/v2\/users\/3"}],"replies":[{"embeddable":true,"href":"https:\/\/demos.thietkewebphumy.com\/taxi\/taxi-phumy\/wp-json\/wp\/v2\/comments?post=5043"}],"version-history":[{"count":2,"href":"https:\/\/demos.thietkewebphumy.com\/taxi\/taxi-phumy\/wp-json\/wp\/v2\/pages\/5043\/revisions"}],"predecessor-version":[{"id":5054,"href":"https:\/\/demos.thietkewebphumy.com\/taxi\/taxi-phumy\/wp-json\/wp\/v2\/pages\/5043\/revisions\/5054"}],"wp:attachment":[{"href":"https:\/\/demos.thietkewebphumy.com\/taxi\/taxi-phumy\/wp-json\/wp\/v2\/media?parent=5043"}],"curies":[{"name":"wp","href":"https:\/\/api.w.org\/{rel}","templated":true}]}}