{"id":5035,"date":"2024-08-19T13:47:34","date_gmt":"2024-08-19T06:47:34","guid":{"rendered":"http:\/\/localhost:81\/demos\/prewebdemo\/woocoomerce\/?page_id=5035"},"modified":"2024-08-19T13:51:37","modified_gmt":"2024-08-19T06:51:37","slug":"chinh-sach-bao-mat","status":"publish","type":"page","link":"https:\/\/demos.thietkewebphumy.com\/taxi\/taxi-phumy\/chinh-sach-bao-mat\/","title":{"rendered":"Ch\u00ednh s\u00e1ch b\u1ea3o m\u1eadt\u00a0"},"content":{"rendered":"\n\t<section class=\"section\" id=\"section_577337317\">\n\t\t<div class=\"section-bg fill\" >\n\t\t\t\t\t\t\t\t\t\n\t\t\t\n\n\t\t<\/div>\n\n\t\t\n\n\t\t<div class=\"section-content relative\">\n\t\t\t\n\n<div class=\"row\"  id=\"row-991606672\">\n\n\n\t<div id=\"col-324152252\" class=\"col small-12 large-12\"  >\n\t\t\t\t<div class=\"col-inner\"  >\n\t\t\t\n\t\t\t\n\n<header class=\"entry-header1\">\n<h1>CH\u00cdNH S\u00c1CH B\u1ea2O M\u1eacT V\u00c0 X\u1eec L\u00dd D\u1eee LI\u1ec6U C\u00c1 NH\u00c2N<\/h1>\n<p>Xin vui l\u00f2ng \u0111\u1ecdc ch\u00ednh s\u00e1ch b\u1ea3o m\u1eadt m\u1ed9t c\u00e1ch c\u1ea9n th\u1eadn \u0111\u1ec3 c\u00f3 \u0111\u01b0\u1ee3c m\u1ed9t s\u1ef1 hi\u1ec3u bi\u1ebft r\u00f5 r\u00e0ng v\u1ec1 c\u00e1ch th\u1ee9c th\u00f4ng tin th\u00f4ng tin c\u00e1 nh\u00e2n c\u1ee7a b\u1ea1n \u0111\u01b0\u1ee3c thu th\u1eadp, s\u1eed d\u1ee5ng, b\u1ea3o v\u1ec7 ho\u1eb7c x\u1eed l\u00fd khi truy c\u1eadp v\u00e0o website\u00a0<a href=\"https:\/\/bachhoaviet.com\/\" target=\"_blank\" rel=\"noreferrer noopener\">bachhoaviet.com<\/a><\/p>\n<h2 class=\"wp-block-heading\">1. Ph\u1ea1m vi thu th\u1eadp th\u00f4ng tin c\u00e1 nh\u00e2n<\/h2>\n<p>1.1. \u0110\u1ec3 mua h\u00e0ng t\u1ea1i B\u00e1ch H\u00f3a Vi\u1ec7t, Qu\u00fd Kh\u00e1ch h\u00e0ng c\u00f3 th\u1ec3 s\u1ebd \u0111\u01b0\u1ee3c y\u00eau c\u1ea7u \u0111\u1ec3 l\u1ea1i c\u00e1c th\u00f4ng tin c\u00e1 nh\u00e2n cho ch\u00fang t\u00f4i, bao g\u1ed3m: H\u1ecd v\u00e0 t\u00ean, S\u1ed1 \u0111i\u1ec7n tho\u1ea1i, Email, \u0111\u1ecba ch\u1ec9 v\u00e0 m\u1ed9t s\u1ed1 d\u1eef li\u1ec7u c\u00e1 nh\u00e2n kh\u00e1c c\u1ea7n thi\u1ebft t\u1ea1i t\u1eebng th\u1eddi \u0111i\u1ec3m. M\u1ecdi th\u00f4ng tin Kh\u00e1ch h\u00e0ng khai b\u00e1o ph\u1ea3i \u0111\u1ea3m b\u1ea3o t\u00ednh ch\u00ednh x\u00e1c v\u00e0 h\u1ee3p ph\u00e1p, B\u00e1ch H\u00f3a Vi\u1ec7t kh\u00f4ng ch\u1ecbu tr\u00e1ch nhi\u1ec7m trong tr\u01b0\u1eddng h\u1ee3p th\u00f4ng tin Kh\u00e1ch h\u00e0ng cung c\u1ea5p l\u00e0 kh\u00f4ng ch\u00ednh x\u00e1c.<\/p>\n<p>1.2. Trong tr\u01b0\u1eddng h\u1ee3p Qu\u00fd Kh\u00e1ch H\u00e0ng giao d\u1ecbch t\u1ea1i website\/\u1ee9ng d\u1ee5ng c\u1ee7a B\u00e1ch H\u00f3a Vi\u1ec7t, h\u1ec7 th\u1ed1ng c\u0169ng c\u00f3 th\u1ec3 thu th\u1eadp th\u00f4ng tin v\u1ec1 s\u1ed1 l\u1ea7n gh\u00e9 th\u0103m, bao g\u1ed3m s\u1ed1 trang Qu\u00fd Kh\u00e1ch H\u00e0ng xem, s\u1ed1 li\u00ean k\u1ebft (links) m\u00e0 Kh\u00e1ch H\u00e0ng click v\u00e0 nh\u1eefng th\u00f4ng tin kh\u00e1c li\u00ean quan \u0111\u1ebfn vi\u1ec7c k\u1ebft n\u1ed1i \u0111\u1ebfn website B\u00e1ch H\u00f3a Vi\u1ec7t. Ch\u00fang t\u00f4i c\u0169ng thu th\u1eadp c\u00e1c th\u00f4ng tin m\u00e0 tr\u00ecnh duy\u1ec7t Web (Browser) m\u00e0 Kh\u00e1ch H\u00e0ng s\u1eed d\u1ee5ng m\u1ed7i khi truy c\u1eadp v\u00e0o H\u1ec7 Th\u1ed1ng, bao g\u1ed3m: \u0111\u1ecba ch\u1ec9 IP, lo\u1ea1i Browser, ng\u00f4n ng\u1eef s\u1eed d\u1ee5ng, th\u1eddi gian v\u00e0 nh\u1eefng \u0111\u1ecba ch\u1ec9 m\u00e0 Browser truy xu\u1ea5t \u0111\u1ebfn.<\/p>\n<p>\u00a0<\/p>\n<h2 class=\"wp-block-heading\">2. M\u1ee5c \u0111\u00edch s\u1eed d\u1ee5ng th\u00f4ng tin \/ d\u1eef li\u1ec7u c\u00e1 nh\u00e2n<\/h2>\n<p>\u00a0<\/p>\n<p>Th\u00f4ng tin c\u00e1 nh\u00e2n c\u1ee7a Qu\u00fd Kh\u00e1ch H\u00e0ng thu th\u1eadp \u0111\u01b0\u1ee3c s\u1ebd ch\u1ec9 \u0111\u01b0\u1ee3c bachhoaviet.com s\u1eed d\u1ee5ng trong n\u1ed9i b\u1ed9 c\u00f4ng ty v\u00e0 cho m\u1ed9t ho\u1eb7c t\u1ea5t c\u1ea3 c\u00e1c m\u1ee5c \u0111\u00edch sau \u0111\u00e2y:<\/p>\n<p>2.1. X\u1eed l\u00fd \u0111\u01a1n h\u00e0ng: nh\u00e2n vi\u00ean c\u1ee7a B\u00e1ch H\u00f3a Vi\u1ec7t s\u1ebd g\u1ecdi \u0111i\u1ec7n\/tin nh\u1eafn x\u00e1c nh\u1eadn vi\u1ec7c \u0111\u1eb7t h\u00e0ng, th\u00f4ng b\u00e1o v\u1ec1 tr\u1ea1ng th\u00e1i \u0111\u01a1n h\u00e0ng &amp; th\u1eddi gian giao h\u00e0ng, x\u00e1c nh\u1eadn vi\u1ec7c h\u1ee7y \u0111\u01a1n h\u00e0ng (n\u1ebfu c\u00f3).<\/p>\n<p>2.2. G\u1eedi th\u01b0 ng\u1ecf\/th\u01b0 c\u1ea3m \u01a1n, gi\u1edbi thi\u1ec7u s\u1ea3n ph\u1ea9m m\u1edbi, d\u1ecbch v\u1ee5 m\u1edbi ho\u1eb7c c\u00e1c ch\u01b0\u01a1ng tr\u00ecnh khuy\u1ebfn m\u1ea1i.<\/p>\n<p>2.3. G\u1eedi th\u00f4ng tin v\u1ec1 b\u1ea3o h\u00e0nh s\u1ea3n ph\u1ea9m.<\/p>\n<p>2.4. H\u1ed7 tr\u1ee3 kh\u00e1ch h\u00e0ng, gi\u1ea3i quy\u1ebft c\u00e1c khi\u1ebfu n\u1ea1i.<\/p>\n<p>2.5. G\u1eedi th\u00f4ng tin cho c\u00f4ng ty t\u00e0i ch\u00ednh \u0111\u1ec3 ti\u1ebfp nh\u1eadn, th\u1ea9m \u0111\u1ecbnh &amp; duy\u1ec7t h\u1ed3 s\u01a1 tr\u1ea3 g\u00f3p theo c\u00e1c quy \u0111\u1ecbnh t\u1ea1i link: https:\/\/bachhoaviet.com\/tra-gop\/\u2026<\/p>\n<p>2.6. X\u00e1c minh danh t\u00ednh v\u00e0 \u0111\u1ea3m b\u1ea3o t\u00ednh b\u1ea3o m\u1eadt D\u1eef li\u1ec7u c\u00e1 nh\u00e2n c\u1ee7a Kh\u00e1ch H\u00e0ng.<\/p>\n<p>2.7. C\u00e1c tr\u01b0\u1eddng h\u1ee3p c\u00f3 s\u1ef1 y\u00eau c\u1ea7u c\u1ee7a c\u01a1 quan nh\u00e0 n\u01b0\u1edbc c\u00f3 th\u1ea9m quy\u1ec1n, ho\u1eb7c b\u1eaft bu\u1ed9c ph\u1ea3i cung c\u1ea5p theo quy \u0111\u1ecbnh c\u1ee7a ph\u00e1p lu\u1eadt.<\/p>\n<p>\u00a0<\/p>\n<h2 class=\"wp-block-heading\">3. Th\u1eddi gian l\u01b0u tr\u1eef th\u00f4ng tin<\/h2>\n<p>D\u1eef li\u1ec7u s\u1ebd \u0111\u01b0\u1ee3c l\u01b0u tr\u1eef cho \u0111\u1ebfn khi c\u00f3 y\u00eau c\u1ea7u x\u00f3a t\u1eeb Kh\u00e1ch H\u00e0ng, tr\u1eeb tr\u01b0\u1eddng h\u1ee3p ph\u00e1p lu\u1eadt kh\u00f4ng cho ph\u00e9p x\u00f3a. C\u00f2n l\u1ea1i trong m\u1ecdi tr\u01b0\u1eddng h\u1ee3p D\u1eef li\u1ec7u c\u00e1 nh\u00e2n Kh\u00e1ch H\u00e0ng s\u1ebd \u0111\u01b0\u1ee3c b\u1ea3o m\u1eadt, l\u01b0u tr\u1eef tr\u00ean m\u00e1y ch\u1ee7 c\u1ee7a B\u00e1ch H\u00f3a Vi\u1ec7t.<\/p>\n<p>\u00a0<\/p>\n<h2 class=\"wp-block-heading\">4. C\u00e1c b\u00ean c\u00f3 th\u1ec3 \u0111\u01b0\u1ee3c ti\u1ebfp c\u1eadn v\u1edbi D\u1eef li\u1ec7u c\u00e1 nh\u00e2n c\u1ee7a Qu\u00fd Kh\u00e1ch H\u00e0ng<\/h2>\n<p>bachhoaviet.com\u00a0s\u1ebd kh\u00f4ng ti\u1ebft l\u1ed9 th\u00f4ng tin c\u1ee7a ng\u01b0\u1eddi d\u00f9ng cho c\u00e1c b\u00ean th\u1ee9 ba v\u00ec m\u1ee5c \u0111\u00edch kinh doanh ho\u1eb7c ti\u1ebfp th\u1ecb \u0111\u1ed9c l\u1eadp c\u1ee7a ri\u00eang h\u1ecd m\u00e0 kh\u00f4ng c\u00f3 s\u1ef1 \u0111\u1ed3ng \u00fd c\u1ee7a b\u1ea1n. Tuy nhi\u00ean, ch\u00fang t\u00f4i c\u00f3 th\u1ec3 ti\u1ebft l\u1ed9 th\u00f4ng tin c\u1ee7a ng\u01b0\u1eddi d\u00f9ng cho c\u00e1c \u0111\u1ed1i t\u01b0\u1ee3ng sau:<\/p>\n<p>4.1. C\u00e1c \u0111\u1ed1i t\u00e1c v\u1eadn chuy\u1ec3n: Th\u00f4ng tin c\u1ee7a ng\u01b0\u1eddi d\u00f9ng c\u00f3 th\u1ec3 \u0111\u01b0\u1ee3c chia s\u1ebb gi\u1eefa bachhoaviet.com v\u00e0 c\u00e1c \u0111\u1ed1i t\u00e1c v\u1eadn chuy\u1ec3n nh\u1eb1m cung c\u1ea5p d\u1ecbch v\u1ee5 v\u1eadn chuy\u1ec3n c\u00e1c c\u00e1c \u0111\u01a1n v\u1ecb n\u00e0y.<\/p>\n<p>4.2. C\u00e1c c\u01a1 quan Nh\u00e0 n\u01b0\u1edbc c\u00f3 th\u1ea9m quy\u1ec1n: Ch\u00fang t\u00f4i s\u1ebd cung c\u1ea5p th\u00f4ng tin c\u00e1 nh\u00e2n c\u1ee7a ng\u01b0\u1eddi d\u00f9ng theo y\u00eau c\u1ea7u c\u1ee7a c\u00e1c c\u01a1 quan n\u00e0y.<\/p>\n<p>4.3. Ban qu\u1ea3n tr\u1ecb bachhoaviet.com, B\u1ed9 ph\u1eadn kinh doanh, B\u1ed9 ph\u1eadn Ch\u0103m s\u00f3c kh\u00e1ch h\u00e0ng v\u00e0 c\u00e1c c\u00e1 nh\u00e2n \u0111\u01b0\u1ee3c ph\u00e2n c\u00f4ng th\u1ef1c hi\u1ec7n c\u00e1c c\u00f4ng vi\u1ec7c c\u00f3 li\u00ean quan: Vi\u1ec7c ti\u1ebfp c\u1eadn th\u00f4ng tin c\u1ee7a c\u00e1c \u0111\u1ed1i t\u01b0\u1ee3ng n\u00e0y nh\u1eb1m cung c\u1ea5p d\u1ecbch v\u1ee5 c\u0169ng nh\u01b0 h\u1ed7 tr\u1ee3 Ng\u01b0\u1eddi s\u1eed d\u1ee5ng trong qu\u00e1 tr\u00ecnh s\u1eed d\u1ee5ng c\u00e1c d\u1ecbch v\u1ee5 \u0111\u01b0\u1ee3c cung c\u1ea5p b\u1edfi bachhoaviet.com.<\/p>\n<p>4.4. C\u00e1c c\u00f4ng ty li\u00ean k\u1ebft v\u1edbi B\u00e1ch H\u00f3a Vi\u1ec7t<\/p>\n<h2 class=\"wp-block-heading\">5. \u0110\u1ecba ch\u1ec9 c\u1ee7a \u0111\u01a1n v\u1ecb thu th\u1eadp v\u00e0 qu\u1ea3n l\u00fd th\u00f4ng tin<\/h2>\n<p>C\u00f4ng Ty TNHH C\u00f4ng Ngh\u1ec7 B\u00e1ch H\u00f3a Vi\u1ec7t<\/p>\n<ul class=\"wp-block-list\">\n<li>\u0110\u1ecba ch\u1ec9: 41 Nguy\u1ec5n Th\u1ecb Minh Khai, Ph\u01b0\u1eddng T\u00e2n \u0110\u1ecbnh, Qu\u1eadn 1, Th\u00e0nh ph\u1ed1 H\u1ed3 Ch\u00ed Minh<\/li>\n<li>MST: 0312193244. Ch\u1ee7 s\u1edf h\u1eefu: Nguy\u1ec5n Ng\u1ecdc \u0110\u1ea1t<\/li>\n<li>\u0110i\u1ec7n tho\u1ea1i: 1900.6789<\/li>\n<li>Email: lienhe@bachhoaviet.com<\/li>\n<\/ul>\n<h2 class=\"wp-block-heading\">6. Ph\u01b0\u01a1ng th\u1ee9c v\u00e0 c\u00f4ng c\u1ee5 \u0111\u1ec3 ng\u01b0\u1eddi ti\u00eau d\u00f9ng ti\u1ebfp c\u1eadn v\u00e0 ch\u1ec9nh s\u1eeda d\u1eef li\u1ec7u c\u00e1 nh\u00e2n c\u1ee7a m\u00ecnh<\/h2>\n<p>Ng\u01b0\u1eddi d\u00f9ng c\u00f3 quy\u1ec1n t\u1ef1 ki\u1ec3m tra, c\u1eadp nh\u1eadt, \u0111i\u1ec1u ch\u1ec9nh ho\u1eb7c h\u1ee7y b\u1ecf th\u00f4ng tin c\u00e1 nh\u00e2n c\u1ee7a m\u00ecnh b\u1eb1ng c\u00e1ch \u0111\u0103ng nh\u1eadp v\u00e0o Website\u00a0bachhoaviet.com\u00a0v\u00e0 ch\u1ec9nh s\u1eeda th\u00f4ng tin c\u00e1 nh\u00e2n ho\u1eb7c y\u00eau c\u1ea7u Ban qu\u1ea3n tr\u1ecb th\u1ef1c hi\u1ec7n vi\u1ec7c n\u00e0y.<\/p>\n<p>Ng\u01b0\u1eddi d\u00f9ng c\u00f3 quy\u1ec1n g\u1eedi khi\u1ebfu n\u1ea1i v\u1ec1 vi\u1ec7c l\u1ed9 th\u00f4ng tin c\u00e1 nh\u00e2n c\u1ee7a m\u00ecnh cho b\u00ean th\u1ee9 3 \u0111\u1ebfn Ban qu\u1ea3n tr\u1ecb. Khi ti\u1ebfp nh\u1eadn nh\u1eefng ph\u1ea3n h\u1ed3i n\u00e0y, B\u00e1ch H\u00f3a Vi\u1ec7t s\u1ebd x\u00e1c nh\u1eadn l\u1ea1i th\u00f4ng tin, ph\u1ea3i c\u00f3 tr\u00e1ch nhi\u1ec7m tr\u1ea3 l\u1eddi l\u00fd do v\u00e0 h\u01b0\u1edbng d\u1eabn Ng\u01b0\u1eddi d\u00f9ng kh\u00f4i ph\u1ee5c v\u00e0 b\u1ea3o m\u1eadt l\u1ea1i th\u00f4ng tin.<\/p>\n<h2 class=\"wp-block-heading\">11. C\u00e1c b\u00ean th\u1ee9 ba<\/h2>\n<p>bachhoaviet.com kh\u00f4ng b\u00e1n, trao \u0111\u1ed5i, ho\u1eb7c chuy\u1ec3n giao c\u00e1c th\u00f4ng tin \u0111\u0103ng k\u00fd c\u1ee7a b\u1ea1n cho b\u1ea5t k\u1ef3 b\u00ean th\u1ee9 ba n\u00e0o.<\/p>\n<h2>12. Th\u00f4ng tin li\u00ean h\u1ec7<\/h2>\n<p>B\u1ea5t k\u1ef3 khi n\u00e0o kh\u00e1ch h\u00e0ng c\u1ea7n h\u1ed7 tr\u1ee3, xin vui l\u00f2ng li\u00ean h\u1ec7 v\u1edbi\u00a0bachhoaviet.com qua T\u1ed5ng \u0111\u00e0i:\u00a01900.6789 (c\u00f3 ph\u00ed).<\/p>\n<h2 class=\"wp-block-heading\">10. Vi\u1ec7c s\u1eed d\u1ee5ng \u2018cookie\u2019?<\/h2>\n<p>bachhoaviet.com\u00a0kh\u00f4ng s\u1eed d\u1ee5ng c\u00e1c cookie cho c\u00e1c m\u1ee5c \u0111\u00edch theo d\u00f5i. B\u1ea1n c\u00f3 th\u1ec3 ch\u1ecdn \u0111\u1ec3 m\u00e1y t\u00ednh c\u1ee7a b\u1ea1n c\u1ea3nh b\u00e1o b\u1ea1n m\u1ed7i khi m\u1ed9t cookie \u0111\u01b0\u1ee3c g\u1eedi \u0111i, ho\u1eb7c b\u1ea1n c\u00f3 th\u1ec3 ch\u1ecdn \u0111\u1ec3 t\u1eaft t\u1ea5t c\u1ea3 c\u00e1c cookie. N\u1ebfu b\u1ea1n t\u1eaft cookie t\u1eaft, m\u1ed9t s\u1ed1 t\u00ednh n\u0103ng s\u1ebd b\u1ecb v\u00f4 hi\u1ec7u h\u00f3a v\u00e0 vi\u1ec7c duy\u1ec7t web c\u1ee7a b\u1ea1n s\u1ebd k\u00e9m hi\u1ec7u qu\u1ea3 h\u01a1n do m\u1ed9t s\u1ed1 d\u1ecbch v\u1ee5 c\u1ee7a c\u1ee7a\u00a0bachhoaviet.com c\u00f3 th\u1ec3 s\u1ebd kh\u00f4ng ph\u00e1t huy h\u1ebft c\u00e1c t\u00ednh n\u0103ng \u0111\u01b0\u1ee3c thi\u1ebft k\u1ebf.<\/p>\n<p>\u00a0<\/p>\n<h2 class=\"wp-block-heading\">11. C\u00e1c b\u00ean th\u1ee9 ba<\/h2>\n<p>bachhoaviet.com kh\u00f4ng b\u00e1n, trao \u0111\u1ed5i, ho\u1eb7c chuy\u1ec3n giao c\u00e1c th\u00f4ng tin \u0111\u0103ng k\u00fd c\u1ee7a b\u1ea1n cho b\u1ea5t k\u1ef3 b\u00ean th\u1ee9 ba n\u00e0o.<\/p>\n<h2>12. Th\u00f4ng tin li\u00ean h\u1ec7<\/h2>\n<p>B\u1ea5t k\u1ef3 khi n\u00e0o kh\u00e1ch h\u00e0ng c\u1ea7n h\u1ed7 tr\u1ee3, xin vui l\u00f2ng li\u00ean h\u1ec7 v\u1edbi\u00a0bachhoaviet.com qua T\u1ed5ng \u0111\u00e0i:\u00a01900.6789 (c\u00f3 ph\u00ed 1.000 \u0111\/ph\u00fat).<\/p>\n<p>bachhoaviet.com\u00a0s\u1eed d\u1ee5ng ch\u1ee9ng ch\u1ec9 SSL trong k\u1ebft n\u1ed1i \u0111\u1ec3 b\u1ea3o m\u1eadt th\u00f4ng tin kh\u00e1ch h\u00e0ng khi truy c\u1eadp website.<\/p>\n<h2 class=\"wp-block-heading\">10. Vi\u1ec7c s\u1eed d\u1ee5ng \u2018cookie\u2019?<\/h2>\n<p>bachhoaviet.com\u00a0kh\u00f4ng s\u1eed d\u1ee5ng c\u00e1c cookie cho c\u00e1c m\u1ee5c \u0111\u00edch theo d\u00f5i. B\u1ea1n c\u00f3 th\u1ec3 ch\u1ecdn \u0111\u1ec3 m\u00e1y t\u00ednh c\u1ee7a b\u1ea1n c\u1ea3nh b\u00e1o b\u1ea1n m\u1ed7i khi m\u1ed9t cookie \u0111\u01b0\u1ee3c g\u1eedi \u0111i, ho\u1eb7c b\u1ea1n c\u00f3 th\u1ec3 ch\u1ecdn \u0111\u1ec3 t\u1eaft t\u1ea5t c\u1ea3 c\u00e1c cookie. N\u1ebfu b\u1ea1n t\u1eaft cookie t\u1eaft, m\u1ed9t s\u1ed1 t\u00ednh n\u0103ng s\u1ebd b\u1ecb v\u00f4 hi\u1ec7u h\u00f3a v\u00e0 vi\u1ec7c duy\u1ec7t web c\u1ee7a b\u1ea1n s\u1ebd k\u00e9m hi\u1ec7u qu\u1ea3 h\u01a1n do m\u1ed9t s\u1ed1 d\u1ecbch v\u1ee5 c\u1ee7a c\u1ee7a\u00a0bachhoaviet.com c\u00f3 th\u1ec3 s\u1ebd kh\u00f4ng ph\u00e1t huy h\u1ebft c\u00e1c t\u00ednh n\u0103ng \u0111\u01b0\u1ee3c thi\u1ebft k\u1ebf.<\/p>\n<h2 class=\"wp-block-heading\">11. C\u00e1c b\u00ean th\u1ee9 ba<\/h2>\n<p>bachhoaviet.com kh\u00f4ng b\u00e1n, trao \u0111\u1ed5i, ho\u1eb7c chuy\u1ec3n giao c\u00e1c th\u00f4ng tin \u0111\u0103ng k\u00fd c\u1ee7a b\u1ea1n cho b\u1ea5t k\u1ef3 b\u00ean th\u1ee9 ba n\u00e0o.<\/p>\n<h2>12. Th\u00f4ng tin li\u00ean h\u1ec7<\/h2>\n<p>B\u1ea5t k\u1ef3 khi n\u00e0o kh\u00e1ch h\u00e0ng c\u1ea7n h\u1ed7 tr\u1ee3, xin vui l\u00f2ng li\u00ean h\u1ec7 v\u1edbi\u00a0bachhoaviet.com qua T\u1ed5ng \u0111\u00e0i:\u00a01900.6789 (c\u00f3 ph\u00ed 1.000 \u0111\/ph\u00fat).<\/p>\n<p>C\u00e1c h\u00ecnh th\u1ee9c ti\u1ebfp nh\u1eadn th\u00f4ng tin khi\u1ebfu n\u1ea1i c\u1ee7a ng\u01b0\u1eddi d\u00f9ng:<\/p>\n<ul>\n<li>Qua Email:\u00a0<strong>lienhe@bachhoaviet.com<\/strong><\/li>\n<li>T\u1ed5ng \u0111\u00e0i:\u00a0<strong>1900.6789<\/strong><\/li>\n<\/ul>\n<h2 class=\"wp-block-heading\">7. Nh\u1eefng th\u00f4ng tin c\u00e1 nh\u00e2n n\u00e0o \u0111\u01b0\u1ee3c thu th\u1eadp?<\/h2>\n<p>Khi b\u1ea1n \u0111\u0103ng k\u00fd nh\u1eadn b\u1ea3n tin, b\u1ea1n c\u00f3 th\u1ec3 \u0111\u01b0\u1ee3c y\u00eau c\u1ea7u cung c\u1ea5p t\u00ean, \u0111\u1ecba ch\u1ec9 email ho\u1eb7c c\u00e1c th\u00f4ng tin kh\u00e1c c\u1ee7a b\u1ea1n \u0111\u1ec3 gi\u00fap\u00a0bachhoaviet.com c\u1ea3i thi\u1ec7n vi\u1ec7c cung c\u1ea5p d\u1ecbch v\u1ee5, th\u00f4ng tin.<\/p>\n<h2 class=\"wp-block-heading\">8. Khi n\u00e0o th\u00f4ng tin \u0111\u01b0\u1ee3c thu th\u1eadp?<\/h2>\n<p>bachhoaviet.com\u00a0thu th\u1eadp th\u00f4ng tin khi b\u1ea1n \u0111\u0103ng k\u00fd th\u00e0nh vi\u00ean, ho\u1eb7c \u0111\u0103ng k\u00fd nh\u1eadn b\u1ea3n tin \u0111\u1ecbnh k\u1ef3.<\/p>\n<p>\u00a0<\/p>\n<h2 class=\"wp-block-heading\">9. B\u1ea3o v\u1ec7 th\u00f4ng tin kh\u00e1ch truy c\u1eadp<\/h2>\n<p>bachhoaviet.com\u00a0s\u1eed d\u1ee5ng ch\u1ee9ng ch\u1ec9 SSL trong k\u1ebft n\u1ed1i \u0111\u1ec3 b\u1ea3o m\u1eadt th\u00f4ng tin kh\u00e1ch h\u00e0ng khi truy c\u1eadp website.<\/p>\n<p>\u00a0<\/p>\n<h2 class=\"wp-block-heading\">10. Vi\u1ec7c s\u1eed d\u1ee5ng \u2018cookie\u2019?<\/h2>\n<p>bachhoaviet.com\u00a0kh\u00f4ng s\u1eed d\u1ee5ng c\u00e1c cookie cho c\u00e1c m\u1ee5c \u0111\u00edch theo d\u00f5i. B\u1ea1n c\u00f3 th\u1ec3 ch\u1ecdn \u0111\u1ec3 m\u00e1y t\u00ednh c\u1ee7a b\u1ea1n c\u1ea3nh b\u00e1o b\u1ea1n m\u1ed7i khi m\u1ed9t cookie \u0111\u01b0\u1ee3c g\u1eedi \u0111i, ho\u1eb7c b\u1ea1n c\u00f3 th\u1ec3 ch\u1ecdn \u0111\u1ec3 t\u1eaft t\u1ea5t c\u1ea3 c\u00e1c cookie. N\u1ebfu b\u1ea1n t\u1eaft cookie t\u1eaft, m\u1ed9t s\u1ed1 t\u00ednh n\u0103ng s\u1ebd b\u1ecb v\u00f4 hi\u1ec7u h\u00f3a v\u00e0 vi\u1ec7c duy\u1ec7t web c\u1ee7a b\u1ea1n s\u1ebd k\u00e9m hi\u1ec7u qu\u1ea3 h\u01a1n do m\u1ed9t s\u1ed1 d\u1ecbch v\u1ee5 c\u1ee7a c\u1ee7a\u00a0bachhoaviet.com c\u00f3 th\u1ec3 s\u1ebd kh\u00f4ng ph\u00e1t huy h\u1ebft c\u00e1c t\u00ednh n\u0103ng \u0111\u01b0\u1ee3c thi\u1ebft k\u1ebf.<\/p>\n<p>\u00a0<\/p>\n<h2 class=\"wp-block-heading\">11. C\u00e1c b\u00ean th\u1ee9 ba<\/h2>\n<p>bachhoaviet.com kh\u00f4ng b\u00e1n, trao \u0111\u1ed5i, ho\u1eb7c chuy\u1ec3n giao c\u00e1c th\u00f4ng tin \u0111\u0103ng k\u00fd c\u1ee7a b\u1ea1n cho b\u1ea5t k\u1ef3 b\u00ean th\u1ee9 ba n\u00e0o.<\/p>\n<h2>12. Th\u00f4ng tin li\u00ean h\u1ec7<\/h2>\n<p>B\u1ea5t k\u1ef3 khi n\u00e0o kh\u00e1ch h\u00e0ng c\u1ea7n h\u1ed7 tr\u1ee3, xin vui l\u00f2ng li\u00ean h\u1ec7 v\u1edbi bachhoaviet.com qua T\u1ed5ng \u0111\u00e0i: 1900.6789 (c\u00f3 ph\u00ed).<\/p>\n<\/header>\n\n\n\t\t<\/div>\n\t\t\t\t\t<\/div>\n\n\t\n\n<\/div>\n\n\t\t<\/div>\n\n\t\t\n<style>\n#section_577337317 {\n  padding-top: 30px;\n  padding-bottom: 30px;\n}\n<\/style>\n\t<\/section>\n\t","protected":false},"excerpt":{"rendered":"","protected":false},"author":3,"featured_media":0,"parent":0,"menu_order":0,"comment_status":"closed","ping_status":"closed","template":"page-left-sidebar.php","meta":{"footnotes":""},"class_list":["post-5035","page","type-page","status-publish","hentry"],"_links":{"self":[{"href":"https:\/\/demos.thietkewebphumy.com\/taxi\/taxi-phumy\/wp-json\/wp\/v2\/pages\/5035","targetHints":{"allow":["GET"]}}],"collection":[{"href":"https:\/\/demos.thietkewebphumy.com\/taxi\/taxi-phumy\/wp-json\/wp\/v2\/pages"}],"about":[{"href":"https:\/\/demos.thietkewebphumy.com\/taxi\/taxi-phumy\/wp-json\/wp\/v2\/types\/page"}],"author":[{"embeddable":true,"href":"https:\/\/demos.thietkewebphumy.com\/taxi\/taxi-phumy\/wp-json\/wp\/v2\/users\/3"}],"replies":[{"embeddable":true,"href":"https:\/\/demos.thietkewebphumy.com\/taxi\/taxi-phumy\/wp-json\/wp\/v2\/comments?post=5035"}],"version-history":[{"count":2,"href":"https:\/\/demos.thietkewebphumy.com\/taxi\/taxi-phumy\/wp-json\/wp\/v2\/pages\/5035\/revisions"}],"predecessor-version":[{"id":5037,"href":"https:\/\/demos.thietkewebphumy.com\/taxi\/taxi-phumy\/wp-json\/wp\/v2\/pages\/5035\/revisions\/5037"}],"wp:attachment":[{"href":"https:\/\/demos.thietkewebphumy.com\/taxi\/taxi-phumy\/wp-json\/wp\/v2\/media?parent=5035"}],"curies":[{"name":"wp","href":"https:\/\/api.w.org\/{rel}","templated":true}]}}