{"id":5023,"date":"2024-08-19T13:23:55","date_gmt":"2024-08-19T06:23:55","guid":{"rendered":"http:\/\/localhost:81\/demos\/prewebdemo\/woocoomerce\/?page_id=5023"},"modified":"2024-08-19T13:33:28","modified_gmt":"2024-08-19T06:33:28","slug":"chinh-sach-bao-hanh","status":"publish","type":"page","link":"https:\/\/demos.thietkewebphumy.com\/taxi\/taxi-phumy\/chinh-sach-bao-hanh\/","title":{"rendered":"Ch\u00ednh s\u00e1ch b\u1ea3o h\u00e0nh"},"content":{"rendered":"\n\t<section class=\"section\" id=\"section_648586521\">\n\t\t<div class=\"section-bg fill\" >\n\t\t\t\t\t\t\t\t\t\n\t\t\t\n\n\t\t<\/div>\n\n\t\t\n\n\t\t<div class=\"section-content relative\">\n\t\t\t\n\n<div class=\"row\"  id=\"row-2033928499\">\n\n\n\t<div id=\"col-1509052345\" class=\"col small-12 large-12\"  >\n\t\t\t\t<div class=\"col-inner\"  >\n\t\t\t\n\t\t\t\n\n<header class=\"entry-header1\">\n<h1 class=\"\">Ch\u00ednh s\u00e1ch b\u1ea3o h\u00e0nh<\/h1>\n<\/header>\n<p><strong>B\u00e1ch H\u00f3a Vi\u1ec7t<\/strong>\u00a0r\u1ea5t l\u1ea5y l\u00e0m ti\u1ebfc v\u00e0 th\u00e0nh th\u1eadt xin l\u1ed7i qu\u00fd kh\u00e1ch h\u00e0ng trong tr\u01b0\u1eddng h\u1ee3p \u0111i\u1ec7n tho\u1ea1i, m\u00e1y t\u00ednh b\u1ea3ng c\u1ee7a qu\u00fd kh\u00e1ch b\u1ecb h\u1ecfng v\u00e0 ph\u1ea3i mang \u0111i b\u1ea3o h\u00e0nh. H\u1ec7 th\u1ed1ng B\u00e1ch H\u00f3a Vi\u1ec7t mang \u0111\u1ebfn 02 ch\u00ednh s\u00e1ch b\u1ea3o h\u00e0nh: b\u1ea3o h\u00e0nh ti\u00eau chu\u1ea9n v\u00e0 b\u1ea3o h\u00e0nh m\u1edf r\u1ed9ng.<\/p>\n<p><strong>B\u1ea3o h\u00e0nh ti\u00eau chu\u1ea9n<\/strong>\u00a0n\u1ed5i b\u1eadt v\u1edbi ch\u1ebf \u0111\u1ed9\u00a0<strong>d\u00f9ng th\u1eed 07 ng\u00e0y<\/strong>,\u00a0<strong>1 \u0111\u1ed5i 1 trong 33 ng\u00e0y<\/strong>.\u00a0<strong>B\u1ea3o h\u00e0nh m\u1edf r\u1ed9ng<\/strong>\u00a0n\u1ed5i b\u1eadt v\u1edbi ch\u00ednh s\u00e1ch\u00a0<strong>1 \u0111\u1ed5i 1 r\u01a1i v\u1ee1<\/strong>,\u00a0<strong>r\u1edbt n\u01b0\u1edbc<\/strong>. C\u1ea3 2 ch\u00ednh s\u00e1ch \u0111\u1ec1u \u0111\u01b0\u1ee3c B\u00e1ch H\u00f3a Vi\u1ec7t h\u1ed7 tr\u1ee3 ti\u1ebfp nh\u1eadn ni\u1ec1m n\u1edf, x\u1eed l\u00fd nhanh ch\u00f3ng, \u0111em \u0111\u1ebfn s\u1ef1 h\u00e0i l\u00f2ng cho kh\u00e1ch h\u00e0ng.<\/p>\n<p><strong>Chi ti\u1ebft ch\u00ednh s\u00e1ch b\u1ea3o h\u00e0nh t\u1ea1i h\u1ec7 th\u1ed1ng B\u00e1ch H\u00f3a Vi\u1ec7t:<\/strong><\/p>\n<p>I. D\u00d9NG TH\u1eec 7 NG\u00c0Y MI\u1ec4N PH\u00cd<\/p>\n<p>II. CH\u00cdNH S\u00c1CH B\u1ea2O H\u00c0NH TI\u00caU CHU\u1ea8N<\/p>\n<p>III. B\u1ea2O H\u00c0NH M\u1ede R\u1ed8NG<\/p>\n<h3 id=\"dung-thu-7-ngay\">I. D\u00d9NG TH\u1eec 7 NG\u00c0Y MI\u1ec4N PH\u00cd<\/h3>\n<div>\n<ul>\n<li>T\u1ea5t c\u1ea3 \u0111i\u1ec7n tho\u1ea1i, m\u00e1y t\u00ednh b\u1ea3ng \u0111\u00e3 qua s\u1eed d\u1ee5ng.<\/li>\n<li>Qu\u00fd kh\u00e1ch ho\u00e0n to\u00e0n tho\u1ea3i m\u00e1i tr\u1ea3i nghi\u1ec7m s\u1ea3n ph\u1ea9m trong 7 ng\u00e0y \u0111\u1ea7u ti\u00ean.<\/li>\n<li>N\u1ebfu s\u1ea3n ph\u1ea9m b\u1ecb l\u1ed7i ho\u1eb7c kh\u00f4ng ph\u00f9 h\u1ee3p v\u1edbi nhu c\u1ea7u s\u1eed d\u1ee5ng, Qu\u00fd kh\u00e1ch c\u00f3 th\u1ec3 y\u00eau c\u1ea7u \u0111\u1ed5i 1 s\u1ea3n ph\u1ea9m kh\u00e1c ho\u1eb7c nh\u1eadn l\u1ea1i ti\u1ec1n 100% gi\u00e1 tr\u1ecb s\u1ea3n ph\u1ea9m.<\/li>\n<\/ul>\n<p><strong>L\u01b0u \u00fd<\/strong>:\u00a0M\u00e1y \u0111\u1ed5i tr\u1ea3 ph\u1ea3i gi\u1eef nguy\u00ean hi\u1ec7n tr\u1ea1ng ban \u0111\u1ea7u, kh\u00f4ng c\u00f3 d\u1ea5u hi\u1ec7u tr\u1ea7y c\u1ea5n, m\u00f3p, r\u01a1i v\u1ee1, v\u00e0o n\u01b0\u1edbc, d\u00ednh t\u00e0i kho\u1ea3n, m\u1ea5t v\u00e2n tay v\u00e0 c\u00f2n \u0111\u1ea7y \u0111\u1ee7 ph\u1ee5 ki\u1ec7n \u0111i k\u00e8m.<\/p>\n<\/div>\n<h3 id=\"doi-moi-33-ngay\">II. CH\u00cdNH S\u00c1CH B\u1ea2O H\u00c0NH TI\u00caU CHU\u1ea8N<\/h3>\n<p>C\u00e1c s\u1ea3n ph\u1ea9m ch\u00ednh h\u00e3ng, Qu\u00fd kh\u00e1ch h\u00e0ng c\u00f3 th\u1ec3 t\u1edbi tr\u1ef1c ti\u1ebfp c\u00e1c TTBH ch\u00ednh h\u00e3ng; Trung t\u00e2m B\u1ea3o h\u00e0nh \u1ee7y quy\u1ec1n Vi\u1ec7n Di \u0110\u1ed9ng ho\u1eb7c c\u00f3 th\u1ec3 \u0111\u1ebfn tr\u1ef1c ti\u1ebfp c\u00e1c c\u1eeda h\u00e0ng c\u1ee7a B\u00e1ch H\u00f3a Vi\u1ec7t \u0111\u1ec3 \u0111\u01b0\u1ee3c ti\u1ebfp nh\u1eadn g\u1eedi m\u00e1y b\u1ea3o h\u00e0nh ch\u00ednh h\u00e3ng.<\/p>\n<p>Y\u00eau c\u1ea7u ti\u1ebfp nh\u1eadn b\u1ea3o h\u00e0nh t\u00f9y theo quy \u0111\u1ecbnh c\u1ee7a t\u1eebng h\u00e3ng, chi ti\u1ebft c\u00f3 trong b\u1ea3ng sau:<\/p>\n<p><strong>\u0110i\u1ec1u ki\u1ec7n \u0111\u1ed5i tr\u1ea3<\/strong><\/p>\n<ul>\n<li>M\u00e1y: Gi\u1eef nguy\u00ean hi\u1ec7n tr\u1ea1ng ban \u0111\u1ea7u, kh\u00f4ng tr\u1ea7y x\u01b0\u1edbt, kh\u00f4ng d\u00e1n decal, h\u00ecnh trang tr\u00ed. M\u00e1y c\u0169 c\u00f3 t\u00ecnh tr\u1ea1ng s\u1ea3n ph\u1ea9m nh\u01b0 l\u00fac m\u1edbi mua.<\/li>\n<li>\u0110\u1ed1i v\u1edbi c\u00e1c s\u1ea3n ph\u1ea9m Apple Watch: kh\u00f4ng b\u1ea3o h\u00e0nh c\u00e1c tr\u01b0\u1eddng h\u1ee3p v\u1ec1\u00a0ngu\u1ed3n, m\u00e0n h\u00ecnh, r\u01a1i v\u1ee1, v\u00e0o n\u01b0\u1edbc, c\u1ea5n m\u00f3p, c\u00f3 t\u00e1c \u0111\u1ed9ng ngo\u1ea1i l\u1ef1c\u2026<\/li>\n<li>H\u1ed9p: Nh\u01b0 m\u1edbi, kh\u00f4ng m\u00f3p m\u00e9o, r\u00e1ch, v\u1ee1, b\u1ecb vi\u1ebft, v\u1ebd, qu\u1ea5n b\u0103ng d\u00ednh, keo; c\u00f3 Serial\/IMEI tr\u00ean h\u1ed9p tr\u00f9ng v\u1edbi th\u00e2n m\u00e1y (m\u1ea5t h\u1ed9p tr\u1eeb ph\u00ed 2%).<\/li>\n<li>Ph\u1ee5 ki\u1ec7n v\u00e0 qu\u00e0 t\u1eb7ng: C\u00f2n \u0111\u1ea7y \u0111\u1ee7, nguy\u00ean v\u1eb9n, kh\u00f4ng m\u00f3p m\u00e9o tr\u1ea7y x\u01b0\u1edbc ho\u1eb7c b\u1ecb h\u01b0 h\u1ea1i trong qu\u00e1 tr\u00ecnh s\u1eed d\u1ee5ng.<\/li>\n<li>T\u00e0i kho\u1ea3n: M\u00e1y \u0111\u00e3 \u0111\u00e3 \u0111\u01b0\u1ee3c \u0111\u0103ng xu\u1ea5t kh\u1ecfi t\u1ea5t c\u1ea3 c\u00e1c t\u00e0i kho\u1ea3n nh\u01b0: iCloud, Google Account, Mi Account\u2026<\/li>\n<\/ul>\n<div><strong>L\u01b0u \u00fd:\u00a0<\/strong><\/div>\n<div>\n<ul>\n<li>Vi\u1ec7c \u0111\u1ed5i m\u00e1y c\u00f3 th\u1ec3 kh\u00f4ng \u0111\u00fang v\u1edbi m\u00e0u s\u1eafc nh\u01b0 s\u1ea3n ph\u1ea9m ban \u0111\u1ea7u<\/li>\n<li>B\u00e1ch H\u00f3a Vi\u1ec7t t\u1eeb ch\u1ed1i b\u1ea3o h\u00e0nh c\u00e1c l\u1ed7i kh\u00f4ng th\u1ec3 kh\u1eafc ph\u1ee5c \u0111\u01b0\u1ee3c: M\u1ea5t d\u1eef li\u1ec7u, m\u1ea5t Touch ID, m\u1ea5t Face ID, d\u00ednh t\u00e0i kho\u1ea3n iCloud, MiCloud, SamsungCloud. M\u00e1y b\u1ecb cong s\u01b0\u1eddn, cong main, d\u1eadp n\u00e1t, ch\u00e1y n\u1ed5.<\/li>\n<li>C\u00e1c v\u1ea5n \u0111\u1ec1 v\u1ec1 th\u1ea9m m\u1ef9 b\u00ean ngo\u00e0i nh\u01b0 c\u1ea5n, m\u00f3p, tr\u00f3c s\u01a1n, tr\u1ea7y x\u01b0\u1edbc, s\u1ebd kh\u00f4ng thu\u1ed9c ph\u1ea1m vi b\u1ea3o h\u00e0nh.<\/li>\n<li>M\u00e1y b\u1ecb can thi\u1ec7p ph\u1ea7n c\u1ee9ng m\u00e0 kh\u00f4ng c\u00f3 ch\u1ec9 \u0111\u1ecbnh t\u1eeb NSX ho\u1eb7c B\u00e1ch H\u00f3a Vi\u1ec7t\/ Vi\u1ec7n Di \u0110\u1ed9ng<\/li>\n<\/ul>\n<\/div>\n<h3 id=\"chinh-sach-bao-hanh-tieu-chuan\">III. B\u1ea2O H\u00c0NH M\u1ede R\u1ed8NG<\/h3>\n<p>Ngo\u00e0i g\u00f3i b\u1ea3o h\u00e0nh ti\u00eau chu\u1ea9n (m\u1eb7c \u0111\u1ecbnh), t\u1ea1i B\u00e1ch H\u00f3a Vi\u1ec7t qu\u00fd kh\u00e1ch h\u00e0ng \u0111\u01b0\u1ee3c ch\u1ecdn th\u00eam g\u00f3i b\u1ea3o h\u00e0nh m\u1edf r\u1ed9ng: R\u01a1i v\u1ee1, r\u1edbt n\u01b0\u1edbc v\u1edbi nh\u1eefng quy\u1ec1n l\u1ee3i b\u1ea3o h\u00e0nh v\u01b0\u1ee3t tr\u1ed9i. N\u1ed5i b\u1eadt nh\u01b0: B\u1ea3o h\u00e0nh ngay c\u1ea3 khi r\u01a1i v\u1ee1, r\u1edbt b\u1ec3, 1 \u0111\u1ed5i 1 trong 1 n\u0103m\u2026<\/p>\n<p><span class=\"base\" data-ui-id=\"page-title-wrapper\">Ch\u00ednh s\u00e1ch b\u1ea3o h\u00e0nh Apple ch\u00ednh h\u00e3ng t\u1ea1i B\u00e1ch H\u00f3a Vi\u1ec7t:<\/span><\/p>\n<p><strong>L\u01b0u \u00fd:\u00a0<\/strong><\/p>\n<div>\n<ul>\n<li>Vi\u1ec7c \u0111\u1ed5i m\u00e1y c\u00f3 th\u1ec3 kh\u00f4ng \u0111\u00fang v\u1edbi m\u00e0u s\u1eafc nh\u01b0 s\u1ea3n ph\u1ea9m ban \u0111\u1ea7u<\/li>\n<li>B\u00e1ch H\u00f3a Vi\u1ec7t t\u1eeb ch\u1ed1i b\u1ea3o h\u00e0nh c\u00e1c l\u1ed7i kh\u00f4ng th\u1ec3 kh\u1eafc ph\u1ee5c \u0111\u01b0\u1ee3c: M\u1ea5t d\u1eef li\u1ec7u, d\u00ednh t\u00e0i kho\u1ea3n iCloud, MiCloud, SamsungCloud. M\u00e1y b\u1ecb cong s\u01b0\u1eddn, cong main, d\u1eadp n\u00e1t, ch\u00e1y n\u1ed5. Touch ID v\u00e0 Face ID v\u1eabn b\u1ea3o h\u00e0nh khi kh\u00f4ng c\u00f3 t\u00e1c \u0111\u1ed9ng c\u1ee7a ng\u01b0\u1eddi d\u00f9ng<\/li>\n<li>C\u00e1c v\u1ea5n \u0111\u1ec1 v\u1ec1 th\u1ea9m m\u1ef9 b\u00ean ngo\u00e0i nh\u01b0 c\u1ea5n, m\u00f3p, tr\u00f3c s\u01a1n, tr\u1ea7y x\u01b0\u1edbc, s\u1ebd kh\u00f4ng thu\u1ed9c ph\u1ea1m vi b\u1ea3o h\u00e0nh.<\/li>\n<li>M\u00e1y b\u1ecb can thi\u1ec7p ph\u1ea7n c\u1ee9ng m\u00e0 kh\u00f4ng c\u00f3 ch\u1ec9 \u0111\u1ecbnh t\u1eeb NSX ho\u1eb7c B\u00e1ch H\u00f3a Vi\u1ec7t\/ Vi\u1ec7n Di \u0110\u1ed9ng<\/li>\n<\/ul>\n<\/div>\n<p>Kh\u00e1ch h\u00e0ng c\u1ea7n th\u00eam th\u00f4ng tin vui l\u00f2ng CALL TR\u1ef0C TI\u1ebeP s\u1ed1 HOTLINE\u00a0<strong>1900 76789 (c\u00f3 ph\u00ed 1.000\u0111\/ph\u00fat)<\/strong>\u00a0ho\u1eb7c inbox v\u00e0o fanpage\u00a0<a href=\"https:\/\/www.facebook.com\/\">https:\/\/www.facebook.com\/<\/a>\u00a0ho\u1eb7c website\u00a0<a href=\"http:\/\/www.bachhoaviet.com\/\">http:\/\/www.bachhoaviet.com\/<\/a>.<\/p>\n<p>Ban G\u0110\u00a0<a href=\"http:\/\/www.bachhoaviet.com\/\">C\u00f4ng ty CP C\u00f4ng ngh\u1ec7 B\u00e1ch H\u00f3a Vi\u1ec7t<\/a>\u00a0xin ch\u00e2n th\u00e0nh c\u1ea3m \u01a1n!<\/p>\n\n\n\t\t<\/div>\n\t\t\t\t\t<\/div>\n\n\t\n\n<\/div>\n\n\t\t<\/div>\n\n\t\t\n<style>\n#section_648586521 {\n  padding-top: 30px;\n  padding-bottom: 30px;\n}\n<\/style>\n\t<\/section>\n\t","protected":false},"excerpt":{"rendered":"","protected":false},"author":3,"featured_media":0,"parent":0,"menu_order":0,"comment_status":"closed","ping_status":"closed","template":"page-left-sidebar.php","meta":{"footnotes":""},"class_list":["post-5023","page","type-page","status-publish","hentry"],"_links":{"self":[{"href":"https:\/\/demos.thietkewebphumy.com\/taxi\/taxi-phumy\/wp-json\/wp\/v2\/pages\/5023","targetHints":{"allow":["GET"]}}],"collection":[{"href":"https:\/\/demos.thietkewebphumy.com\/taxi\/taxi-phumy\/wp-json\/wp\/v2\/pages"}],"about":[{"href":"https:\/\/demos.thietkewebphumy.com\/taxi\/taxi-phumy\/wp-json\/wp\/v2\/types\/page"}],"author":[{"embeddable":true,"href":"https:\/\/demos.thietkewebphumy.com\/taxi\/taxi-phumy\/wp-json\/wp\/v2\/users\/3"}],"replies":[{"embeddable":true,"href":"https:\/\/demos.thietkewebphumy.com\/taxi\/taxi-phumy\/wp-json\/wp\/v2\/comments?post=5023"}],"version-history":[{"count":2,"href":"https:\/\/demos.thietkewebphumy.com\/taxi\/taxi-phumy\/wp-json\/wp\/v2\/pages\/5023\/revisions"}],"predecessor-version":[{"id":5025,"href":"https:\/\/demos.thietkewebphumy.com\/taxi\/taxi-phumy\/wp-json\/wp\/v2\/pages\/5023\/revisions\/5025"}],"wp:attachment":[{"href":"https:\/\/demos.thietkewebphumy.com\/taxi\/taxi-phumy\/wp-json\/wp\/v2\/media?parent=5023"}],"curies":[{"name":"wp","href":"https:\/\/api.w.org\/{rel}","templated":true}]}}