{"id":4930,"date":"2024-08-16T09:57:39","date_gmt":"2024-08-16T02:57:39","guid":{"rendered":"http:\/\/localhost:81\/projects\/themes\/?page_id=4930"},"modified":"2024-08-23T09:26:41","modified_gmt":"2024-08-23T02:26:41","slug":"dia-diem-du-lich","status":"publish","type":"page","link":"https:\/\/demos.thietkewebphumy.com\/taxi\/taxi-phumy\/dia-diem-du-lich\/","title":{"rendered":"\u0110\u1ecba \u0111i\u1ec3m du l\u1ecbch"},"content":{"rendered":"\n\t<section class=\"section\" id=\"section_1806860521\">\n\t\t<div class=\"section-bg fill\" >\n\t\t\t\t\t\t\t\t\t\n\t\t\t\n\n\t\t<\/div>\n\n\t\t\n\n\t\t<div class=\"section-content relative\">\n\t\t\t\n\n<div class=\"row align-equal align-center\"  id=\"row-378737875\">\n\n\n\t<div id=\"col-16551727\" class=\"col medium-12 small-12 large-12\"  >\n\t\t\t\t<div class=\"col-inner text-center\"  >\n\t\t\t\n\t\t\t\n\n\t<div id=\"text-1908213641\" class=\"text\">\n\t\t\n\n<h1>TAXI PH\u00da M\u1ef8<\/h1>\n<p>\u201c\u0110\u01b0a b\u1ea1n \u0111\u1ebfn n\u01a1i b\u1ea1n c\u1ea7n \u0111\u1ebfn m\u1ed9t c\u00e1ch an to\u00e0n v\u00e0 \u0110\u00daNG GI\u1edc\u201d<\/p>\n\t\t\n<style>\n#text-1908213641 {\n  font-size: 1.75rem;\n  line-height: 2.4;\n  text-align: center;\n}\n@media (min-width:550px) {\n  #text-1908213641 {\n    font-size: 1.25rem;\n  }\n}\n<\/style>\n\t<\/div>\n\t\n<div class=\"row\"  id=\"row-1795647875\">\n\n\n\t<div id=\"col-833245551\" class=\"col medium-4 small-12 large-4\"  >\n\t\t\t\t<div class=\"col-inner\"  >\n\t\t\t\n\t\t\t\n\n\t<div class=\"img has-hover x md-x lg-x y md-y lg-y\" id=\"image_541072333\">\n\t\t<a class=\"image-lightbox lightbox-gallery\" title=\"\" href=\"https:\/\/demos.thietkewebphumy.com\/taxi\/taxi-phumy\/wp-content\/uploads\/2024\/08\/taxi_service_-1-1.jpg\">\t\t\t\t\t\t<div class=\"img-inner dark\" >\n\t\t\t<img loading=\"lazy\" decoding=\"async\" width=\"800\" height=\"800\" src=\"https:\/\/demos.thietkewebphumy.com\/taxi\/taxi-phumy\/wp-content\/uploads\/2024\/08\/taxi_service_-1-1-800x800.jpg\" class=\"attachment-large size-large\" alt=\"\" srcset=\"https:\/\/demos.thietkewebphumy.com\/taxi\/taxi-phumy\/wp-content\/uploads\/2024\/08\/taxi_service_-1-1-800x800.jpg 800w, https:\/\/demos.thietkewebphumy.com\/taxi\/taxi-phumy\/wp-content\/uploads\/2024\/08\/taxi_service_-1-1-400x400.jpg 400w, https:\/\/demos.thietkewebphumy.com\/taxi\/taxi-phumy\/wp-content\/uploads\/2024\/08\/taxi_service_-1-1-280x280.jpg 280w, https:\/\/demos.thietkewebphumy.com\/taxi\/taxi-phumy\/wp-content\/uploads\/2024\/08\/taxi_service_-1-1-768x768.jpg 768w, https:\/\/demos.thietkewebphumy.com\/taxi\/taxi-phumy\/wp-content\/uploads\/2024\/08\/taxi_service_-1-1-300x300.jpg 300w, https:\/\/demos.thietkewebphumy.com\/taxi\/taxi-phumy\/wp-content\/uploads\/2024\/08\/taxi_service_-1-1-600x600.jpg 600w, https:\/\/demos.thietkewebphumy.com\/taxi\/taxi-phumy\/wp-content\/uploads\/2024\/08\/taxi_service_-1-1-100x100.jpg 100w, https:\/\/demos.thietkewebphumy.com\/taxi\/taxi-phumy\/wp-content\/uploads\/2024\/08\/taxi_service_-1-1.jpg 1080w\" sizes=\"auto, (max-width: 800px) 100vw, 800px\" \/>\t\t\t\t\t\t\n\t\t\t\t\t<\/div>\n\t\t\t\t\t\t<\/a>\t\t\n<style>\n#image_541072333 {\n  width: 100%;\n}\n<\/style>\n\t<\/div>\n\t\n\n\n\t\t<\/div>\n\t\t\t\t\t<\/div>\n\n\t\n\n\t<div id=\"col-295365879\" class=\"col medium-4 small-12 large-4\"  >\n\t\t\t\t<div class=\"col-inner\"  >\n\t\t\t\n\t\t\t\n\n\t<div class=\"img has-hover x md-x lg-x y md-y lg-y\" id=\"image_1182619403\">\n\t\t<a class=\"image-lightbox lightbox-gallery\" title=\"\" href=\"https:\/\/demos.thietkewebphumy.com\/taxi\/taxi-phumy\/wp-content\/uploads\/2024\/08\/taxi_service_-3-1.jpg\">\t\t\t\t\t\t<div class=\"img-inner dark\" >\n\t\t\t<img loading=\"lazy\" decoding=\"async\" width=\"800\" height=\"800\" src=\"https:\/\/demos.thietkewebphumy.com\/taxi\/taxi-phumy\/wp-content\/uploads\/2024\/08\/taxi_service_-3-1-800x800.jpg\" class=\"attachment-large size-large\" alt=\"\" srcset=\"https:\/\/demos.thietkewebphumy.com\/taxi\/taxi-phumy\/wp-content\/uploads\/2024\/08\/taxi_service_-3-1-800x800.jpg 800w, https:\/\/demos.thietkewebphumy.com\/taxi\/taxi-phumy\/wp-content\/uploads\/2024\/08\/taxi_service_-3-1-400x400.jpg 400w, https:\/\/demos.thietkewebphumy.com\/taxi\/taxi-phumy\/wp-content\/uploads\/2024\/08\/taxi_service_-3-1-280x280.jpg 280w, https:\/\/demos.thietkewebphumy.com\/taxi\/taxi-phumy\/wp-content\/uploads\/2024\/08\/taxi_service_-3-1-768x768.jpg 768w, https:\/\/demos.thietkewebphumy.com\/taxi\/taxi-phumy\/wp-content\/uploads\/2024\/08\/taxi_service_-3-1-300x300.jpg 300w, https:\/\/demos.thietkewebphumy.com\/taxi\/taxi-phumy\/wp-content\/uploads\/2024\/08\/taxi_service_-3-1-600x600.jpg 600w, https:\/\/demos.thietkewebphumy.com\/taxi\/taxi-phumy\/wp-content\/uploads\/2024\/08\/taxi_service_-3-1-100x100.jpg 100w, https:\/\/demos.thietkewebphumy.com\/taxi\/taxi-phumy\/wp-content\/uploads\/2024\/08\/taxi_service_-3-1.jpg 1080w\" sizes=\"auto, (max-width: 800px) 100vw, 800px\" \/>\t\t\t\t\t\t\n\t\t\t\t\t<\/div>\n\t\t\t\t\t\t<\/a>\t\t\n<style>\n#image_1182619403 {\n  width: 100%;\n}\n<\/style>\n\t<\/div>\n\t\n\n\n\t\t<\/div>\n\t\t\t\t\t<\/div>\n\n\t\n\n\t<div id=\"col-2112965585\" class=\"col medium-4 small-12 large-4\"  >\n\t\t\t\t<div class=\"col-inner\"  >\n\t\t\t\n\t\t\t\n\n\t<div class=\"img has-hover x md-x lg-x y md-y lg-y\" id=\"image_1014334328\">\n\t\t<a class=\"image-lightbox lightbox-gallery\" title=\"\" href=\"https:\/\/demos.thietkewebphumy.com\/taxi\/taxi-phumy\/wp-content\/uploads\/2024\/08\/taxi_service_-2-1.jpg\">\t\t\t\t\t\t<div class=\"img-inner dark\" >\n\t\t\t<img loading=\"lazy\" decoding=\"async\" width=\"800\" height=\"800\" src=\"https:\/\/demos.thietkewebphumy.com\/taxi\/taxi-phumy\/wp-content\/uploads\/2024\/08\/taxi_service_-2-1-800x800.jpg\" class=\"attachment-large size-large\" alt=\"\" srcset=\"https:\/\/demos.thietkewebphumy.com\/taxi\/taxi-phumy\/wp-content\/uploads\/2024\/08\/taxi_service_-2-1-800x800.jpg 800w, https:\/\/demos.thietkewebphumy.com\/taxi\/taxi-phumy\/wp-content\/uploads\/2024\/08\/taxi_service_-2-1-400x400.jpg 400w, https:\/\/demos.thietkewebphumy.com\/taxi\/taxi-phumy\/wp-content\/uploads\/2024\/08\/taxi_service_-2-1-280x280.jpg 280w, https:\/\/demos.thietkewebphumy.com\/taxi\/taxi-phumy\/wp-content\/uploads\/2024\/08\/taxi_service_-2-1-768x768.jpg 768w, https:\/\/demos.thietkewebphumy.com\/taxi\/taxi-phumy\/wp-content\/uploads\/2024\/08\/taxi_service_-2-1-300x300.jpg 300w, https:\/\/demos.thietkewebphumy.com\/taxi\/taxi-phumy\/wp-content\/uploads\/2024\/08\/taxi_service_-2-1-600x600.jpg 600w, https:\/\/demos.thietkewebphumy.com\/taxi\/taxi-phumy\/wp-content\/uploads\/2024\/08\/taxi_service_-2-1-100x100.jpg 100w, https:\/\/demos.thietkewebphumy.com\/taxi\/taxi-phumy\/wp-content\/uploads\/2024\/08\/taxi_service_-2-1.jpg 1080w\" sizes=\"auto, (max-width: 800px) 100vw, 800px\" \/>\t\t\t\t\t\t\n\t\t\t\t\t<\/div>\n\t\t\t\t\t\t<\/a>\t\t\n<style>\n#image_1014334328 {\n  width: 100%;\n}\n<\/style>\n\t<\/div>\n\t\n\n\n\t\t<\/div>\n\t\t\t\t\t<\/div>\n\n\t\n\n<\/div>\n\n\t\t<\/div>\n\t\t\t\t\t<\/div>\n\n\t\n\n<\/div>\n\n\t\t<\/div>\n\n\t\t\n<style>\n#section_1806860521 {\n  padding-top: 10px;\n  padding-bottom: 10px;\n  background-color: rgb(255, 198, 26);\n}\n<\/style>\n\t<\/section>\n\t\n\n\t<section class=\"section\" id=\"section_2067323479\">\n\t\t<div class=\"section-bg fill\" >\n\t\t\t\t\t\t\t\t\t\n\t\t\t\n\n\t\t<\/div>\n\n\t\t\n\n\t\t<div class=\"section-content relative\">\n\t\t\t\n\n<div class=\"row\"  id=\"row-1280600353\">\n\n\n\t<div id=\"col-440828053\" class=\"col small-12 large-12\"  >\n\t\t\t\t<div class=\"col-inner\"  >\n\t\t\t\n\t\t\t\n\n\n  \n    <div class=\"row large-columns-3 medium-columns-1 small-columns-1 has-shadow row-box-shadow-1 row-box-shadow-1-hover\" >\n  <div class=\"col post-item\" >\n\t\t\t<div class=\"col-inner\">\n\t\t\t\t<div class=\"box box-default box-text-bottom box-blog-post has-hover\">\n            \t\t\t\t\t<div class=\"box-image\" >\n  \t\t\t\t\t\t<div class=\"image-cover\" style=\"padding-top:100%;\">\n\t\t\t\t\t\t\t<a href=\"https:\/\/demos.thietkewebphumy.com\/taxi\/taxi-phumy\/xe-dich-vu-di-tphcm-2\/\" class=\"plain\" aria-label=\"Xe d\u1ecbch v\u1ee5 \u0111i TPHCM\">\n\t\t\t\t\t\t\t\t<img loading=\"lazy\" decoding=\"async\" width=\"600\" height=\"337\" src=\"https:\/\/demos.thietkewebphumy.com\/taxi\/taxi-phumy\/wp-content\/uploads\/2024\/08\/hinh-anh-tphcm-1.jpg\" class=\"attachment-medium size-medium wp-post-image\" alt=\"\" \/>\t\t\t\t\t\t\t<\/a>\n  \t\t\t\t\t\t\t  \t\t\t\t\t\t\t  \t\t\t\t\t\t<\/div>\n  \t\t\t\t\t\t  \t\t\t\t\t<\/div>\n          \t\t\t\t\t<div class=\"box-text text-center\" >\n\t\t\t\t\t<div class=\"box-text-inner blog-post-inner\">\n\n\t\t\t\t\t\n\t\t\t\t\t\t\t\t\t\t<h5 class=\"post-title is-large \">\n\t\t\t\t\t\t<a href=\"https:\/\/demos.thietkewebphumy.com\/taxi\/taxi-phumy\/xe-dich-vu-di-tphcm-2\/\" class=\"plain\">Xe d\u1ecbch v\u1ee5 \u0111i TPHCM<\/a>\n\t\t\t\t\t<\/h5>\n\t\t\t\t\t\t\t\t\t\t<div class=\"is-divider\"><\/div>\n\t\t\t\t\t                    \n\t\t\t\t\t\n\t\t\t\t\t\n\t\t\t\t\t<\/div>\n\t\t\t\t\t<\/div>\n\t\t\t\t\t\t\t\t\t<\/div>\n\t\t\t<\/div>\n\t\t<\/div><div class=\"col post-item\" >\n\t\t\t<div class=\"col-inner\">\n\t\t\t\t<div class=\"box box-default box-text-bottom box-blog-post has-hover\">\n            \t\t\t\t\t<div class=\"box-image\" >\n  \t\t\t\t\t\t<div class=\"image-cover\" style=\"padding-top:100%;\">\n\t\t\t\t\t\t\t<a href=\"https:\/\/demos.thietkewebphumy.com\/taxi\/taxi-phumy\/xe-dich-vu-di-binh-duong\/\" class=\"plain\" aria-label=\"Xe d\u1ecbch v\u1ee5 \u0111i B\u00ecnh D\u01b0\u01a1ng\">\n\t\t\t\t\t\t\t\t<img loading=\"lazy\" decoding=\"async\" width=\"712\" height=\"400\" src=\"https:\/\/demos.thietkewebphumy.com\/taxi\/taxi-phumy\/wp-content\/uploads\/2024\/08\/dai-nam-binh-duong-712x400.jpg\" class=\"attachment-medium size-medium wp-post-image\" alt=\"\" srcset=\"https:\/\/demos.thietkewebphumy.com\/taxi\/taxi-phumy\/wp-content\/uploads\/2024\/08\/dai-nam-binh-duong-712x400.jpg 712w, https:\/\/demos.thietkewebphumy.com\/taxi\/taxi-phumy\/wp-content\/uploads\/2024\/08\/dai-nam-binh-duong-768x431.jpg 768w, https:\/\/demos.thietkewebphumy.com\/taxi\/taxi-phumy\/wp-content\/uploads\/2024\/08\/dai-nam-binh-duong-600x337.jpg 600w, https:\/\/demos.thietkewebphumy.com\/taxi\/taxi-phumy\/wp-content\/uploads\/2024\/08\/dai-nam-binh-duong.jpg 1024w\" sizes=\"auto, (max-width: 712px) 100vw, 712px\" \/>\t\t\t\t\t\t\t<\/a>\n  \t\t\t\t\t\t\t  \t\t\t\t\t\t\t  \t\t\t\t\t\t<\/div>\n  \t\t\t\t\t\t  \t\t\t\t\t<\/div>\n          \t\t\t\t\t<div class=\"box-text text-center\" >\n\t\t\t\t\t<div class=\"box-text-inner blog-post-inner\">\n\n\t\t\t\t\t\n\t\t\t\t\t\t\t\t\t\t<h5 class=\"post-title is-large \">\n\t\t\t\t\t\t<a href=\"https:\/\/demos.thietkewebphumy.com\/taxi\/taxi-phumy\/xe-dich-vu-di-binh-duong\/\" class=\"plain\">Xe d\u1ecbch v\u1ee5 \u0111i B\u00ecnh D\u01b0\u01a1ng<\/a>\n\t\t\t\t\t<\/h5>\n\t\t\t\t\t\t\t\t\t\t<div class=\"is-divider\"><\/div>\n\t\t\t\t\t                    \n\t\t\t\t\t\n\t\t\t\t\t\n\t\t\t\t\t<\/div>\n\t\t\t\t\t<\/div>\n\t\t\t\t\t\t\t\t\t<\/div>\n\t\t\t<\/div>\n\t\t<\/div><div class=\"col post-item\" >\n\t\t\t<div class=\"col-inner\">\n\t\t\t\t<div class=\"box box-default box-text-bottom box-blog-post has-hover\">\n            \t\t\t\t\t<div class=\"box-image\" >\n  \t\t\t\t\t\t<div class=\"image-cover\" style=\"padding-top:100%;\">\n\t\t\t\t\t\t\t<a href=\"https:\/\/demos.thietkewebphumy.com\/taxi\/taxi-phumy\/xe-dich-vu-di-lagi-binh-thuan\/\" class=\"plain\" aria-label=\"Xe d\u1ecbch v\u1ee5 \u0111i Lagi \u2013 B\u00ecnh Thu\u1eadn\">\n\t\t\t\t\t\t\t\t<img loading=\"lazy\" decoding=\"async\" width=\"600\" height=\"400\" src=\"https:\/\/demos.thietkewebphumy.com\/taxi\/taxi-phumy\/wp-content\/uploads\/2024\/08\/du-lich-lagi-binh-thuan.jpg\" class=\"attachment-medium size-medium wp-post-image\" alt=\"\" \/>\t\t\t\t\t\t\t<\/a>\n  \t\t\t\t\t\t\t  \t\t\t\t\t\t\t  \t\t\t\t\t\t<\/div>\n  \t\t\t\t\t\t  \t\t\t\t\t<\/div>\n          \t\t\t\t\t<div class=\"box-text text-center\" >\n\t\t\t\t\t<div class=\"box-text-inner blog-post-inner\">\n\n\t\t\t\t\t\n\t\t\t\t\t\t\t\t\t\t<h5 class=\"post-title is-large \">\n\t\t\t\t\t\t<a href=\"https:\/\/demos.thietkewebphumy.com\/taxi\/taxi-phumy\/xe-dich-vu-di-lagi-binh-thuan\/\" class=\"plain\">Xe d\u1ecbch v\u1ee5 \u0111i Lagi \u2013 B\u00ecnh Thu\u1eadn<\/a>\n\t\t\t\t\t<\/h5>\n\t\t\t\t\t\t\t\t\t\t<div class=\"is-divider\"><\/div>\n\t\t\t\t\t                    \n\t\t\t\t\t\n\t\t\t\t\t\n\t\t\t\t\t<\/div>\n\t\t\t\t\t<\/div>\n\t\t\t\t\t\t\t\t\t<\/div>\n\t\t\t<\/div>\n\t\t<\/div><div class=\"col post-item\" >\n\t\t\t<div class=\"col-inner\">\n\t\t\t\t<div class=\"box box-default box-text-bottom box-blog-post has-hover\">\n            \t\t\t\t\t<div class=\"box-image\" >\n  \t\t\t\t\t\t<div class=\"image-cover\" style=\"padding-top:100%;\">\n\t\t\t\t\t\t\t<a href=\"https:\/\/demos.thietkewebphumy.com\/taxi\/taxi-phumy\/xe-tham-quan-du-lich-ho-tram-ho-coc-2\/\" class=\"plain\" aria-label=\"Xe tham quan du l\u1ecbch H\u1ed3 Tr\u00e0m \u2013 H\u1ed3 C\u1ed1c\">\n\t\t\t\t\t\t\t\t<img loading=\"lazy\" decoding=\"async\" width=\"602\" height=\"400\" src=\"https:\/\/demos.thietkewebphumy.com\/taxi\/taxi-phumy\/wp-content\/uploads\/2024\/08\/ho-coc-vung-tau-602x400.jpg\" class=\"attachment-medium size-medium wp-post-image\" alt=\"\" srcset=\"https:\/\/demos.thietkewebphumy.com\/taxi\/taxi-phumy\/wp-content\/uploads\/2024\/08\/ho-coc-vung-tau-602x400.jpg 602w, https:\/\/demos.thietkewebphumy.com\/taxi\/taxi-phumy\/wp-content\/uploads\/2024\/08\/ho-coc-vung-tau-600x399.jpg 600w, https:\/\/demos.thietkewebphumy.com\/taxi\/taxi-phumy\/wp-content\/uploads\/2024\/08\/ho-coc-vung-tau.jpg 700w\" sizes=\"auto, (max-width: 602px) 100vw, 602px\" \/>\t\t\t\t\t\t\t<\/a>\n  \t\t\t\t\t\t\t  \t\t\t\t\t\t\t  \t\t\t\t\t\t<\/div>\n  \t\t\t\t\t\t  \t\t\t\t\t<\/div>\n          \t\t\t\t\t<div class=\"box-text text-center\" >\n\t\t\t\t\t<div class=\"box-text-inner blog-post-inner\">\n\n\t\t\t\t\t\n\t\t\t\t\t\t\t\t\t\t<h5 class=\"post-title is-large \">\n\t\t\t\t\t\t<a href=\"https:\/\/demos.thietkewebphumy.com\/taxi\/taxi-phumy\/xe-tham-quan-du-lich-ho-tram-ho-coc-2\/\" class=\"plain\">Xe tham quan du l\u1ecbch H\u1ed3 Tr\u00e0m \u2013 H\u1ed3 C\u1ed1c<\/a>\n\t\t\t\t\t<\/h5>\n\t\t\t\t\t\t\t\t\t\t<div class=\"is-divider\"><\/div>\n\t\t\t\t\t                    \n\t\t\t\t\t\n\t\t\t\t\t\n\t\t\t\t\t<\/div>\n\t\t\t\t\t<\/div>\n\t\t\t\t\t\t\t\t\t<\/div>\n\t\t\t<\/div>\n\t\t<\/div><div class=\"col post-item\" >\n\t\t\t<div class=\"col-inner\">\n\t\t\t\t<div class=\"box box-default box-text-bottom box-blog-post has-hover\">\n            \t\t\t\t\t<div class=\"box-image\" >\n  \t\t\t\t\t\t<div class=\"image-cover\" style=\"padding-top:100%;\">\n\t\t\t\t\t\t\t<a href=\"https:\/\/demos.thietkewebphumy.com\/taxi\/taxi-phumy\/xe-tham-quan-du-lich-long-hai-2\/\" class=\"plain\" aria-label=\"Xe tham quan du l\u1ecbch Long H\u1ea3i\">\n\t\t\t\t\t\t\t\t<img loading=\"lazy\" decoding=\"async\" width=\"608\" height=\"400\" src=\"https:\/\/demos.thietkewebphumy.com\/taxi\/taxi-phumy\/wp-content\/uploads\/2024\/08\/dinh-co-mo-co-long-hai-608x400.jpg\" class=\"attachment-medium size-medium wp-post-image\" alt=\"\" srcset=\"https:\/\/demos.thietkewebphumy.com\/taxi\/taxi-phumy\/wp-content\/uploads\/2024\/08\/dinh-co-mo-co-long-hai-608x400.jpg 608w, https:\/\/demos.thietkewebphumy.com\/taxi\/taxi-phumy\/wp-content\/uploads\/2024\/08\/dinh-co-mo-co-long-hai-768x505.jpg 768w, https:\/\/demos.thietkewebphumy.com\/taxi\/taxi-phumy\/wp-content\/uploads\/2024\/08\/dinh-co-mo-co-long-hai-600x395.jpg 600w, https:\/\/demos.thietkewebphumy.com\/taxi\/taxi-phumy\/wp-content\/uploads\/2024\/08\/dinh-co-mo-co-long-hai.jpg 800w\" sizes=\"auto, (max-width: 608px) 100vw, 608px\" \/>\t\t\t\t\t\t\t<\/a>\n  \t\t\t\t\t\t\t  \t\t\t\t\t\t\t  \t\t\t\t\t\t<\/div>\n  \t\t\t\t\t\t  \t\t\t\t\t<\/div>\n          \t\t\t\t\t<div class=\"box-text text-center\" >\n\t\t\t\t\t<div class=\"box-text-inner blog-post-inner\">\n\n\t\t\t\t\t\n\t\t\t\t\t\t\t\t\t\t<h5 class=\"post-title is-large \">\n\t\t\t\t\t\t<a href=\"https:\/\/demos.thietkewebphumy.com\/taxi\/taxi-phumy\/xe-tham-quan-du-lich-long-hai-2\/\" class=\"plain\">Xe tham quan du l\u1ecbch Long H\u1ea3i<\/a>\n\t\t\t\t\t<\/h5>\n\t\t\t\t\t\t\t\t\t\t<div class=\"is-divider\"><\/div>\n\t\t\t\t\t                    \n\t\t\t\t\t\n\t\t\t\t\t\n\t\t\t\t\t<\/div>\n\t\t\t\t\t<\/div>\n\t\t\t\t\t\t\t\t\t<\/div>\n\t\t\t<\/div>\n\t\t<\/div><div class=\"col post-item\" >\n\t\t\t<div class=\"col-inner\">\n\t\t\t\t<div class=\"box box-default box-text-bottom box-blog-post has-hover\">\n            \t\t\t\t\t<div class=\"box-image\" >\n  \t\t\t\t\t\t<div class=\"image-cover\" style=\"padding-top:100%;\">\n\t\t\t\t\t\t\t<a href=\"https:\/\/demos.thietkewebphumy.com\/taxi\/taxi-phumy\/xe-tham-quan-du-lich-vung-tau-2\/\" class=\"plain\" aria-label=\"Xe tham quan du l\u1ecbch V\u0169ng T\u00e0u\">\n\t\t\t\t\t\t\t\t<img loading=\"lazy\" decoding=\"async\" width=\"800\" height=\"360\" src=\"https:\/\/demos.thietkewebphumy.com\/taxi\/taxi-phumy\/wp-content\/uploads\/2024\/08\/du-lich-vung-tau-800x360.jpg\" class=\"attachment-medium size-medium wp-post-image\" alt=\"\" srcset=\"https:\/\/demos.thietkewebphumy.com\/taxi\/taxi-phumy\/wp-content\/uploads\/2024\/08\/du-lich-vung-tau-800x360.jpg 800w, https:\/\/demos.thietkewebphumy.com\/taxi\/taxi-phumy\/wp-content\/uploads\/2024\/08\/du-lich-vung-tau-1400x630.jpg 1400w, https:\/\/demos.thietkewebphumy.com\/taxi\/taxi-phumy\/wp-content\/uploads\/2024\/08\/du-lich-vung-tau-768x346.jpg 768w, https:\/\/demos.thietkewebphumy.com\/taxi\/taxi-phumy\/wp-content\/uploads\/2024\/08\/du-lich-vung-tau-1536x691.jpg 1536w, https:\/\/demos.thietkewebphumy.com\/taxi\/taxi-phumy\/wp-content\/uploads\/2024\/08\/du-lich-vung-tau-600x270.jpg 600w, https:\/\/demos.thietkewebphumy.com\/taxi\/taxi-phumy\/wp-content\/uploads\/2024\/08\/du-lich-vung-tau.jpg 1600w\" sizes=\"auto, (max-width: 800px) 100vw, 800px\" \/>\t\t\t\t\t\t\t<\/a>\n  \t\t\t\t\t\t\t  \t\t\t\t\t\t\t  \t\t\t\t\t\t<\/div>\n  \t\t\t\t\t\t  \t\t\t\t\t<\/div>\n          \t\t\t\t\t<div class=\"box-text text-center\" >\n\t\t\t\t\t<div class=\"box-text-inner blog-post-inner\">\n\n\t\t\t\t\t\n\t\t\t\t\t\t\t\t\t\t<h5 class=\"post-title is-large \">\n\t\t\t\t\t\t<a href=\"https:\/\/demos.thietkewebphumy.com\/taxi\/taxi-phumy\/xe-tham-quan-du-lich-vung-tau-2\/\" class=\"plain\">Xe tham quan du l\u1ecbch V\u0169ng T\u00e0u<\/a>\n\t\t\t\t\t<\/h5>\n\t\t\t\t\t\t\t\t\t\t<div class=\"is-divider\"><\/div>\n\t\t\t\t\t                    \n\t\t\t\t\t\n\t\t\t\t\t\n\t\t\t\t\t<\/div>\n\t\t\t\t\t<\/div>\n\t\t\t\t\t\t\t\t\t<\/div>\n\t\t\t<\/div>\n\t\t<\/div><div class=\"col post-item\" >\n\t\t\t<div class=\"col-inner\">\n\t\t\t\t<div class=\"box box-default box-text-bottom box-blog-post has-hover\">\n            \t\t\t\t\t<div class=\"box-image\" >\n  \t\t\t\t\t\t<div class=\"image-cover\" style=\"padding-top:100%;\">\n\t\t\t\t\t\t\t<a href=\"https:\/\/demos.thietkewebphumy.com\/taxi\/taxi-phumy\/xe-dich-vu-di-da-lat-lam-dong\/\" class=\"plain\" aria-label=\"Xe d\u1ecbch v\u1ee5 \u0111i \u0110\u00e0 L\u1ea1t \u2013 L\u00e2m \u0110\u1ed3ng\">\n\t\t\t\t\t\t\t\t<img loading=\"lazy\" decoding=\"async\" width=\"711\" height=\"400\" src=\"https:\/\/demos.thietkewebphumy.com\/taxi\/taxi-phumy\/wp-content\/uploads\/2024\/08\/quang_truong_lam_vien_da_lat-711x400.jpg\" class=\"attachment-medium size-medium wp-post-image\" alt=\"\" srcset=\"https:\/\/demos.thietkewebphumy.com\/taxi\/taxi-phumy\/wp-content\/uploads\/2024\/08\/quang_truong_lam_vien_da_lat-711x400.jpg 711w, https:\/\/demos.thietkewebphumy.com\/taxi\/taxi-phumy\/wp-content\/uploads\/2024\/08\/quang_truong_lam_vien_da_lat-768x432.jpg 768w, https:\/\/demos.thietkewebphumy.com\/taxi\/taxi-phumy\/wp-content\/uploads\/2024\/08\/quang_truong_lam_vien_da_lat-600x338.jpg 600w, https:\/\/demos.thietkewebphumy.com\/taxi\/taxi-phumy\/wp-content\/uploads\/2024\/08\/quang_truong_lam_vien_da_lat.jpg 1280w\" sizes=\"auto, (max-width: 711px) 100vw, 711px\" \/>\t\t\t\t\t\t\t<\/a>\n  \t\t\t\t\t\t\t  \t\t\t\t\t\t\t  \t\t\t\t\t\t<\/div>\n  \t\t\t\t\t\t  \t\t\t\t\t<\/div>\n          \t\t\t\t\t<div class=\"box-text text-center\" >\n\t\t\t\t\t<div class=\"box-text-inner blog-post-inner\">\n\n\t\t\t\t\t\n\t\t\t\t\t\t\t\t\t\t<h5 class=\"post-title is-large \">\n\t\t\t\t\t\t<a href=\"https:\/\/demos.thietkewebphumy.com\/taxi\/taxi-phumy\/xe-dich-vu-di-da-lat-lam-dong\/\" class=\"plain\">Xe d\u1ecbch v\u1ee5 \u0111i \u0110\u00e0 L\u1ea1t \u2013 L\u00e2m \u0110\u1ed3ng<\/a>\n\t\t\t\t\t<\/h5>\n\t\t\t\t\t\t\t\t\t\t<div class=\"is-divider\"><\/div>\n\t\t\t\t\t                    \n\t\t\t\t\t\n\t\t\t\t\t\n\t\t\t\t\t<\/div>\n\t\t\t\t\t<\/div>\n\t\t\t\t\t\t\t\t\t<\/div>\n\t\t\t<\/div>\n\t\t<\/div><div class=\"col post-item\" >\n\t\t\t<div class=\"col-inner\">\n\t\t\t\t<div class=\"box box-default box-text-bottom box-blog-post has-hover\">\n            \t\t\t\t\t<div class=\"box-image\" >\n  \t\t\t\t\t\t<div class=\"image-cover\" style=\"padding-top:100%;\">\n\t\t\t\t\t\t\t<a href=\"https:\/\/demos.thietkewebphumy.com\/taxi\/taxi-phumy\/xe-dich-vu-di-bien-hoa\/\" class=\"plain\" aria-label=\"Xe d\u1ecbch v\u1ee5 \u0111i Bi\u00ean H\u00f2a\">\n\t\t\t\t\t\t\t\t<img loading=\"lazy\" decoding=\"async\" width=\"512\" height=\"342\" src=\"https:\/\/demos.thietkewebphumy.com\/taxi\/taxi-phumy\/wp-content\/uploads\/2024\/08\/Buu-Long-Dong-Nai.jpg\" class=\"attachment-medium size-medium wp-post-image\" alt=\"\" \/>\t\t\t\t\t\t\t<\/a>\n  \t\t\t\t\t\t\t  \t\t\t\t\t\t\t  \t\t\t\t\t\t<\/div>\n  \t\t\t\t\t\t  \t\t\t\t\t<\/div>\n          \t\t\t\t\t<div class=\"box-text text-center\" >\n\t\t\t\t\t<div class=\"box-text-inner blog-post-inner\">\n\n\t\t\t\t\t\n\t\t\t\t\t\t\t\t\t\t<h5 class=\"post-title is-large \">\n\t\t\t\t\t\t<a href=\"https:\/\/demos.thietkewebphumy.com\/taxi\/taxi-phumy\/xe-dich-vu-di-bien-hoa\/\" class=\"plain\">Xe d\u1ecbch v\u1ee5 \u0111i Bi\u00ean H\u00f2a<\/a>\n\t\t\t\t\t<\/h5>\n\t\t\t\t\t\t\t\t\t\t<div class=\"is-divider\"><\/div>\n\t\t\t\t\t                    \n\t\t\t\t\t\n\t\t\t\t\t\n\t\t\t\t\t<\/div>\n\t\t\t\t\t<\/div>\n\t\t\t\t\t\t\t\t\t<\/div>\n\t\t\t<\/div>\n\t\t<\/div><\/div>\n\n\n\t\t<\/div>\n\t\t\t\t\t<\/div>\n\n\t\n\n<\/div>\n\n\t\t<\/div>\n\n\t\t\n<style>\n#section_2067323479 {\n  padding-top: 30px;\n  padding-bottom: 30px;\n}\n<\/style>\n\t<\/section>\n\t","protected":false},"excerpt":{"rendered":"","protected":false},"author":1,"featured_media":0,"parent":0,"menu_order":0,"comment_status":"closed","ping_status":"closed","template":"page-blank.php","meta":{"footnotes":""},"class_list":["post-4930","page","type-page","status-publish","hentry"],"_links":{"self":[{"href":"https:\/\/demos.thietkewebphumy.com\/taxi\/taxi-phumy\/wp-json\/wp\/v2\/pages\/4930","targetHints":{"allow":["GET"]}}],"collection":[{"href":"https:\/\/demos.thietkewebphumy.com\/taxi\/taxi-phumy\/wp-json\/wp\/v2\/pages"}],"about":[{"href":"https:\/\/demos.thietkewebphumy.com\/taxi\/taxi-phumy\/wp-json\/wp\/v2\/types\/page"}],"author":[{"embeddable":true,"href":"https:\/\/demos.thietkewebphumy.com\/taxi\/taxi-phumy\/wp-json\/wp\/v2\/users\/1"}],"replies":[{"embeddable":true,"href":"https:\/\/demos.thietkewebphumy.com\/taxi\/taxi-phumy\/wp-json\/wp\/v2\/comments?post=4930"}],"version-history":[{"count":6,"href":"https:\/\/demos.thietkewebphumy.com\/taxi\/taxi-phumy\/wp-json\/wp\/v2\/pages\/4930\/revisions"}],"predecessor-version":[{"id":5586,"href":"https:\/\/demos.thietkewebphumy.com\/taxi\/taxi-phumy\/wp-json\/wp\/v2\/pages\/4930\/revisions\/5586"}],"wp:attachment":[{"href":"https:\/\/demos.thietkewebphumy.com\/taxi\/taxi-phumy\/wp-json\/wp\/v2\/media?parent=4930"}],"curies":[{"name":"wp","href":"https:\/\/api.w.org\/{rel}","templated":true}]}}